{"id":118882,"date":"2024-11-29T00:00:00","date_gmt":"2024-11-28T23:00:00","guid":{"rendered":"https:\/\/gpl-love.com\/fr\/produit\/easy-digital-downloads-per-product-emails\/"},"modified":"2026-03-20T23:02:20","modified_gmt":"2026-03-20T22:02:20","slug":"easy-digital-downloads-per-product-emails","status":"publish","type":"product","link":"https:\/\/gpl-love.com\/fr\/produit\/easy-digital-downloads-per-product-emails\/","title":{"rendered":"Easy Digital Downloads Per Product Emails 2.0.1"},"content":{"rendered":"<h3>Easy Digital Downloads Per Product Emails Traits<\/h3>\n<p>Les t\u00e9l\u00e9chargements num\u00e9riques faciles par e-mails de produit sont un outil remarquablement robuste et influent con\u00e7u sp\u00e9cifiquement pour les marchands en ligne qui utilisent la plate-forme de t\u00e9l\u00e9chargements num\u00e9riques faciles. Ce plugin ing\u00e9nieux permet aux commer\u00e7ants de concevoir sans effort des campagnes de messagerie automatis\u00e9es uniques et automatis\u00e9es avec chaque produit individuel log\u00e9 dans leur boutique en ligne. Notamment, ce plugin accorde aux commer\u00e7ants la capacit\u00e9 remarquable de personnaliser m\u00e9ticuleusement les mod\u00e8les de messagerie, de cibler m\u00e9ticuleusement et de faire appel \u00e0 des groupes de clients sp\u00e9cifiques, et de surveiller et d&rsquo;\u00e9valuer scrupuleusement les taux d&rsquo;engagement par e-mail. Par cons\u00e9quent, les commer\u00e7ants sont capables d&rsquo;\u00e9tablir et de favoriser de mani\u00e8re transparente un lien profond et significatif avec leur client\u00e8le estim\u00e9e, augmentant ainsi leurs interactions \u00e0 un niveau de personnalisation sans pr\u00e9c\u00e9dent. En int\u00e9grant astucieusement ce plugin ing\u00e9nieux dans leur arsenal, les commer\u00e7ants peuvent renforcer efficacement l&rsquo;engagement des clients et augmenter efficacement les ventes de fa\u00e7on exponentielle, tout en optimisant rapidement et sans effort leurs efforts de marketing par e-mail. Lorsqu&rsquo;il est visualis\u00e9 de mani\u00e8re globale, il devient ind\u00e9niablement \u00e9vident que les t\u00e9l\u00e9chargements num\u00e9riques faciles par e-mails de produit sont un investissement absolument indispensable et astucieux pour tout marchand exigeant cherchant \u00e0 r\u00e9volutionner et \u00e0 am\u00e9liorer leur strat\u00e9gie de marketing par e-mail actuelle.<\/p>\n<ul>\n<li>Envoie des e-mails personnalis\u00e9s aux clients pour chaque produit achet\u00e9<\/li>\n<li>Fonctionne de mani\u00e8re transparente avec le plugin de t\u00e9l\u00e9chargements num\u00e9riques faciles<\/li>\n<li>Fournit une touche professionnelle et personnalis\u00e9e \u00e0 la communication client<\/li>\n<li>Peut inclure des informations sur le produit, des d\u00e9tails d&rsquo;achat et des offres ou des promotions sp\u00e9ciales<\/li>\n<li>Gagnez du temps en automatisant le processus de messagerie<\/li>\n<li>Am\u00e9liore la satisfaction des clients en fournissant des informations pertinentes et opportunes<\/li>\n<li>Peut \u00eatre personnalis\u00e9 avec votre propre style de marque et d&rsquo;\u00e9criture<\/li>\n<li>Aide \u00e0 augmenter les ventes en faisant la promotion de produits ou de ventes ascendantes dans l&rsquo;e-mail<\/li>\n<li>Permet la segmentation des clients en fonction de leur historique d&rsquo;achat pour le marketing cibl\u00e9<\/li>\n<li>Fournit un aper\u00e7u du comportement et des pr\u00e9f\u00e9rences du client en fonction de leur r\u00e9ponse aux e-mails.<\/li>\n<\/ul>\n","protected":false},"excerpt":{"rendered":"<p>Les t\u00e9l\u00e9chargements num\u00e9riques faciles par e-mails sont un plugin incroyablement robuste et convivial qui vous accorde la possibilit\u00e9 d&rsquo;envoyer des e-mails exceptionnellement personnalis\u00e9s et personnalis\u00e9s \u00e0 vos clients estim\u00e9s, tous en fonction des produits qu&rsquo;ils ont achet\u00e9s avec diligence. En utilisant ce plugin extraordinaire, vous pouvez cr\u00e9er des mod\u00e8les de messagerie extraordinaires, chacun distinctement personnalis\u00e9 pour chaque produit de votre vaste r\u00e9pertoire. De plus, vous avez la capacit\u00e9 d&rsquo;incorporer sans effort des images captivantes et des hyperliens dans vos e-mails, am\u00e9liorant ainsi davantage et augmentant l&rsquo;attrait visuel global. De plus, vous pouvez m\u00eame inclure un contenu dynamique qui est intimement li\u00e9 \u00e0 l&rsquo;historique d&rsquo;achat sp\u00e9cifique de chaque client individuel. Que votre objectif principal soit de leur offrir des bonnes affaires et des remises irr\u00e9sistibles, de leur fournir un support in\u00e9gal\u00e9 et des mises \u00e0 jour de produits indispensables, ou simplement pour exprimer votre gratitude sinc\u00e8re pour leur patronage in\u00e9branlable, assurez-vous que les t\u00e9l\u00e9chargements num\u00e9riques faciles par e-mails de produit faciliteront et faciliteront et faciliteront et faciliteront et faciliteront et s&rsquo;\u00e9tablissent et ne faciliteront pas et nettement de mani\u00e8re transparente et facilitent et facilitent et facilitent et facilitent la fassettet\u00e9 et de faciliter la fassettet\u00e9 et de faciliter la fassettet\u00e9 et de faciliter la fassette partie et rationalisez vos efforts de communication, vous permettant ainsi de favoriser et de cultiver des relations exceptionnellement fortes et mutuellement b\u00e9n\u00e9fiques avec vos clients estim\u00e9s.<\/p>\n","protected":false},"featured_media":143638,"comment_status":"open","ping_status":"open","template":"","meta":[],"product_brand":[2523],"product_cat":[1182,1223,1181],"product_tag":[1255],"class_list":{"0":"post-118882","1":"product","2":"type-product","3":"status-publish","4":"has-post-thumbnail","6":"product_brand-easy-digital-downloads","7":"product_cat-commerce-electronique-plugins","8":"product_cat-personnalisation-commerce-electronique-plugins","9":"product_cat-plugins","10":"product_tag-easy-digital-downloads","11":"member-discount","12":"discount-restricted","14":"first","15":"instock","16":"sale","17":"downloadable","18":"virtual","19":"sold-individually","20":"purchasable","21":"product-type-simple"},"_links":{"self":[{"href":"https:\/\/gpl-love.com\/fr\/wp-json\/wp\/v2\/product\/118882","targetHints":{"allow":["GET"]}}],"collection":[{"href":"https:\/\/gpl-love.com\/fr\/wp-json\/wp\/v2\/product"}],"about":[{"href":"https:\/\/gpl-love.com\/fr\/wp-json\/wp\/v2\/types\/product"}],"replies":[{"embeddable":true,"href":"https:\/\/gpl-love.com\/fr\/wp-json\/wp\/v2\/comments?post=118882"}],"wp:featuredmedia":[{"embeddable":true,"href":"https:\/\/gpl-love.com\/fr\/wp-json\/wp\/v2\/media\/143638"}],"wp:attachment":[{"href":"https:\/\/gpl-love.com\/fr\/wp-json\/wp\/v2\/media?parent=118882"}],"wp:term":[{"taxonomy":"product_brand","embeddable":true,"href":"https:\/\/gpl-love.com\/fr\/wp-json\/wp\/v2\/product_brand?post=118882"},{"taxonomy":"product_cat","embeddable":true,"href":"https:\/\/gpl-love.com\/fr\/wp-json\/wp\/v2\/product_cat?post=118882"},{"taxonomy":"product_tag","embeddable":true,"href":"https:\/\/gpl-love.com\/fr\/wp-json\/wp\/v2\/product_tag?post=118882"}],"curies":[{"name":"wp","href":"https:\/\/api.w.org\/{rel}","templated":true}]}}