{"id":118880,"date":"2021-10-22T00:00:00","date_gmt":"2021-10-21T22:00:00","guid":{"rendered":"https:\/\/gpl-love.com\/fr\/produit\/easy-digital-downloads-pdf-vouchers\/"},"modified":"2026-03-20T23:02:19","modified_gmt":"2026-03-20T22:02:19","slug":"easy-digital-downloads-pdf-vouchers","status":"publish","type":"product","link":"https:\/\/gpl-love.com\/fr\/produit\/easy-digital-downloads-pdf-vouchers\/","title":{"rendered":"Easy Digital Downloads PDF Vouchers 2.1.3"},"content":{"rendered":"<h3>Easy Digital Downloads PDF Vouchers Traits<\/h3>\n<p>Les t\u00e9l\u00e9chargements num\u00e9riques faciles PDF sont un outil exceptionnel qui r\u00e9pond aux besoins des entreprises et des particuliers en leur offrant la possibilit\u00e9 d&rsquo;offrir \u00e0 leurs clients des bons ou des coupons de cadeaux. Ce produit tr\u00e8s efficace permet aux utilisateurs de cr\u00e9er et de personnaliser sans effort les bons PDF en fonction de leurs propres pr\u00e9f\u00e9rences, en incorporant leurs conceptions, texte et logos uniques. En outre, les utilisateurs peuvent \u00e9tablir des codes de bons, des dates d&rsquo;expiration et divers autres param\u00e8tres pour exercer un contr\u00f4le sur l&rsquo;utilisation de leurs bons. La commodit\u00e9 de la livraison par e-mail garantit que les clients re\u00e7oivent rapidement leurs bons, qui peuvent ensuite \u00eatre commod\u00e9ment \u00e9chang\u00e9s en ligne et en personne. Avec sa simplicit\u00e9, sa polyvalence et sa rentabilit\u00e9, les t\u00e9l\u00e9chargements num\u00e9riques Easy Digital sont un atout inestimable pour renforcer les ventes, r\u00e9compenser les clients fid\u00e8les et favoriser la promotion de la marque.<\/p>\n<ul>\n<li>Vous permet de cr\u00e9er et de vendre des bons PDF avec des t\u00e9l\u00e9chargements num\u00e9riques faciles<\/li>\n<li>Parfait pour les entreprises qui souhaitent vendre des certificats-cadeaux, des billets ou d&rsquo;autres articles \u00e9changeables<\/li>\n<li>Conception de bon personnalisable avec votre propre logo et votre marque<\/li>\n<li>Option pour d\u00e9finir les dates d&rsquo;expiration des bons, les emplacements de rachat et autres restrictions<\/li>\n<li>Les clients re\u00e7oivent un code de bon unique par e-mail et peuvent facilement le racheter sur votre site Web<\/li>\n<li>S&rsquo;int\u00e8gre aux passerelles de paiement populaires, y compris PayPal et Stripe<\/li>\n<li>Rapports d\u00e9taill\u00e9s et suivi des ventes de bons et des rachats<\/li>\n<li>Compatible avec les th\u00e8mes et plugins WordPress populaires<\/li>\n<li>Offre un support multi-langues pour les entreprises internationales<\/li>\n<li>Adapt\u00e9 aux d\u00e9veloppeurs avec code open source et documentation \u00e9tendue pour la personnalisation et l&rsquo;int\u00e9gration.<\/li>\n<\/ul>\n","protected":false},"excerpt":{"rendered":"<p>Les t\u00e9l\u00e9chargements num\u00e9riques faciles PDF sont une extension exceptionnellement robuste qui vous accorde la capacit\u00e9 remarquable de fa\u00e7onner des bons PDF personnalis\u00e9s et personnalis\u00e9s pour votre boutique en ligne estim\u00e9e, am\u00e9liorant ainsi son efficacit\u00e9 et son attrait globaux. Cette extension tr\u00e8s avanc\u00e9e vous permet de g\u00e9n\u00e9rer et de fournir sans effort un \u00e9ventail de bons que vos clients estim\u00e9s peuvent utiliser commod\u00e9ment pour se procurer votre gamme in\u00e9gal\u00e9e de produits exceptionnels, de services in\u00e9gal\u00e9s et d&rsquo;\u00e9v\u00e9nements extraordinaires. De plus, cette extension sans \u00e9gal vous accorde \u00e9galement un contr\u00f4le et une ma\u00eetrise sans pr\u00e9c\u00e9dent sur la gestion et le suivi de ces bons, vous permettant d&rsquo;\u00e9tablir efficacement les dates d&rsquo;expiration, de r\u00e9duire l&rsquo;utilisation et de fa\u00e7onner la conception d&rsquo;une mani\u00e8re qui s&rsquo;harmonise de mani\u00e8re transparente avec l&rsquo;esth\u00e9tique globale de votre marque estim\u00e9e marque . En tirant parti des fonctionnalit\u00e9s dynamiques et de la polyvalence in\u00e9gal\u00e9e des bons de t\u00e9l\u00e9chargements num\u00e9riques faciles, vous avez la capacit\u00e9 unique de pr\u00e9senter \u00e0 vos clients estim\u00e9s une exp\u00e9rience d&rsquo;achat incomparable et incomparable, solidant ainsi leur fid\u00e9lit\u00e9 et leur confiance dans votre marque.<\/p>\n","protected":false},"featured_media":143637,"comment_status":"open","ping_status":"open","template":"","meta":[],"product_brand":[2523],"product_cat":[1182,1223,1181],"product_tag":[1255],"class_list":{"0":"post-118880","1":"product","2":"type-product","3":"status-publish","4":"has-post-thumbnail","6":"product_brand-easy-digital-downloads","7":"product_cat-commerce-electronique-plugins","8":"product_cat-personnalisation-commerce-electronique-plugins","9":"product_cat-plugins","10":"product_tag-easy-digital-downloads","11":"member-discount","12":"discount-restricted","14":"first","15":"instock","16":"sale","17":"downloadable","18":"virtual","19":"sold-individually","20":"purchasable","21":"product-type-simple"},"_links":{"self":[{"href":"https:\/\/gpl-love.com\/fr\/wp-json\/wp\/v2\/product\/118880","targetHints":{"allow":["GET"]}}],"collection":[{"href":"https:\/\/gpl-love.com\/fr\/wp-json\/wp\/v2\/product"}],"about":[{"href":"https:\/\/gpl-love.com\/fr\/wp-json\/wp\/v2\/types\/product"}],"replies":[{"embeddable":true,"href":"https:\/\/gpl-love.com\/fr\/wp-json\/wp\/v2\/comments?post=118880"}],"wp:featuredmedia":[{"embeddable":true,"href":"https:\/\/gpl-love.com\/fr\/wp-json\/wp\/v2\/media\/143637"}],"wp:attachment":[{"href":"https:\/\/gpl-love.com\/fr\/wp-json\/wp\/v2\/media?parent=118880"}],"wp:term":[{"taxonomy":"product_brand","embeddable":true,"href":"https:\/\/gpl-love.com\/fr\/wp-json\/wp\/v2\/product_brand?post=118880"},{"taxonomy":"product_cat","embeddable":true,"href":"https:\/\/gpl-love.com\/fr\/wp-json\/wp\/v2\/product_cat?post=118880"},{"taxonomy":"product_tag","embeddable":true,"href":"https:\/\/gpl-love.com\/fr\/wp-json\/wp\/v2\/product_tag?post=118880"}],"curies":[{"name":"wp","href":"https:\/\/api.w.org\/{rel}","templated":true}]}}