{"id":118878,"date":"2021-02-09T00:00:00","date_gmt":"2021-02-08T23:00:00","guid":{"rendered":"https:\/\/gpl-love.com\/fr\/produit\/easy-digital-downloads-paypal-payments-advanced\/"},"modified":"2026-03-20T23:02:17","modified_gmt":"2026-03-20T22:02:17","slug":"easy-digital-downloads-paypal-payments-advanced","status":"publish","type":"product","link":"https:\/\/gpl-love.com\/fr\/produit\/easy-digital-downloads-paypal-payments-advanced\/","title":{"rendered":"Easy Digital Downloads PayPal Payments Advanced 1.1.1"},"content":{"rendered":"<h3>Easy Digital Downloads PayPal Payments Advanced Traits<\/h3>\n<p>T\u00e9l\u00e9chargements num\u00e9riques Easy PayPal Payments Advanced est un plugin de passerelle de paiement exceptionnel qui a \u00e9t\u00e9 sp\u00e9cifiquement con\u00e7u pour la plate-forme de t\u00e9l\u00e9chargements num\u00e9riques faciles. Ce plugin remarquable permet aux utilisateurs d&rsquo;accepter de mani\u00e8re transparente les paiements via PayPal, tout en leur accordant simultan\u00e9ment l&rsquo;acc\u00e8s \u00e0 une pl\u00e9thore de fonctionnalit\u00e9s suppl\u00e9mentaires qui am\u00e9liorent vraiment l&rsquo;exp\u00e9rience de paiement globale. Ces fonctionnalit\u00e9s ajout\u00e9es englobent la possibilit\u00e9 de personnaliser et d&rsquo;adapter le processus de paiement en fonction de ses pr\u00e9f\u00e9rences, de g\u00e9rer efficacement les paiements r\u00e9currents et d&rsquo;\u00e9mettre sans effort des remboursements chaque fois que cela est n\u00e9cessaire. De plus, il convient de noter que ce plugin englobe un syst\u00e8me de reportage et d&rsquo;analyse incroyablement complet qui aide avec diligence les utilisateurs \u00e0 suivre minutieusement leurs ventes et leurs revenus. L&rsquo;interface conviviale sans pr\u00e9c\u00e9dent et la fonctionnalit\u00e9 remarquablement robuste des t\u00e9l\u00e9chargements num\u00e9riques faciles PayPal Payments avanc\u00e9s le rendent ind\u00e9niablement comme un choix exceptionnel pour les entreprises qui recherchent activement une solution de passerelle de paiement tr\u00e8s fiable et incroyablement efficace.<\/p>\n<ul>\n<li>Int\u00e9grez de mani\u00e8re transparente les paiements PayPal dans votre magasin de t\u00e9l\u00e9chargements num\u00e9riques faciles<\/li>\n<li>Acceptez les paiements des clients du monde entier avec la port\u00e9e mondiale de PayPal<\/li>\n<li>Gagnez du temps et simplifiez votre processus de paiement en permettant aux clients de payer avec leur compte PayPal<\/li>\n<li>Offrez des options de paiement personnalisables, y compris les paiements uniques, les abonnements et les plans de versement<\/li>\n<li>Prot\u00e9gez votre entreprise et vos clients avec les solides mesures de pr\u00e9vention de la fraude de Paypal<\/li>\n<li>Acc\u00e9dez aux rapports et analytiques d\u00e9taill\u00e9s pour suivre vos ventes et vos revenus \u00e0 partir de PayPal<\/li>\n<li>B\u00e9n\u00e9ficiez de la plate-forme fiable et s\u00e9curis\u00e9e des t\u00e9l\u00e9chargements num\u00e9riques faciles, con\u00e7ue pour les produits num\u00e9riques.<\/li>\n<li>Recevoir un soutien expert des t\u00e9l\u00e9chargements num\u00e9riques faciles et des \u00e9quipes PayPal<\/li>\n<li>Personnalisez l&rsquo;apparence de votre page Paypal pour correspondre \u00e0 votre marque<\/li>\n<li>Profitez des frais de transaction faibles avec la structure de tarification comp\u00e9titive de PayPal.<\/li>\n<\/ul>\n","protected":false},"excerpt":{"rendered":"<p>T\u00e9l\u00e9chargements num\u00e9riques faciles PayPal Payments Advanced est un plugin de paiement incroyablement robuste et dynamique qui a \u00e9t\u00e9 sp\u00e9cialement con\u00e7u pour les commer\u00e7ants qui utilisent WordPress et des t\u00e9l\u00e9chargements num\u00e9riques faciles. Ce plugin exceptionnel fournit l&rsquo;int\u00e9gration transparente des paiements PayPal avanc\u00e9s dans votre processus de paiement, offrant ainsi \u00e0 vos clients pr\u00e9cieux un niveau de s\u00e9curit\u00e9 et de commodit\u00e9 sans pr\u00e9c\u00e9dent tout au long de leur exp\u00e9rience de paiement. De plus, il regorge d&rsquo;un vaste \u00e9ventail de fonctionnalit\u00e9s avanc\u00e9es et d&rsquo;un syst\u00e8me de protection contre la fraude int\u00e9gr\u00e9 qui sert \u00e0 att\u00e9nuer nettement tout risque potentiel, garantissant ainsi que vos transactions restent r\u00e9solument s\u00e9curis\u00e9es et inattaquables. Par cons\u00e9quent, avec l&rsquo;assistance inestimable des t\u00e9l\u00e9chargements num\u00e9riques faciles Paypal Payments avanc\u00e9s, la t\u00e2che de g\u00e9rer efficacement les paiements pour votre magasin num\u00e9rique estim\u00e9 a \u00e9t\u00e9 rationalis\u00e9 sans effort, en veillant \u00e0 ce qu&rsquo;elle n&rsquo;ait jamais \u00e9t\u00e9 plus efficace ou sans tracas!<\/p>\n","protected":false},"featured_media":143634,"comment_status":"open","ping_status":"open","template":"","meta":[],"product_brand":[2523],"product_cat":[1182,1401,1181],"product_tag":[1255],"class_list":{"0":"post-118878","1":"product","2":"type-product","3":"status-publish","4":"has-post-thumbnail","6":"product_brand-easy-digital-downloads","7":"product_cat-commerce-electronique-plugins","8":"product_cat-paiement-commerce-electronique-plugins","9":"product_cat-plugins","10":"product_tag-easy-digital-downloads","11":"member-discount","12":"discount-restricted","14":"first","15":"instock","16":"sale","17":"downloadable","18":"virtual","19":"sold-individually","20":"purchasable","21":"product-type-simple"},"_links":{"self":[{"href":"https:\/\/gpl-love.com\/fr\/wp-json\/wp\/v2\/product\/118878","targetHints":{"allow":["GET"]}}],"collection":[{"href":"https:\/\/gpl-love.com\/fr\/wp-json\/wp\/v2\/product"}],"about":[{"href":"https:\/\/gpl-love.com\/fr\/wp-json\/wp\/v2\/types\/product"}],"replies":[{"embeddable":true,"href":"https:\/\/gpl-love.com\/fr\/wp-json\/wp\/v2\/comments?post=118878"}],"wp:featuredmedia":[{"embeddable":true,"href":"https:\/\/gpl-love.com\/fr\/wp-json\/wp\/v2\/media\/143634"}],"wp:attachment":[{"href":"https:\/\/gpl-love.com\/fr\/wp-json\/wp\/v2\/media?parent=118878"}],"wp:term":[{"taxonomy":"product_brand","embeddable":true,"href":"https:\/\/gpl-love.com\/fr\/wp-json\/wp\/v2\/product_brand?post=118878"},{"taxonomy":"product_cat","embeddable":true,"href":"https:\/\/gpl-love.com\/fr\/wp-json\/wp\/v2\/product_cat?post=118878"},{"taxonomy":"product_tag","embeddable":true,"href":"https:\/\/gpl-love.com\/fr\/wp-json\/wp\/v2\/product_tag?post=118878"}],"curies":[{"name":"wp","href":"https:\/\/api.w.org\/{rel}","templated":true}]}}