{"id":118876,"date":"2024-11-29T00:00:00","date_gmt":"2024-11-28T23:00:00","guid":{"rendered":"https:\/\/gpl-love.com\/fr\/produit\/easy-digital-downloads-message\/"},"modified":"2026-03-20T23:02:14","modified_gmt":"2026-03-20T22:02:14","slug":"easy-digital-downloads-message","status":"publish","type":"product","link":"https:\/\/gpl-love.com\/fr\/produit\/easy-digital-downloads-message\/","title":{"rendered":"Easy Digital Downloads Message 1.2.5"},"content":{"rendered":"<h3>Easy Digital Downloads Message Traits<\/h3>\n<p>Le plugin Easy Digital Downloads Messages est un outil tr\u00e8s efficace et robuste, vous permettant de d\u00e9poser sans effort des messages personnalis\u00e9s \u00e0 vos clients estim\u00e9s qui ont effectu\u00e9 des achats aupr\u00e8s de votre boutique en ligne. Ce plugin exceptionnel offre une immense flexibilit\u00e9, vous permettant de personnaliser des messages pour une pl\u00e9thore de sc\u00e9narios, notamment la confirmation de commande, la confirmation d&rsquo;exp\u00e9dition et m\u00eame les mises \u00e0 jour de produit. De plus, vous avez la libert\u00e9 d&rsquo;incorporer des informations pertinentes dans vos messages, englobant des d\u00e9tails cruciaux tels que les d\u00e9tails de commande, les informations compl\u00e8tes sur les produits et m\u00eame les num\u00e9ros de suivi. L&rsquo;incorporation de telles donn\u00e9es pr\u00e9cieuses garantit que vos clients ch\u00e9ris restent d\u00fbment inform\u00e9s de leurs achats, amplifiant ainsi leur confiance dans votre marque estim\u00e9e. Il convient de noter que le plugin lui-m\u00eame est extr\u00eamement convivial, facilitant la navigation et la modification transparentes pour r\u00e9pondre \u00e0 vos exigences uniques. En r\u00e9sum\u00e9, le plugin de messages de t\u00e9l\u00e9chargements num\u00e9riques facile indispensable sert d&rsquo;attente indispensable pour tout propri\u00e9taire de boutique en ligne exigeant visant \u00e0 am\u00e9liorer la communication client et l&rsquo;exp\u00e9rience globale.<\/p>\n<ul>\n<li>Simplifie le processus d&rsquo;envoi de t\u00e9l\u00e9chargements num\u00e9riques aux clients<\/li>\n<li>Fournit une fa\u00e7on efficace et conviviale de partager des fichiers<\/li>\n<li>Rend la gestion et les t\u00e9l\u00e9chargements faciles \u00e0 g\u00e9rer et \u00e0 suivre<\/li>\n<li>Envoie des e-mails de notification automatique aux clients lors de l&rsquo;achat et du t\u00e9l\u00e9chargement<\/li>\n<li>Offre diverses options de personnalisation pour les mod\u00e8les de messagerie et les liens de t\u00e9l\u00e9chargement<\/li>\n<li>Int\u00e9gre parfaitement avec diverses passerelles de paiement et plugins WordPress<\/li>\n<li>Offre des rapports et des analyses d\u00e9taill\u00e9s sur les ventes et les t\u00e9l\u00e9chargements<\/li>\n<li>Fournit un excellent support client et des mises \u00e0 jour r\u00e9guli\u00e8res du logiciel<\/li>\n<\/ul>\n","protected":false},"excerpt":{"rendered":"<p>En utilisant les capacit\u00e9s exceptionnelles du message Easy Digital Downloads, vous \u00eates autoris\u00e9 \u00e0 exp\u00e9dier sans effort les messages sur mesure et personnalis\u00e9s aux pr\u00e9cieux clients qui prennent la sage d\u00e9cision d&rsquo;acqu\u00e9rir vos produits num\u00e9riques estim\u00e9s. Cet outil remarquable et puissant vous donne la possibilit\u00e9 de diffuser des messages m\u00e9ticuleusement con\u00e7us, m\u00e9ticuleusement adapt\u00e9s aux pr\u00e9f\u00e9rences et aux go\u00fbts uniques des clients individuels, via le moyen de courrier \u00e9lectronique, vous permettant ainsi de cultiver et de favoriser des liens et des connexions robustes avec vos estimes avec vos estimes CLIENTELE, tout en facilitant simultan\u00e9ment la stimulation des achats r\u00e9currents et r\u00e9p\u00e9t\u00e9s. Que votre objectif ultime soit d&rsquo;\u00e9tendre \u00e0 vos clients estim\u00e9s une offre promotionnelle sp\u00e9ciale et exclusive, ou de leur fournir des informations suppl\u00e9mentaires et compl\u00e8tes concernant vos diverses offres de produits, ou m\u00eame d&rsquo;exprimer humblement votre gratitude sinc\u00e8re pour la fid\u00e9lit\u00e9 in\u00e9branlable et le patronage continu de votre votre Clients estim\u00e9s, les capacit\u00e9s remarquables et in\u00e9gal\u00e9es de t\u00e9l\u00e9chargements num\u00e9riques faciles servent \u00e0 rationaliser et \u00e0 simplifier le processus de communication efficace et de mani\u00e8re transparente avec votre public cible ch\u00e9ri d&rsquo;une mani\u00e8re authentiquement personnalis\u00e9e et personnalis\u00e9e. N&rsquo;h\u00e9sitez pas \u00e0 \u00e9lever et \u00e0 am\u00e9liorer votre strat\u00e9gie de vente num\u00e9rique existante en incorporant et en exploitant le formidable potentiel et les capacit\u00e9s du message Easy Digital Downloads, et commencez votre parcours vers le succ\u00e8s et la prosp\u00e9rit\u00e9 en commen\u00e7ant l&rsquo;utilisation et l&rsquo;int\u00e9gration de cet outil r\u00e9volutionnaire et r\u00e9volutionnaire dans votre outil existant existant Cadre et appareil aujourd&rsquo;hui!<\/p>\n","protected":false},"featured_media":143632,"comment_status":"open","ping_status":"open","template":"","meta":[],"product_brand":[2523],"product_cat":[1200,1182,1181],"product_tag":[1255],"class_list":{"0":"post-118876","1":"product","2":"type-product","3":"status-publish","4":"has-post-thumbnail","6":"product_brand-easy-digital-downloads","7":"product_cat-commercialisation","8":"product_cat-commerce-electronique-plugins","9":"product_cat-plugins","10":"product_tag-easy-digital-downloads","11":"member-discount","12":"discount-restricted","14":"first","15":"instock","16":"sale","17":"downloadable","18":"virtual","19":"sold-individually","20":"purchasable","21":"product-type-simple"},"_links":{"self":[{"href":"https:\/\/gpl-love.com\/fr\/wp-json\/wp\/v2\/product\/118876","targetHints":{"allow":["GET"]}}],"collection":[{"href":"https:\/\/gpl-love.com\/fr\/wp-json\/wp\/v2\/product"}],"about":[{"href":"https:\/\/gpl-love.com\/fr\/wp-json\/wp\/v2\/types\/product"}],"replies":[{"embeddable":true,"href":"https:\/\/gpl-love.com\/fr\/wp-json\/wp\/v2\/comments?post=118876"}],"wp:featuredmedia":[{"embeddable":true,"href":"https:\/\/gpl-love.com\/fr\/wp-json\/wp\/v2\/media\/143632"}],"wp:attachment":[{"href":"https:\/\/gpl-love.com\/fr\/wp-json\/wp\/v2\/media?parent=118876"}],"wp:term":[{"taxonomy":"product_brand","embeddable":true,"href":"https:\/\/gpl-love.com\/fr\/wp-json\/wp\/v2\/product_brand?post=118876"},{"taxonomy":"product_cat","embeddable":true,"href":"https:\/\/gpl-love.com\/fr\/wp-json\/wp\/v2\/product_cat?post=118876"},{"taxonomy":"product_tag","embeddable":true,"href":"https:\/\/gpl-love.com\/fr\/wp-json\/wp\/v2\/product_tag?post=118876"}],"curies":[{"name":"wp","href":"https:\/\/api.w.org\/{rel}","templated":true}]}}