{"id":118874,"date":"2021-02-09T00:00:00","date_gmt":"2021-02-08T23:00:00","guid":{"rendered":"https:\/\/gpl-love.com\/fr\/produit\/easy-digital-downloads-manual-purchases\/"},"modified":"2026-03-20T23:02:13","modified_gmt":"2026-03-20T22:02:13","slug":"easy-digital-downloads-manual-purchases","status":"publish","type":"product","link":"https:\/\/gpl-love.com\/fr\/produit\/easy-digital-downloads-manual-purchases\/","title":{"rendered":"Easy Digital Downloads Manual Purchases 2.0.5"},"content":{"rendered":"<h3>Easy Digital Downloads Manual Purchases Traits<\/h3>\n<p>Les achats du manuel de t\u00e9l\u00e9chargements num\u00e9riques faciles sont un outil tr\u00e8s louable qui r\u00e9pond aux besoins des particuliers ou des entreprises souhaitant fournir des produits num\u00e9riques tout en choisissant de superviser personnellement les aspects transactionnels et de livraison. En utilisant ce plugin, les clients sont autoris\u00e9s \u00e0 se procurer directement des produits sur le site Web, qui re\u00e7oivent par la suite un e-mail v\u00e9rifiant leur achat et leur accordant des directives instructives sur la fa\u00e7on de consommer leur commande. Facilitant la plus grande commodit\u00e9 et comp\u00e9tence, ce plugin permet aux fournisseurs d&rsquo;administrer sans effort les commandes, de diffuser des liens de t\u00e9l\u00e9chargement et de traiter les paiements en utilisant leur passerelle de paiement pr\u00e9f\u00e9r\u00e9e. En offrant une flexibilit\u00e9 et une commodit\u00e9 in\u00e9gal\u00e9es aux acheteurs et aux vendeurs, ce plugin appara\u00eet comme le choix par excellence pour ceux qui aspirent \u00e0 colporter sans effort les produits num\u00e9riques.<\/p>\n<ul>\n<li>Permet aux clients de faire des achats manuels de produits num\u00e9riques<\/li>\n<li>Interface utilisateur simple et intuitive<\/li>\n<li>G\u00e9n\u00e8re automatiquement des liens de t\u00e9l\u00e9chargement uniques pour chaque achat<\/li>\n<li>Prend en charge plusieurs passerelles de paiement<\/li>\n<li>Emails de confirmation d&rsquo;achat personnalisables<\/li>\n<li>Fournit des rapports d\u00e9taill\u00e9s sur les ventes et les revenus<\/li>\n<li>Int\u00e8gre de mani\u00e8re transparente avec la plate-forme de t\u00e9l\u00e9chargements num\u00e9riques faciles<\/li>\n<li>Offre une documentation compl\u00e8te et un support client.<\/li>\n<\/ul>\n","protected":false},"excerpt":{"rendered":"<p>Easy Digital Downloads Manual Achats est un outil incroyablement convivial et transparent qui vous offre la commodit\u00e9 de vendre sans effort vos produits num\u00e9riques directement \u00e0 partir de votre propre site WordPress. En cliquant simplement sur quelques boutons, vous avez la possibilit\u00e9 d&rsquo;\u00e9tablir des formulaires d&rsquo;achat personnalis\u00e9s qui r\u00e9pondent \u00e0 vos besoins sp\u00e9cifiques, vous permettant d&rsquo;accepter de mani\u00e8re transparente les paiements de vos clients estim\u00e9s via un large \u00e9ventail de passerelles de paiement tr\u00e8s populaires. Ce plugin remarquable et robuste comprend une pl\u00e9thore de fonctionnalit\u00e9s exceptionnelles, y compris, mais sans s&rsquo;y limiter, la personnalisation in\u00e9gal\u00e9e des notifications par e-mail, le suivi des ventes m\u00e9ticuleux et la gestion efficace des comptes clients. Que vous soyez actuellement engag\u00e9 dans la vente de livres \u00e9lectroniques, de musique, de logiciels ou de toute autre forme de biens num\u00e9riques, assurez-vous que les achats manuels de t\u00e9l\u00e9chargements num\u00e9riques faciles faciliteront sans aucun doute le processus et propulser votre entreprise \u00e0 des hauteurs sans pr\u00e9c\u00e9dent.<\/p>\n","protected":false},"featured_media":143631,"comment_status":"open","ping_status":"open","template":"","meta":[],"product_brand":[2523],"product_cat":[1182,1223,1181],"product_tag":[1255],"class_list":{"0":"post-118874","1":"product","2":"type-product","3":"status-publish","4":"has-post-thumbnail","6":"product_brand-easy-digital-downloads","7":"product_cat-commerce-electronique-plugins","8":"product_cat-personnalisation-commerce-electronique-plugins","9":"product_cat-plugins","10":"product_tag-easy-digital-downloads","11":"member-discount","12":"discount-restricted","14":"first","15":"instock","16":"sale","17":"downloadable","18":"virtual","19":"sold-individually","20":"purchasable","21":"product-type-simple"},"_links":{"self":[{"href":"https:\/\/gpl-love.com\/fr\/wp-json\/wp\/v2\/product\/118874","targetHints":{"allow":["GET"]}}],"collection":[{"href":"https:\/\/gpl-love.com\/fr\/wp-json\/wp\/v2\/product"}],"about":[{"href":"https:\/\/gpl-love.com\/fr\/wp-json\/wp\/v2\/types\/product"}],"replies":[{"embeddable":true,"href":"https:\/\/gpl-love.com\/fr\/wp-json\/wp\/v2\/comments?post=118874"}],"wp:featuredmedia":[{"embeddable":true,"href":"https:\/\/gpl-love.com\/fr\/wp-json\/wp\/v2\/media\/143631"}],"wp:attachment":[{"href":"https:\/\/gpl-love.com\/fr\/wp-json\/wp\/v2\/media?parent=118874"}],"wp:term":[{"taxonomy":"product_brand","embeddable":true,"href":"https:\/\/gpl-love.com\/fr\/wp-json\/wp\/v2\/product_brand?post=118874"},{"taxonomy":"product_cat","embeddable":true,"href":"https:\/\/gpl-love.com\/fr\/wp-json\/wp\/v2\/product_cat?post=118874"},{"taxonomy":"product_tag","embeddable":true,"href":"https:\/\/gpl-love.com\/fr\/wp-json\/wp\/v2\/product_tag?post=118874"}],"curies":[{"name":"wp","href":"https:\/\/api.w.org\/{rel}","templated":true}]}}