{"id":118872,"date":"2021-12-21T00:00:00","date_gmt":"2021-12-20T23:00:00","guid":{"rendered":"https:\/\/gpl-love.com\/fr\/produit\/easy-digital-downloads-mailpoet\/"},"modified":"2026-03-20T23:02:13","modified_gmt":"2026-03-20T22:02:13","slug":"easy-digital-downloads-mailpoet","status":"publish","type":"product","link":"https:\/\/gpl-love.com\/fr\/produit\/easy-digital-downloads-mailpoet\/","title":{"rendered":"Easy Digital Downloads MailPoet 1.4.4"},"content":{"rendered":"<h3>Easy Digital Downloads MailPoet Traits<\/h3>\n<p>Les t\u00e9l\u00e9chargements num\u00e9riques faciles MailPoet sont un outil incroyablement robuste qui vise \u00e0 aider les entreprises \u00e0 automatiser leurs campagnes de marketing par e-mail, leur offrant une plus grande commodit\u00e9 et efficacit\u00e9. Gr\u00e2ce \u00e0 l&rsquo;utilisation de ce plugin exceptionnel, on peut g\u00e9n\u00e9rer et superviser sans effort les listes de diffusion, organiser des newsletters visuellement frappantes, ainsi que d&rsquo;analyser m\u00e9ticuleusement les performances de leurs campagnes, toutes de mani\u00e8re transparente via leur tableau de bord WordPress. Peu importe que son objectif soit de publier efficacement leurs produits, de s&rsquo;engager activement avec leur client\u00e8le ou de d\u00e9velopper et de renforcer leur identit\u00e9 de marque, les t\u00e9l\u00e9chargements num\u00e9riques faciles MailPoet permet sans effort la cr\u00e9ation de courriels de qualit\u00e9 professionnelle qui donnent des r\u00e9sultats tr\u00e8s favorables. B\u00e9n\u00e9ficiant d&rsquo;une interface incroyablement conviviale, de mod\u00e8les personnalisables et de fonctionnalit\u00e9s avanc\u00e9es telles que l&rsquo;automatisation et la segmentation, ce plugin est le choix optimal pour les entreprises, quelle que soit la taille, cherchant \u00e0 \u00e9lever leurs efforts de marketing par e-mail \u00e0 des hauteurs sans pr\u00e9c\u00e9dent. Alors pourquoi reporter cette opportunit\u00e9 inestimable? Ne perdez pas de temps et vous lancez dans un voyage extraordinaire avec des t\u00e9l\u00e9chargements num\u00e9riques faciles MAINPOET aujourd&rsquo;hui, r\u00e9volutionnant la fa\u00e7on dont vous vous connectez et vous engagez avec vos clients estim\u00e9s!<\/p>\n<ul>\n<li>Int\u00e9gration facile avec MailPoet, un premier plugin de marketing par e-mail<\/li>\n<li>Processus rationalis\u00e9 pour collecter les adresses e-mail et envoyer des newsletters<\/li>\n<li>Possibilit\u00e9 de segmenter les listes de clients pour des campagnes de messagerie cibl\u00e9es<\/li>\n<li>Mod\u00e8les de messagerie personnalisables pour correspondre au style et \u00e0 la messagerie de votre marque<\/li>\n<li>Suivi automatique des performances des newsletter avec analyse d\u00e9taill\u00e9e<\/li>\n<li>Option d&rsquo;automatisation avec des newsletters et des campagnes DRIP programm\u00e9es<\/li>\n<li>Livraison fiable pour vous assurer que votre message atteint les bo\u00eetes de r\u00e9ception des clients<\/li>\n<li>Compatible avec une gamme d&rsquo;extensions de t\u00e9l\u00e9chargements num\u00e9riques faciles pour une fonctionnalit\u00e9 am\u00e9lior\u00e9e<\/li>\n<li>Support client r\u00e9actif \u00e0 partir de t\u00e9l\u00e9chargements num\u00e9riques faciles et d&rsquo;\u00e9quipes MailPoet.<\/li>\n<\/ul>\n","protected":false},"excerpt":{"rendered":"<p>Le plugin MailPoet pour les t\u00e9l\u00e9chargements num\u00e9riques faciles offre une pl\u00e9thore de fonctionnalit\u00e9s qui en font un outil inestimable pour les entreprises en ligne qui cherchent \u00e0 interagir avec leur client\u00e8le gr\u00e2ce \u00e0 des campagnes de marketing par e-mail bien con\u00e7ues. En int\u00e9grant de mani\u00e8re transparente avec des t\u00e9l\u00e9chargements num\u00e9riques faciles, ce plugin offre aux utilisateurs la possibilit\u00e9 de cr\u00e9er et de distribuer sans effort des newsletters personnalis\u00e9s, des e-mails automatis\u00e9s et d&rsquo;autres formes de communication cibl\u00e9e qui sont adapt\u00e9es pour r\u00e9pondre \u00e0 leurs besoins sp\u00e9cifiques. Tirant parti du c\u00e9l\u00e8bre service MailPoet, ce plugin garantit non seulement la simplicit\u00e9 et la commodit\u00e9 de son fonctionnement, mais permet \u00e9galement aux entreprises de puiser dans les capacit\u00e9s \u00e9tendues de suivi et de rapport qu&rsquo;elle offre. De plus, avec un large \u00e9ventail de mod\u00e8les et de dispositions con\u00e7us par des professionnels \u00e0 leur disposition, les entreprises peuvent facilement cr\u00e9er un contenu visuellement attrayant et percutant qui r\u00e9sonne avec leur public. En r\u00e9sum\u00e9, les t\u00e9l\u00e9chargements num\u00e9riques Easy Mailpoet sert de solution globale pour les entreprises qui cherchent \u00e0 amplifier leurs efforts de marketing et \u00e0 forger des liens plus profonds avec leurs membres du public \u00e0 un niveau plus personnel et plus significatif.<\/p>\n","protected":false},"featured_media":143630,"comment_status":"open","ping_status":"open","template":"","meta":[],"product_brand":[2523],"product_cat":[1200,1182,1181],"product_tag":[1255],"class_list":{"0":"post-118872","1":"product","2":"type-product","3":"status-publish","4":"has-post-thumbnail","6":"product_brand-easy-digital-downloads","7":"product_cat-commercialisation","8":"product_cat-commerce-electronique-plugins","9":"product_cat-plugins","10":"product_tag-easy-digital-downloads","11":"member-discount","12":"discount-restricted","14":"first","15":"instock","16":"sale","17":"downloadable","18":"virtual","19":"sold-individually","20":"purchasable","21":"product-type-simple"},"_links":{"self":[{"href":"https:\/\/gpl-love.com\/fr\/wp-json\/wp\/v2\/product\/118872","targetHints":{"allow":["GET"]}}],"collection":[{"href":"https:\/\/gpl-love.com\/fr\/wp-json\/wp\/v2\/product"}],"about":[{"href":"https:\/\/gpl-love.com\/fr\/wp-json\/wp\/v2\/types\/product"}],"replies":[{"embeddable":true,"href":"https:\/\/gpl-love.com\/fr\/wp-json\/wp\/v2\/comments?post=118872"}],"wp:featuredmedia":[{"embeddable":true,"href":"https:\/\/gpl-love.com\/fr\/wp-json\/wp\/v2\/media\/143630"}],"wp:attachment":[{"href":"https:\/\/gpl-love.com\/fr\/wp-json\/wp\/v2\/media?parent=118872"}],"wp:term":[{"taxonomy":"product_brand","embeddable":true,"href":"https:\/\/gpl-love.com\/fr\/wp-json\/wp\/v2\/product_brand?post=118872"},{"taxonomy":"product_cat","embeddable":true,"href":"https:\/\/gpl-love.com\/fr\/wp-json\/wp\/v2\/product_cat?post=118872"},{"taxonomy":"product_tag","embeddable":true,"href":"https:\/\/gpl-love.com\/fr\/wp-json\/wp\/v2\/product_tag?post=118872"}],"curies":[{"name":"wp","href":"https:\/\/api.w.org\/{rel}","templated":true}]}}