{"id":118870,"date":"2024-11-29T00:00:00","date_gmt":"2024-11-28T23:00:00","guid":{"rendered":"https:\/\/gpl-love.com\/fr\/produit\/easy-digital-downloads-frontend-submissions\/"},"modified":"2026-03-20T23:02:06","modified_gmt":"2026-03-20T22:02:06","slug":"easy-digital-downloads-frontend-submissions","status":"publish","type":"product","link":"https:\/\/gpl-love.com\/fr\/produit\/easy-digital-downloads-frontend-submissions\/","title":{"rendered":"Easy Digital Downloads Frontend Submissions 2.8.2"},"content":{"rendered":"<h3>Easy Digital Downloads Frontend Submissions Traits<\/h3>\n<p>Les t\u00e9l\u00e9chargements num\u00e9riques faciles, les soumissions de frontend, un outil tr\u00e8s puissant m\u00e9ticuleusement con\u00e7u pour la commodit\u00e9 des marchands de commerce \u00e9lectronique et des cr\u00e9ateurs de produits num\u00e9riques, offre la capacit\u00e9 \u00e9tonnante pour les utilisateurs de soumettre et de superviser sans effort leurs biens num\u00e9riques directement \u00e0 partir de la frondente de leur site Web. Ce plugin de pointe am\u00e9liore parfaitement l&rsquo;exp\u00e9rience utilisateur, garantissant un processus simple et sans tracas de marketing et de commerce num\u00e9rique sur Internet. B\u00e9n\u00e9ficiant d&rsquo;une interface intuitivement con\u00e7ue et d&rsquo;une multitude d&rsquo;options personnalisables, des t\u00e9l\u00e9chargements num\u00e9riques faciles pour les soumissions de frontend autorisent les marchands en simplifiant la gestion et la vente de leurs marchandises num\u00e9riques avec une efficacit\u00e9 plus importante. Emball\u00e9 avec des fonctionnalit\u00e9s remarquables telles que les formulaires de soumission de produits, les tableaux de bord des fournisseurs et les taux de commission, ce plugin s&rsquo;adresse parfaitement aux personnes entreprenantes cherchant \u00e0 mon\u00e9tiser leur pr\u00e9cieux contenu num\u00e9rique. Essentiellement, les t\u00e9l\u00e9chargements num\u00e9riques Easy Frontend sont incontestablement un outil indispensable pour tout propri\u00e9taire commercial en ligne exigeant qui s&rsquo;efforce d&rsquo;optimiser et de rationaliser le processus de vente de leurs produits num\u00e9riques estim\u00e9s.<\/p>\n<ul>\n<li>Int\u00e9grez de mani\u00e8re transparente un formulaire de soumission dans votre magasin de t\u00e9l\u00e9chargements num\u00e9riques faciles<\/li>\n<li>Permettez aux utilisateurs de soumettre et de g\u00e9rer leurs propres produits directement \u00e0 partir du frontend de votre site<\/li>\n<li>Configurer les formulaires de soumission personnalis\u00e9s pour vous assurer de recevoir toutes les informations n\u00e9cessaires des vendeurs<\/li>\n<li>Approuver ou rejeter facilement les produits soumis, en vous assurant que votre magasin reste de haute qualit\u00e9 et pertinent<\/li>\n<li>Configurez les e-mails automatiques pour tenir les vendeurs \u00e0 jour sur leur \u00e9tat de produit<\/li>\n<li>Collectez la commission sur tous les produits vendus, en gardant votre flux de revenus en bonne sant\u00e9<\/li>\n<li>Offrez une exp\u00e9rience conviviale aux vendeurs, en stimulant l&rsquo;engagement et la participation \u00e0 votre magasin<\/li>\n<li>B\u00e9n\u00e9ficier d&rsquo;une gamme de modules compl\u00e9mentaires et d&rsquo;extensions, vous permettant d&rsquo;adapter le plugin \u00e0 vos besoins exacts<\/li>\n<li>Acc\u00e9dez \u00e0 une documentation approfondie et au soutien de l&rsquo;\u00e9quipe exp\u00e9riment\u00e9e de t\u00e9l\u00e9chargements num\u00e9riques Easy Digital.<\/li>\n<\/ul>\n","protected":false},"excerpt":{"rendered":"<p>Les t\u00e9l\u00e9chargements num\u00e9riques Easy Frontend sont une plate-forme extr\u00eamement polyvalente, qui donne aux utilisateurs la capacit\u00e9 remarquable de soumettre rapidement et sans effort leurs produits num\u00e9riques. En incorporant ce produit extraordinaire dans vos op\u00e9rations commerciales, vous pouvez \u00e9tablir un syst\u00e8me parfaitement int\u00e9gr\u00e9 qui facilite l&rsquo;acceptation et l&rsquo;\u00e9valuation des soumissions directement sur votre site Web. Par cons\u00e9quent, cela ouvre la voie \u00e0 un flux de travail consid\u00e9rablement am\u00e9lior\u00e9, ce qui optimise la gestion de vos produits num\u00e9riques et garantit que vos clients estim\u00e9s sont au courant d&rsquo;une exp\u00e9rience remarquablement conviviale. De plus, avec un \u00e9ventail de fonctionnalit\u00e9s impressionnantes, telles que la capacit\u00e9 de formulaires personnalis\u00e9s, de t\u00e9l\u00e9chargements de fichiers et de notifications par e-mail, ce produit exceptionnel sert de s\u00e9lection sans pr\u00e9c\u00e9dent pour toute entreprise qui cherche \u00e0 rationaliser le processus de soumission des produits num\u00e9riques.<\/p>\n","protected":false},"featured_media":143623,"comment_status":"open","ping_status":"open","template":"","meta":[],"product_brand":[2523],"product_cat":[1182,1223,1181],"product_tag":[1255],"class_list":{"0":"post-118870","1":"product","2":"type-product","3":"status-publish","4":"has-post-thumbnail","6":"product_brand-easy-digital-downloads","7":"product_cat-commerce-electronique-plugins","8":"product_cat-personnalisation-commerce-electronique-plugins","9":"product_cat-plugins","10":"product_tag-easy-digital-downloads","11":"member-discount","12":"discount-restricted","14":"first","15":"instock","16":"sale","17":"downloadable","18":"virtual","19":"sold-individually","20":"purchasable","21":"product-type-simple"},"_links":{"self":[{"href":"https:\/\/gpl-love.com\/fr\/wp-json\/wp\/v2\/product\/118870","targetHints":{"allow":["GET"]}}],"collection":[{"href":"https:\/\/gpl-love.com\/fr\/wp-json\/wp\/v2\/product"}],"about":[{"href":"https:\/\/gpl-love.com\/fr\/wp-json\/wp\/v2\/types\/product"}],"replies":[{"embeddable":true,"href":"https:\/\/gpl-love.com\/fr\/wp-json\/wp\/v2\/comments?post=118870"}],"wp:featuredmedia":[{"embeddable":true,"href":"https:\/\/gpl-love.com\/fr\/wp-json\/wp\/v2\/media\/143623"}],"wp:attachment":[{"href":"https:\/\/gpl-love.com\/fr\/wp-json\/wp\/v2\/media?parent=118870"}],"wp:term":[{"taxonomy":"product_brand","embeddable":true,"href":"https:\/\/gpl-love.com\/fr\/wp-json\/wp\/v2\/product_brand?post=118870"},{"taxonomy":"product_cat","embeddable":true,"href":"https:\/\/gpl-love.com\/fr\/wp-json\/wp\/v2\/product_cat?post=118870"},{"taxonomy":"product_tag","embeddable":true,"href":"https:\/\/gpl-love.com\/fr\/wp-json\/wp\/v2\/product_tag?post=118870"}],"curies":[{"name":"wp","href":"https:\/\/api.w.org\/{rel}","templated":true}]}}