{"id":118869,"date":"2021-02-09T00:00:00","date_gmt":"2021-02-08T23:00:00","guid":{"rendered":"https:\/\/gpl-love.com\/fr\/produit\/advanced-custom-fields-pour-woocommerce\/"},"modified":"2026-03-20T22:53:32","modified_gmt":"2026-03-20T21:53:32","slug":"advanced-custom-fields-pour-woocommerce","status":"publish","type":"product","link":"https:\/\/gpl-love.com\/fr\/produit\/advanced-custom-fields-pour-woocommerce\/","title":{"rendered":"Advanced Custom Fields pour WooCommerce 5.2.0"},"content":{"rendered":"<h3>Advanced Custom Fields pour WooCommerce Traits<\/h3>\n<p>Les champs personnalis\u00e9s avanc\u00e9s pour WooCommerce sont un plugin tr\u00e8s robuste et influent qui offre aux propri\u00e9taires de sites Web la capacit\u00e9 transparente \u00e0 g\u00e9n\u00e9rer sans effort des champs et des donn\u00e9es personnalis\u00e9s pour leurs produits WooCommerce. En utilisant ce plugin, les utilisateurs ont la capacit\u00e9 d&rsquo;incorporer des champs frais dans leurs pages de produits, d&rsquo;adapter l&rsquo;arrangement et les \u00e9l\u00e9ments esth\u00e9tiques de ces champs \u00e0 leur go\u00fbt, et m\u00eame utilisent une logique conditionnelle pour pr\u00e9senter des champs sp\u00e9cifiques en fonction de crit\u00e8res pr\u00e9d\u00e9termin\u00e9s. Ce plugin exceptionnel est particuli\u00e8rement avantageux pour les entreprises souhaitant fournir leur client\u00e8le estim\u00e9e avec des informations sur les produits plus complexes et complets, ou ceux qui cherchent \u00e0 offrir des options sur mesure pour leurs produits. Avec l&rsquo;int\u00e9gration de champs personnalis\u00e9s avanc\u00e9s pour WooCommerce, les utilisateurs peuvent \u00e9lever leur boutique en ligne \u00e0 de nouveaux sommets, forgeant ainsi une rencontre d&rsquo;achat unique et personnalis\u00e9e pour leurs pr\u00e9cieux clients.<\/p>\n<ul>\n<li>Ajoute des champs personnalisables aux pages de produits dans WooCommerce<\/li>\n<li>Permet des informations sur les produits plus d\u00e9taill\u00e9s et une meilleure organisation<\/li>\n<li>Peut cr\u00e9er des champs pour les variations de produits et les options de tarification personnalis\u00e9es<\/li>\n<li>Interface utilisateur intuitive pour g\u00e9rer et modifier les champs personnalis\u00e9s<\/li>\n<li>Capacit\u00e9 \u00e0 affecter des champs \u00e0 des cat\u00e9gories de produits sp\u00e9cifiques ou \u00e0 des produits individuels<\/li>\n<li>Prend en charge une large gamme de types de champs, y compris des zones de texte, des cases \u00e0 cocher, des boutons radio et des menus d\u00e9roulants<\/li>\n<li>Fonctionne de mani\u00e8re transparente avec WooCommerce et ne n\u00e9cessite aucune connaissance de codage<\/li>\n<li>Offre une exp\u00e9rience d&rsquo;achat plus rationalis\u00e9e et professionnelle aux clients<\/li>\n<li>Aide les entreprises \u00e0 augmenter les ventes en fournissant des informations sur les produits plus pertinentes aux clients.<\/li>\n<\/ul>\n","protected":false},"excerpt":{"rendered":"<p>Les champs personnalis\u00e9s avanc\u00e9s pour le plugin WooCommerce sont un outil d&rsquo;am\u00e9lioration dynamique de WooCommerce qui offre une personnalisation de produit WooCommerce au niveau suivant. Cet outil avanc\u00e9 pour WooCommerce permet aux utilisateurs d&rsquo;int\u00e9grer des champs personnalis\u00e9s pour les produits WooCommerce sans effort. Le but est d&rsquo;offrir un affichage de produit WooCommerce personnalis\u00e9, avec des attributs de produits WooCommerce uniques et des options de tarification vari\u00e9es pour les produits WooCommerce.<\/p>\n<p>Ce plugin exceptionnel propose une int\u00e9gration de plugin WooCommerce sans couture, ce qui en fait un plugin WooCommerce polyvalent adapt\u00e9 \u00e0 toutes les tailles des magasins en ligne. Que vous soyez un utilisateur de plugin WooCommerce de petite entreprise ou que vous recherchiez une int\u00e9gration WooCommerce \u00e0 grande \u00e9chelle, ce plugin s&rsquo;int\u00e8gre parfaitement dans le tissu de commerce \u00e9lectronique.<\/p>\n<p>Le plugin am\u00e9liore l&rsquo;exp\u00e9rience d&rsquo;achat de WooCommerce en fournissant une navigation sans friction pour les achats en ligne. Il permet aux acheteurs potentiels de naviguer facilement sur WooCommerce, acc\u00e9dant rapidement aux informations sur les produits cruciaux, ce qui aide \u00e0 prendre des d\u00e9cisions d&rsquo;achat bien inform\u00e9es.<\/p>\n<p>L&rsquo;interface intuitive WooCommerce r\u00e9pond aux diverses exigences du march\u00e9 du commerce \u00e9lectronique et assure une exp\u00e9rience coh\u00e9rente pour les fournisseurs et les acheteurs. Le plugin est con\u00e7u pour am\u00e9liorer la d\u00e9cision du client WooCommerce et offrir une meilleure exp\u00e9rience de fournisseur WooCommerce et une exp\u00e9rience WooCommerce Shopper<\/p>\n","protected":false},"featured_media":143058,"comment_status":"open","ping_status":"open","template":"","meta":[],"product_brand":[2435],"product_cat":[1182,1223,1181],"product_tag":[1231],"class_list":{"0":"post-118869","1":"product","2":"type-product","3":"status-publish","4":"has-post-thumbnail","6":"product_brand-codecanyon","7":"product_cat-commerce-electronique-plugins","8":"product_cat-personnalisation-commerce-electronique-plugins","9":"product_cat-plugins","10":"product_tag-codecanyon","11":"member-discount","12":"discount-restricted","14":"first","15":"instock","16":"sale","17":"downloadable","18":"virtual","19":"sold-individually","20":"purchasable","21":"product-type-simple"},"_links":{"self":[{"href":"https:\/\/gpl-love.com\/fr\/wp-json\/wp\/v2\/product\/118869","targetHints":{"allow":["GET"]}}],"collection":[{"href":"https:\/\/gpl-love.com\/fr\/wp-json\/wp\/v2\/product"}],"about":[{"href":"https:\/\/gpl-love.com\/fr\/wp-json\/wp\/v2\/types\/product"}],"replies":[{"embeddable":true,"href":"https:\/\/gpl-love.com\/fr\/wp-json\/wp\/v2\/comments?post=118869"}],"wp:featuredmedia":[{"embeddable":true,"href":"https:\/\/gpl-love.com\/fr\/wp-json\/wp\/v2\/media\/143058"}],"wp:attachment":[{"href":"https:\/\/gpl-love.com\/fr\/wp-json\/wp\/v2\/media?parent=118869"}],"wp:term":[{"taxonomy":"product_brand","embeddable":true,"href":"https:\/\/gpl-love.com\/fr\/wp-json\/wp\/v2\/product_brand?post=118869"},{"taxonomy":"product_cat","embeddable":true,"href":"https:\/\/gpl-love.com\/fr\/wp-json\/wp\/v2\/product_cat?post=118869"},{"taxonomy":"product_tag","embeddable":true,"href":"https:\/\/gpl-love.com\/fr\/wp-json\/wp\/v2\/product_tag?post=118869"}],"curies":[{"name":"wp","href":"https:\/\/api.w.org\/{rel}","templated":true}]}}