{"id":118856,"date":"2026-01-10T00:00:00","date_gmt":"2026-01-09T23:00:00","guid":{"rendered":"https:\/\/gpl-love.com\/fr\/produit\/learnpress-paid-membership-pro-integration\/"},"modified":"2026-03-20T23:22:14","modified_gmt":"2026-03-20T22:22:14","slug":"learnpress-paid-membership-pro-integration","status":"publish","type":"product","link":"https:\/\/gpl-love.com\/fr\/produit\/learnpress-paid-membership-pro-integration\/","title":{"rendered":"LearnPress Paid Membership Pro Integration 4.1.2"},"content":{"rendered":"<h3>LearnPress Paid Membership Pro Integration Traits<\/h3>\n<p>L&rsquo;int\u00e9gration Pro LearnPress Paying Adhip Pro se pr\u00e9sente comme un outil incroyablement puissant et influent, dot\u00e9 de la capacit\u00e9 de fusionner les aspects caract\u00e9ristiques du plugin LMS LearnPress et du plugin d&rsquo;adh\u00e9sion payante. En utilisant cette int\u00e9gration, les utilisateurs sont accord\u00e9s \u00e0 la possibilit\u00e9 de forger des plateformes de redoutable et d&rsquo;influence qui offrent \u00e0 la fois des services de contenu premium et des services bas\u00e9s sur les membres \u00e0 leurs \u00e9tudiants estim\u00e9s. Cette int\u00e9gration remarquable offre une approche sans effort et rationalis\u00e9e pour g\u00e9rer les abonnements, surveiller les progr\u00e8s et acc\u00e9der au contenu premium, tous h\u00e9berg\u00e9s dans un emplacement singulier et centralis\u00e9. De plus, il offre aux utilisateurs un \u00e9ventail \u00e9tendu d&rsquo;options de personnalisation, y compris la cr\u00e9ation de niveaux d&rsquo;adh\u00e9sion, la fabrication de formulaires d&rsquo;enregistrement personnalis\u00e9s et la r\u00e9glementation m\u00e9ticuleuse de l&rsquo;acc\u00e8s \u00e0 des cours ou du contenu sp\u00e9cifiques. Dans l&rsquo;ensemble, l&rsquo;int\u00e9gration pro-adh\u00e9sion payante LearnPress appara\u00eet comme un outil indispensable et imp\u00e9ratif, celui que toute personne motiv\u00e9e en aspirant \u00e0 construire une plate-forme d&rsquo;apprentissage en ligne triomphale serait n\u00e9gligente pour ne pas tenir compte.<\/p>\n<ul>\n<li>Int\u00e9gration transparente de LearnPress avec l&rsquo;adh\u00e9sion payante Pro<\/li>\n<li>Possibilit\u00e9 d&rsquo;offrir des cours ou des le\u00e7ons dans le cadre d&rsquo;un forfait d&rsquo;adh\u00e9sion r\u00e9mun\u00e9r\u00e9<\/li>\n<li>Configuration facile et gestion des niveaux d&rsquo;adh\u00e9sion et acc\u00e8s au contenu<\/li>\n<li>Contr\u00f4le de la dur\u00e9e, de la fr\u00e9quence de renouvellement et du prix des abonnements<\/li>\n<li>Possibilit\u00e9 de vendre des cours et des forfaits d&rsquo;adh\u00e9sion simultan\u00e9ment<\/li>\n<li>Gestion automatis\u00e9e des membres, y compris les renouvellements, les annulations et les mises \u00e0 niveau<\/li>\n<li>Rapports d\u00e9taill\u00e9s sur les abonn\u00e9s, l&rsquo;activit\u00e9 et les paiements<\/li>\n<li>Int\u00e9gration avec des passerelles de paiement populaires, y compris Stripe, PayPal et Authorize.net<\/li>\n<li>Compatible avec WordPress, ce qui facilite l&rsquo;int\u00e9gration dans votre site Web existant<\/li>\n<li>Tr\u00e8s flexible et personnalisable, avec des fonctionnalit\u00e9s avanc\u00e9es disponibles via des modules compl\u00e9mentaires et des extensions.<\/li>\n<\/ul>\n","protected":false},"excerpt":{"rendered":"<p>L&rsquo;int\u00e9gration Pro LearnPress Paying Adhip Pro offre un plugin complexe qui s&rsquo;harmonise parfaitement avec votre syst\u00e8me de gestion d&rsquo;apprentissage LearnPress (LMS) pour fournir une solution d&rsquo;adh\u00e9sion en ligne s\u00e9curis\u00e9e et adaptable. En utilisant ce plugin, vous avez la capacit\u00e9 sans effort de restreindre l&rsquo;admission uniquement aux membres payants pour des cours ou des modules sp\u00e9cifiques, tout en leur fournissant un contenu exclusif, des remises et un soutien individuel adapt\u00e9s \u00e0 leurs besoins. Cette int\u00e9gration est un ajustement id\u00e9al pour les \u00e9ducateurs ou les cr\u00e9ateurs de cours cherchant \u00e0 mon\u00e9tiser leurs cours en ligne et \u00e0 \u00e9tablir une ardente communaut\u00e9 d&rsquo;\u00e9tudiants fid\u00e8les \u00e0 leurs enseignements. En outre, le processus de configuration est un jeu d&rsquo;enfant, offrant des options de personnalisation compl\u00e8tes et une gamme de fonctionnalit\u00e9s robustes et d&rsquo;outils de rapports qui augmenteront sans aucun doute le calibre de votre programme d&rsquo;apprentissage en ligne.<\/p>\n","protected":false},"featured_media":144361,"comment_status":"open","ping_status":"open","template":"","meta":[],"product_brand":[2582],"product_cat":[1189,1181,1186],"product_tag":[2190],"class_list":{"0":"post-118856","1":"product","2":"type-product","3":"status-publish","4":"has-post-thumbnail","6":"product_brand-learnpress","7":"product_cat-personnalisation","8":"product_cat-plugins","9":"product_cat-wordpress-plugins","10":"product_tag-learnpress","11":"member-discount","12":"discount-restricted","14":"first","15":"instock","16":"sale","17":"downloadable","18":"virtual","19":"sold-individually","20":"purchasable","21":"product-type-simple"},"_links":{"self":[{"href":"https:\/\/gpl-love.com\/fr\/wp-json\/wp\/v2\/product\/118856","targetHints":{"allow":["GET"]}}],"collection":[{"href":"https:\/\/gpl-love.com\/fr\/wp-json\/wp\/v2\/product"}],"about":[{"href":"https:\/\/gpl-love.com\/fr\/wp-json\/wp\/v2\/types\/product"}],"replies":[{"embeddable":true,"href":"https:\/\/gpl-love.com\/fr\/wp-json\/wp\/v2\/comments?post=118856"}],"wp:featuredmedia":[{"embeddable":true,"href":"https:\/\/gpl-love.com\/fr\/wp-json\/wp\/v2\/media\/144361"}],"wp:attachment":[{"href":"https:\/\/gpl-love.com\/fr\/wp-json\/wp\/v2\/media?parent=118856"}],"wp:term":[{"taxonomy":"product_brand","embeddable":true,"href":"https:\/\/gpl-love.com\/fr\/wp-json\/wp\/v2\/product_brand?post=118856"},{"taxonomy":"product_cat","embeddable":true,"href":"https:\/\/gpl-love.com\/fr\/wp-json\/wp\/v2\/product_cat?post=118856"},{"taxonomy":"product_tag","embeddable":true,"href":"https:\/\/gpl-love.com\/fr\/wp-json\/wp\/v2\/product_tag?post=118856"}],"curies":[{"name":"wp","href":"https:\/\/api.w.org\/{rel}","templated":true}]}}