{"id":118854,"date":"2025-05-13T00:00:00","date_gmt":"2025-05-12T22:00:00","guid":{"rendered":"https:\/\/gpl-love.com\/fr\/produit\/learnpress-mycred-integration\/"},"modified":"2026-03-20T23:22:13","modified_gmt":"2026-03-20T22:22:13","slug":"learnpress-mycred-integration","status":"publish","type":"product","link":"https:\/\/gpl-love.com\/fr\/produit\/learnpress-mycred-integration\/","title":{"rendered":"LearnPress myCRED Integration 4.0.2"},"content":{"rendered":"<h3>LearnPress myCRED Integration Traits<\/h3>\n<p>L&rsquo;int\u00e9gration LearnPress MyCred, un outil tr\u00e8s puissant, fonctionne pour faciliter l&rsquo;int\u00e9gration transparente de LearnPress, un plugin WordPress sp\u00e9cialis\u00e9 dans la cr\u00e9ation de cours en ligne, avec MyCred, un syst\u00e8me de gestion des points ing\u00e9nieux sp\u00e9cifiquement con\u00e7u pour les sites Web. Cette int\u00e9gration exceptionnelle vous offre la capacit\u00e9 remarquable \u00e0 r\u00e9compenser g\u00e9n\u00e9reusement vos \u00e9tudiants estim\u00e9s pour leurs r\u00e9alisations illustres dans vos cours en ligne estim\u00e9s au moyen de points, de badges et m\u00eame de certificats. De plus, la polyvalence de cette int\u00e9gration vous permet d&rsquo;\u00e9tablir et de mettre en \u0153uvre une vari\u00e9t\u00e9 de crit\u00e8res et de r\u00e9glementations distincts pour l&rsquo;attribution et la confusion de points \u00e0 vos \u00e9l\u00e8ves, tels que l&rsquo;ach\u00e8vement r\u00e9ussi d&rsquo;un cours ou le passage triomphal d&rsquo;un quiz. En outre, cette int\u00e9gration in\u00e9gal\u00e9e vous permet en outre de prolonger l&rsquo;opportunit\u00e9 extraordinaire pour vos \u00e9l\u00e8ves de racheter leurs points \u00e0 juste titre gagn\u00e9s contre des biens ou des services tangibles de leur choix dans le domaine physique. En exploitant le plein potentiel de l&rsquo;int\u00e9gration LearnPress MyCred, vous obtenez la capacit\u00e9 inestimable \u00e0 engager activement et \u00e0 inciter vos \u00e9tudiants \u00e0 l&rsquo;ach\u00e8vement glorieux de vos cours estim\u00e9s, am\u00e9liorant ainsi profond\u00e9ment leur all\u00e9geance in\u00e9branlable et leur fid\u00e9lit\u00e9 \u00e0 votre marque prestigieuse.<\/p>\n<ul>\n<li>Int\u00e8gre de mani\u00e8re transparente LearnPress et MyCred pour fournir un syst\u00e8me d&rsquo;apprentissage et de r\u00e9compense complet<\/li>\n<li>Permet un suivi et une gestion faciles des progr\u00e8s des \u00e9tudiants et des points de r\u00e9compense<\/li>\n<li>Offre des param\u00e8tres personnalisables pour l&rsquo;attribution et l&rsquo;\u00e9change de points en fonction d&rsquo;une vari\u00e9t\u00e9 de crit\u00e8res<\/li>\n<li>Permet aux instructeurs d&rsquo;inciter les comportements et les r\u00e9alisations souhait\u00e9s dans leurs cours<\/li>\n<li>Offre aux \u00e9tudiants une exp\u00e9rience d&rsquo;apprentissage motivante et engageante gr\u00e2ce \u00e0 l&rsquo;utilisation de points de r\u00e9compense<\/li>\n<li>Compatible avec une gamme de passerelles de paiement et de plates-formes de commerce \u00e9lectronique pour les options de paiement et de tarification flexibles.<\/li>\n<\/ul>\n","protected":false},"excerpt":{"rendered":"<p>L&rsquo;int\u00e9gration LearnPress MyCred est un composant suppl\u00e9mentaire du plugin LearnPress WordPress, qui pr\u00e9sente une int\u00e9gration transparente avec le plugin de gamification MyCred. Cette int\u00e9gration remarquable vous offre la capacit\u00e9 de conf\u00e9rer des points, des badges et une monnaie virtuelle sur vos \u00e9tudiants estim\u00e9s alors qu&rsquo;ils accomplissent avec succ\u00e8s des cours, des quiz, des missions et d&rsquo;autres activit\u00e9s d&rsquo;apprentissage sur votre estimation de plate-forme d&rsquo;apprentissage en ligne. En outre, ces gratifications peuvent \u00eatre utilis\u00e9es pour stimuler et inciter l&rsquo;engagement, la collaboration et d&rsquo;autres comportements propices qui harmonisent et maintiennent vos objectifs d&rsquo;apprentissage ch\u00e9ris. En vertu de l&rsquo;int\u00e9gration extraordinaire LearnPress MyCred, vous avez la capacit\u00e9 in\u00e9gal\u00e9e \u00e0 construire une exp\u00e9rience d&rsquo;apprentissage plus captivante et interactive, inculquant ainsi une motivation fervente au sein de vos \u00e9tudiants estim\u00e9s \u00e0 poursuivre ardemment les connaissances et \u00e0 atteindre leurs objectifs estim\u00e9s.<\/p>\n","protected":false},"featured_media":144360,"comment_status":"open","ping_status":"open","template":"","meta":[],"product_brand":[2582],"product_cat":[1189,1181,1186],"product_tag":[2190],"class_list":{"0":"post-118854","1":"product","2":"type-product","3":"status-publish","4":"has-post-thumbnail","6":"product_brand-learnpress","7":"product_cat-personnalisation","8":"product_cat-plugins","9":"product_cat-wordpress-plugins","10":"product_tag-learnpress","11":"member-discount","12":"discount-restricted","14":"first","15":"instock","16":"sale","17":"downloadable","18":"virtual","19":"sold-individually","20":"purchasable","21":"product-type-simple"},"_links":{"self":[{"href":"https:\/\/gpl-love.com\/fr\/wp-json\/wp\/v2\/product\/118854","targetHints":{"allow":["GET"]}}],"collection":[{"href":"https:\/\/gpl-love.com\/fr\/wp-json\/wp\/v2\/product"}],"about":[{"href":"https:\/\/gpl-love.com\/fr\/wp-json\/wp\/v2\/types\/product"}],"replies":[{"embeddable":true,"href":"https:\/\/gpl-love.com\/fr\/wp-json\/wp\/v2\/comments?post=118854"}],"wp:featuredmedia":[{"embeddable":true,"href":"https:\/\/gpl-love.com\/fr\/wp-json\/wp\/v2\/media\/144360"}],"wp:attachment":[{"href":"https:\/\/gpl-love.com\/fr\/wp-json\/wp\/v2\/media?parent=118854"}],"wp:term":[{"taxonomy":"product_brand","embeddable":true,"href":"https:\/\/gpl-love.com\/fr\/wp-json\/wp\/v2\/product_brand?post=118854"},{"taxonomy":"product_cat","embeddable":true,"href":"https:\/\/gpl-love.com\/fr\/wp-json\/wp\/v2\/product_cat?post=118854"},{"taxonomy":"product_tag","embeddable":true,"href":"https:\/\/gpl-love.com\/fr\/wp-json\/wp\/v2\/product_tag?post=118854"}],"curies":[{"name":"wp","href":"https:\/\/api.w.org\/{rel}","templated":true}]}}