{"id":118852,"date":"2026-01-24T00:00:00","date_gmt":"2026-01-23T23:00:00","guid":{"rendered":"https:\/\/gpl-love.com\/fr\/produit\/learnpress-instructor-commission\/"},"modified":"2026-03-20T23:22:12","modified_gmt":"2026-03-20T22:22:12","slug":"learnpress-instructor-commission","status":"publish","type":"product","link":"https:\/\/gpl-love.com\/fr\/produit\/learnpress-instructor-commission\/","title":{"rendered":"LearnPress Instructor Commission 4.0.5"},"content":{"rendered":"<h3>LearnPress Instructor Commission Traits<\/h3>\n<p>L&rsquo;outil LearnPress Instructor Commission offre aux instructeurs une opportunit\u00e9 innovante et lucrative de gagner des commissions pour les cours qu&rsquo;ils cr\u00e9ent et g\u00e8rent sur la plate-forme LearnPress. En utilisant ce plugin, les instructeurs gagnent la possibilit\u00e9 d&rsquo;\u00e9tablir leur propre taux de commission, ce qui leur permet de gagner une partie du prix du cours chaque fois qu&rsquo;un \u00e9tudiant ach\u00e8te l&rsquo;un de leurs cours. La Commission elle-m\u00eame est calcul\u00e9e en fonction du prix sp\u00e9cifique du cours, offrant aux instructeurs la possibilit\u00e9 de suivre leurs revenus et leurs paiements en temps r\u00e9el via un tableau de bord complet et interactif. Cet outil r\u00e9volutionnaire profite non seulement aux instructeurs en leur fournissant un moyen de mon\u00e9tiser leur expertise et leurs connaissances, mais il offre \u00e9galement une situation gagnant-gagnant pour la plate-forme dans son ensemble. En incitant les instructeurs \u00e0 produire des cours de haute qualit\u00e9 et \u00e0 attirer davantage d&rsquo;\u00e9tudiants, l&rsquo;outil de la Commission d&rsquo;instructeurs LearnPress g\u00e9n\u00e8re des revenus substantiels pour la plate-forme, contribuant \u00e0 sa r\u00e9ussite et \u00e0 sa croissance continue. En fin de compte, cet outil sert de catalyseur aux instructeurs pour partager leur expertise avec les \u00e9tudiants du monde entier, ce qui leur permet d&rsquo;acqu\u00e9rir de nouvelles comp\u00e9tences et de r\u00e9aliser leurs aspirations \u00e9ducatives.<\/p>\n<ul>\n<li>Permet aux instructeurs de gagner des commissions sur leurs ventes de cours<\/li>\n<li>Facile \u00e0 configurer et \u00e0 configurer<\/li>\n<li>Options de taux de commission flexible<\/li>\n<li>Fournit des fonctionnalit\u00e9s compl\u00e8tes de rapports et d&rsquo;analyses<\/li>\n<li>Int\u00e9gration transparente avec LearnPress LMS<\/li>\n<li>Aide les instructeurs mon\u00e9tiser leur expertise<\/li>\n<li>Encourage la cr\u00e9ation et l&rsquo;engagement des cours<\/li>\n<li>Augmente la motivation et la satisfaction de l&rsquo;instructeur<\/li>\n<li>Peut \u00eatre une source pr\u00e9cieuse de revenu passif pour les instructeurs<\/li>\n<li>Id\u00e9al pour les \u00e9tablissements d&rsquo;enseignement, les entreprises ou les enseignants individuels<\/li>\n<\/ul>\n","protected":false},"excerpt":{"rendered":"<p>La Commission Instructor LearnPress est un outil incroyablement robuste et inestimable qui permet aux \u00e9ducateurs et aux formateurs de profiter lucrative de leurs efforts inlassables et de leurs d\u00e9vouement. Ce produit r\u00e9volutionnaire accorde aux instructeurs la capacit\u00e9 transparente de surveiller et d&rsquo;analyser m\u00e9ticuleusement les b\u00e9n\u00e9fices de leur commission sur une base individuelle, tout en leur offrant simultan\u00e9ment la flexibilit\u00e9 sans pr\u00e9c\u00e9dent pour \u00e9tablir des taux de commission disparates pour chaque cours distinct qu&rsquo;ils offrent. En outre, cet outil exceptionnel permet \u00e9galement \u00e0 des instructeurs de gouverner et de superviser efficacement leur propre r\u00e9seau d&rsquo;affili\u00e9s. Sa facilit\u00e9 d&rsquo;utilisation in\u00e9gal\u00e9e et sa polyvalence in\u00e9gal\u00e9e en font un actif indispensable pour quiconque cherche \u00e0 capitaliser avec expertise sur le potentiel naissant de leur entreprise \u00e9ducative en ligne. Nous vous exhortons fortement \u00e0 saisir cette opportunit\u00e9 remarquable aujourd&rsquo;hui et \u00e0 commencer \u00e0 r\u00e9colter les r\u00e9compenses abondantes de votre pers\u00e9v\u00e9rance et de votre d\u00e9vouement in\u00e9branlables.<\/p>\n","protected":false},"featured_media":144359,"comment_status":"open","ping_status":"open","template":"","meta":[],"product_brand":[2582],"product_cat":[1189,1181,1186],"product_tag":[2190],"class_list":{"0":"post-118852","1":"product","2":"type-product","3":"status-publish","4":"has-post-thumbnail","6":"product_brand-learnpress","7":"product_cat-personnalisation","8":"product_cat-plugins","9":"product_cat-wordpress-plugins","10":"product_tag-learnpress","11":"member-discount","12":"discount-restricted","14":"first","15":"instock","16":"sale","17":"downloadable","18":"virtual","19":"sold-individually","20":"purchasable","21":"product-type-simple"},"_links":{"self":[{"href":"https:\/\/gpl-love.com\/fr\/wp-json\/wp\/v2\/product\/118852","targetHints":{"allow":["GET"]}}],"collection":[{"href":"https:\/\/gpl-love.com\/fr\/wp-json\/wp\/v2\/product"}],"about":[{"href":"https:\/\/gpl-love.com\/fr\/wp-json\/wp\/v2\/types\/product"}],"replies":[{"embeddable":true,"href":"https:\/\/gpl-love.com\/fr\/wp-json\/wp\/v2\/comments?post=118852"}],"wp:featuredmedia":[{"embeddable":true,"href":"https:\/\/gpl-love.com\/fr\/wp-json\/wp\/v2\/media\/144359"}],"wp:attachment":[{"href":"https:\/\/gpl-love.com\/fr\/wp-json\/wp\/v2\/media?parent=118852"}],"wp:term":[{"taxonomy":"product_brand","embeddable":true,"href":"https:\/\/gpl-love.com\/fr\/wp-json\/wp\/v2\/product_brand?post=118852"},{"taxonomy":"product_cat","embeddable":true,"href":"https:\/\/gpl-love.com\/fr\/wp-json\/wp\/v2\/product_cat?post=118852"},{"taxonomy":"product_tag","embeddable":true,"href":"https:\/\/gpl-love.com\/fr\/wp-json\/wp\/v2\/product_tag?post=118852"}],"curies":[{"name":"wp","href":"https:\/\/api.w.org\/{rel}","templated":true}]}}