{"id":118848,"date":"2025-10-21T00:00:00","date_gmt":"2025-10-20T22:00:00","guid":{"rendered":"https:\/\/gpl-love.com\/fr\/produit\/learnpress-collections\/"},"modified":"2026-03-20T23:22:10","modified_gmt":"2026-03-20T22:22:10","slug":"learnpress-collections","status":"publish","type":"product","link":"https:\/\/gpl-love.com\/fr\/produit\/learnpress-collections\/","title":{"rendered":"LearnPress Collections 4.0.4"},"content":{"rendered":"<h3>LearnPress Collections Traits<\/h3>\n<p>LearnPress Collections, un syst\u00e8me de gestion de l&rsquo;apprentissage innovant et de pointe, a \u00e9t\u00e9 sp\u00e9cifiquement d\u00e9velopp\u00e9 pour fournir aux enseignants et aux \u00e9tudiants une interface tr\u00e8s dynamique et conviviale. Ce produit exceptionnel autorise non seulement les enseignants, mais leur permet \u00e9galement de cr\u00e9er et de g\u00e9rer efficacement des collections personnalis\u00e9es de cours, de quiz et de missions, facilitant ainsi le processus d&rsquo;adaptation de leur approche p\u00e9dagogique des besoins et des int\u00e9r\u00eats individuels et individuels de leurs \u00e9l\u00e8ves. En outre, les \u00e9tudiants sont \u00e9galement tr\u00e8s avantageux par ce produit remarquable, car il leur accorde un acc\u00e8s \u00e0 une vaste gamme de ressources \u00e9ducatives de premier ordre qui ont \u00e9t\u00e9 m\u00e9ticuleusement personnalis\u00e9es pour s&rsquo;adapter \u00e0 leurs propres pr\u00e9f\u00e9rences et styles d&rsquo;apprentissage. De plus, LearnPress Collections est \u00e9quip\u00e9 d&rsquo;un \u00e9ventail d&rsquo;outils d&rsquo;analyse puissants et sophistiqu\u00e9s, qui permet aux enseignants de suivre sans effort les progr\u00e8s de leurs \u00e9l\u00e8ves et d&rsquo;identifier avec pr\u00e9cision des domaines sp\u00e9cifiques o\u00f9 un soutien et des conseils suppl\u00e9mentaires peuvent \u00eatre n\u00e9cessaires. Dans l&rsquo;ensemble, il est \u00e9vident que les collections LearnPress repr\u00e9sentent un outil absolument indispensable et vital pour chaque \u00e9ducateur d\u00e9vou\u00e9 qui est d\u00e9termin\u00e9 \u00e0 am\u00e9liorer consid\u00e9rablement l&rsquo;exp\u00e9rience d&rsquo;apprentissage globale et finalement \u00e0 am\u00e9liorer les r\u00e9sultats \u00e9ducatifs de leurs \u00e9l\u00e8ves.<\/p>\n<ul>\n<li>Permet aux utilisateurs d&rsquo;organiser des cours dans des collections pour un acc\u00e8s rationalis\u00e9<\/li>\n<li>Personnalise facilement l&rsquo;affichage des collections avec des mod\u00e8les et des hi\u00e9rarchies<\/li>\n<li>Int\u00e9gre parfaitement \u00e0 LearnPress LMS pour une configuration et une utilisation faciles<\/li>\n<li>Offre une vari\u00e9t\u00e9 de types de collection, y compris le sujet, bas\u00e9 sur le sujet et cr\u00e9\u00e9 par l&rsquo;utilisateur<\/li>\n<li>Fournit une interface de glisser-d\u00e9poser simple pour g\u00e9rer et r\u00e9organiser les cours dans les collections<\/li>\n<li>Permet aux utilisateurs de partager des collections avec d&rsquo;autres, y compris des \u00e9tudiants, des instructeurs ou des coll\u00e8gues<\/li>\n<li>Offre un contr\u00f4le granulaire sur l&rsquo;acc\u00e8s aux collections au niveau de l&rsquo;utilisateur, du groupe et du cours<\/li>\n<li>Permet aux utilisateurs d&rsquo;afficher en \u00e9vidence les collections en vedette sur la page d&rsquo;accueil de leur LMS<\/li>\n<li>Fournit des analyses d\u00e9taill\u00e9es sur l&rsquo;engagement des \u00e9tudiants avec les collections, y compris les vues, les inscriptions et les ach\u00e8vement<\/li>\n<li>Prend en charge un large \u00e9ventail de contenus multim\u00e9dias et interactifs, y compris des vid\u00e9os, des quiz, des missions, etc.<\/li>\n<\/ul>\n","protected":false},"excerpt":{"rendered":"<p>Les collections LearnPress, un syst\u00e8me de gestion d&rsquo;apprentissage incroyablement robuste, ont \u00e9t\u00e9 m\u00e9ticuleusement con\u00e7ues pour faciliter l&rsquo;organisation et l&rsquo;administration de votre mat\u00e9riel de cours en ligne. Ce plugin exceptionnel accorde aux utilisateurs la possibilit\u00e9 de fa\u00e7onner des collections sur mesure compos\u00e9es de le\u00e7ons, de quiz et d&rsquo;une pl\u00e9thore d&rsquo;autres contenus \u00e9ducatifs, rationalisant ainsi le processus de surveillance de l&rsquo;avancement des \u00e9l\u00e8ves et de favoriser un environnement propice \u00e0 un apprentissage efficace. L&rsquo;interface remarquablement conviviale, coupl\u00e9e aux innombrables fonctionnalit\u00e9s personnalisables offertes, assure un moyen transparent et tr\u00e8s efficace de g\u00e9rer votre contenu de cours tout en captivant activement les apprenants. Les instructeurs utilisant des collections LearnPress g\u00e9n\u00e9reront sans effort, organiseront et diffuseront le mat\u00e9riel de cours captivant \u00e0 leurs \u00e9tudiants impatients.<\/p>\n","protected":false},"featured_media":144356,"comment_status":"open","ping_status":"open","template":"","meta":[],"product_brand":[2582],"product_cat":[1189,1181,1186],"product_tag":[2190],"class_list":{"0":"post-118848","1":"product","2":"type-product","3":"status-publish","4":"has-post-thumbnail","6":"product_brand-learnpress","7":"product_cat-personnalisation","8":"product_cat-plugins","9":"product_cat-wordpress-plugins","10":"product_tag-learnpress","11":"member-discount","12":"discount-restricted","14":"first","15":"instock","16":"sale","17":"downloadable","18":"virtual","19":"sold-individually","20":"purchasable","21":"product-type-simple"},"_links":{"self":[{"href":"https:\/\/gpl-love.com\/fr\/wp-json\/wp\/v2\/product\/118848","targetHints":{"allow":["GET"]}}],"collection":[{"href":"https:\/\/gpl-love.com\/fr\/wp-json\/wp\/v2\/product"}],"about":[{"href":"https:\/\/gpl-love.com\/fr\/wp-json\/wp\/v2\/types\/product"}],"replies":[{"embeddable":true,"href":"https:\/\/gpl-love.com\/fr\/wp-json\/wp\/v2\/comments?post=118848"}],"wp:featuredmedia":[{"embeddable":true,"href":"https:\/\/gpl-love.com\/fr\/wp-json\/wp\/v2\/media\/144356"}],"wp:attachment":[{"href":"https:\/\/gpl-love.com\/fr\/wp-json\/wp\/v2\/media?parent=118848"}],"wp:term":[{"taxonomy":"product_brand","embeddable":true,"href":"https:\/\/gpl-love.com\/fr\/wp-json\/wp\/v2\/product_brand?post=118848"},{"taxonomy":"product_cat","embeddable":true,"href":"https:\/\/gpl-love.com\/fr\/wp-json\/wp\/v2\/product_cat?post=118848"},{"taxonomy":"product_tag","embeddable":true,"href":"https:\/\/gpl-love.com\/fr\/wp-json\/wp\/v2\/product_tag?post=118848"}],"curies":[{"name":"wp","href":"https:\/\/api.w.org\/{rel}","templated":true}]}}