{"id":118846,"date":"2025-12-25T00:00:00","date_gmt":"2025-12-24T23:00:00","guid":{"rendered":"https:\/\/gpl-love.com\/fr\/produit\/learnpress-co-instructors\/"},"modified":"2026-03-20T23:22:09","modified_gmt":"2026-03-20T22:22:09","slug":"learnpress-co-instructors","status":"publish","type":"product","link":"https:\/\/gpl-love.com\/fr\/produit\/learnpress-co-instructors\/","title":{"rendered":"LearnPress Co Instructors 4.0.9"},"content":{"rendered":"<h3>LearnPress Co Instructors Traits<\/h3>\n<p>Les instructeurs LearnPress Co sont fiers d&rsquo;\u00eatre un syst\u00e8me de gestion de l&rsquo;apprentissage incroyablement efficace et complet, offrant aux instructeurs la possibilit\u00e9 de cr\u00e9er et de g\u00e9rer facilement leurs cours en ligne. Cette plate-forme robuste permet aux instructeurs d&rsquo;incorporer de mani\u00e8re transparente le multim\u00e9dia, les quiz et divers autres \u00e9l\u00e9ments interactifs dans leurs cours, am\u00e9liorant davantage l&rsquo;exp\u00e9rience d&rsquo;apprentissage globale. L&rsquo;interface intuitive simplifie consid\u00e9rablement le processus d&rsquo;organisation et de suivi des progr\u00e8s des \u00e9l\u00e8ves, garantissant que les instructeurs sont toujours en boucle. De plus, les puissants outils de rapports fournissent des informations et des analyses inestimables sur les performances de chaque cours, permettant aux instructeurs de prendre des d\u00e9cisions bas\u00e9es sur les donn\u00e9es et d&rsquo;optimiser leurs strat\u00e9gies d&rsquo;enseignement. De plus, les instructeurs LearnPress Co vont au-del\u00e0 en offrant un large \u00e9ventail d&rsquo;options personnalisables, permettant aux instructeurs d&rsquo;adapter leurs cours pour s&rsquo;aligner parfaitement sur les besoins et les pr\u00e9f\u00e9rences uniques de leurs \u00e9tudiants. En conclusion, les instructeurs LearnPress Co sont un outil indispensable pour les \u00e9ducateurs qui cherchent \u00e0 cr\u00e9er des cours en ligne vraiment engageants et percutants.<\/p>\n<ul>\n<li>Acc\u00e8s \u00e0 des instructeurs exp\u00e9riment\u00e9s et chevronn\u00e9s<\/li>\n<li>M\u00e9thodologie d&rsquo;enseignement compl\u00e8te et pratique<\/li>\n<li>Programmes de formation personnalis\u00e9s pour r\u00e9pondre aux besoins individuels<\/li>\n<li>\u00c9valuations r\u00e9guli\u00e8res et s\u00e9ances de r\u00e9troaction pour suivre les progr\u00e8s<\/li>\n<li>Sessions en ligne interactives pour la collaboration et le soutien en direct<\/li>\n<li>Certifications professionnelles \u00e0 la fin du cours<\/li>\n<li>Acc\u00e8s \u00e0 une communaut\u00e9 dynamique d&rsquo;apprenants et de mentors<\/li>\n<li>Opportunit\u00e9s continues d&rsquo;apprentissage et d&rsquo;am\u00e9lioration des comp\u00e9tences.<\/li>\n<\/ul>\n","protected":false},"excerpt":{"rendered":"<p>Les instructeurs LearnPress Co sont une plate-forme d&rsquo;apprentissage en ligne extr\u00eamement compl\u00e8te et tr\u00e8s avanc\u00e9e qui a \u00e9t\u00e9 sp\u00e9cialement con\u00e7ue et adapt\u00e9e pour r\u00e9pondre aux besoins et aux exigences des \u00e9ducateurs qui aspirent \u00e0 cr\u00e9er et \u00e0 contr\u00f4ler et \u00e0 contr\u00f4ler efficacement leurs propres cours. Cet outil innovant et de pointe vous permet habilement de g\u00e9n\u00e9rer des cours en ligne sans effort et efficacement, en incorporant un \u00e9ventail de fichiers multim\u00e9dias, de quiz et de missions, afin de diffuser et de transmettre efficacement les connaissances \u00e0 vos \u00e9tudiants estim\u00e9s. En outre, cette plate-forme exceptionnelle facilite la configuration et l&rsquo;\u00e9tablissement de forums de discussion, permettant une communication transparente et dynamique entre vos \u00e9l\u00e8ves. De plus, il vous offre la capacit\u00e9 inestimable \u00e0 surveiller et examiner de pr\u00e8s les progr\u00e8s et le d\u00e9veloppement de vos \u00e9tudiants, tout en g\u00e9rant simultan\u00e9ment le contenu de vos cours avec facilit\u00e9 et finesse. Par cons\u00e9quent, il est ind\u00e9niablement \u00e9vident que cette plate-forme conviviale et intuitive, LearnPress Co Instructeurs, sert de la quintessence de l&rsquo;excellence et de la perfection, en particulier pour les \u00e9ducateurs en ligne novices et exp\u00e9riment\u00e9s, car il am\u00e9liore et augmente consid\u00e9rablement la qualit\u00e9 et l&rsquo;efficacit\u00e9 de leur leur M\u00e9thodologies et pratiques d&rsquo;enseignement.<\/p>\n","protected":false},"featured_media":144355,"comment_status":"open","ping_status":"open","template":"","meta":[],"product_brand":[2582],"product_cat":[1189,1181,1186],"product_tag":[2190],"class_list":{"0":"post-118846","1":"product","2":"type-product","3":"status-publish","4":"has-post-thumbnail","6":"product_brand-learnpress","7":"product_cat-personnalisation","8":"product_cat-plugins","9":"product_cat-wordpress-plugins","10":"product_tag-learnpress","11":"member-discount","12":"discount-restricted","14":"first","15":"instock","16":"sale","17":"downloadable","18":"virtual","19":"sold-individually","20":"purchasable","21":"product-type-simple"},"_links":{"self":[{"href":"https:\/\/gpl-love.com\/fr\/wp-json\/wp\/v2\/product\/118846","targetHints":{"allow":["GET"]}}],"collection":[{"href":"https:\/\/gpl-love.com\/fr\/wp-json\/wp\/v2\/product"}],"about":[{"href":"https:\/\/gpl-love.com\/fr\/wp-json\/wp\/v2\/types\/product"}],"replies":[{"embeddable":true,"href":"https:\/\/gpl-love.com\/fr\/wp-json\/wp\/v2\/comments?post=118846"}],"wp:featuredmedia":[{"embeddable":true,"href":"https:\/\/gpl-love.com\/fr\/wp-json\/wp\/v2\/media\/144355"}],"wp:attachment":[{"href":"https:\/\/gpl-love.com\/fr\/wp-json\/wp\/v2\/media?parent=118846"}],"wp:term":[{"taxonomy":"product_brand","embeddable":true,"href":"https:\/\/gpl-love.com\/fr\/wp-json\/wp\/v2\/product_brand?post=118846"},{"taxonomy":"product_cat","embeddable":true,"href":"https:\/\/gpl-love.com\/fr\/wp-json\/wp\/v2\/product_cat?post=118846"},{"taxonomy":"product_tag","embeddable":true,"href":"https:\/\/gpl-love.com\/fr\/wp-json\/wp\/v2\/product_tag?post=118846"}],"curies":[{"name":"wp","href":"https:\/\/api.w.org\/{rel}","templated":true}]}}