{"id":118842,"date":"2024-03-04T00:00:00","date_gmt":"2024-03-03T23:00:00","guid":{"rendered":"https:\/\/gpl-love.com\/fr\/produit\/learnpress-authorizenet-payment-addon\/"},"modified":"2026-03-20T23:22:07","modified_gmt":"2026-03-20T22:22:07","slug":"learnpress-authorizenet-payment-addon","status":"publish","type":"product","link":"https:\/\/gpl-love.com\/fr\/produit\/learnpress-authorizenet-payment-addon\/","title":{"rendered":"LearnPress Authorize.Net Payment Addon 4.0.1"},"content":{"rendered":"<h3>LearnPress Authorize.Net Payment Addon Traits<\/h3>\n<p>L&rsquo;addition de paiement LearnPress Authorize.net est un outil extr\u00eamement robuste et tr\u00e8s efficace qui a \u00e9t\u00e9 strat\u00e9giquement con\u00e7u pour rationaliser et optimiser les processus de paiement en ligne de diverses entreprises et organisations. En int\u00e9grant de mani\u00e8re transparente la passerelle de paiement Authorize.net immens\u00e9ment populaire \u00e0 leurs cours LearnPress, les utilisateurs sont habilit\u00e9s \u00e0 une exp\u00e9rience de traitement de paiement s\u00e9curis\u00e9e et totalement sans tracas. Que vous cherchiez \u00e0 accepter sans effort les paiements pour votre vaste gamme de cours d&rsquo;apprentissage en ligne, de cours en ligne ou de tout autre produit num\u00e9rique, cet addon exceptionnel simplifie et acc\u00e9l\u00e8re consid\u00e9rablement toute la proc\u00e9dure. De plus, avec une vaste gamme de param\u00e8tres personnalisables et de fonctionnalit\u00e9s exceptionnellement conviviales, l&rsquo;addition de paiement LearnPress autorise.net appara\u00eet ind\u00e9niablement comme un outil absolument indispensable pour chaque organisation exigeante aspirant \u00e0 r\u00e9volutionner et \u00e0 am\u00e9liorer leurs capacit\u00e9s de paiement en ligne \u00e0 des hauteurs sans pr\u00e9c\u00e9dent.<\/p>\n<ul>\n<li>Int\u00e8gre LearnPress \u00e0 la passerelle de paiement populaire, Autorize.net<\/li>\n<li>Permet aux utilisateurs de effectuer facilement des paiements pour les cours en ligne sur LearnPress<\/li>\n<li>Traitement de paiement s\u00e9curis\u00e9 et fiable<\/li>\n<li>Prend en charge plusieurs devises pour les transactions internationales<\/li>\n<li>Interface conviviale pour le processus de paiement transparent<\/li>\n<li>Option pour enregistrer les informations de paiement pour les transactions futures<\/li>\n<li>Compatible avec diverses m\u00e9thodes de paiement, y compris les cartes de cr\u00e9dit et les cochets<\/li>\n<li>Autorisation de paiement en temps r\u00e9el pour un acc\u00e8s imm\u00e9diat au cours<\/li>\n<li>Automatise les confirmations et re\u00e7us de paiement, r\u00e9duisant les travaux administratifs<\/li>\n<li>Processus d&rsquo;installation rapide et facile<\/li>\n<\/ul>\n","protected":false},"excerpt":{"rendered":"<p>L&rsquo;addition de paiement LearnPress autorise.net, qui est un outil indispensable pour les fournisseurs de cours en ligne souhaitant int\u00e9grer de mani\u00e8re transparente des alternatives de paiement s\u00e9curis\u00e9es, pr\u00e9sente aux utilisateurs la possibilit\u00e9 d&rsquo;\u00e9tablir et de personnaliser les formulaires de paie et les transactions sans effort pour les \u00e9tudiants. B\u00e9n\u00e9ficiant d&rsquo;une pl\u00e9thore de fonctionnalit\u00e9s avanc\u00e9es telles que des paiements r\u00e9currents, des m\u00e9thodes de paiement \u00e9conomiques et la capacit\u00e9 de d\u00e9tecter des activit\u00e9s frauduleuses, le LearnPress autorise.net Addon de paiement assure un processus de paiement d\u00e9pourvu de toute complication. Sans aucun doute, cet addon est le choix id\u00e9al pour les personnes cherchant \u00e0 mon\u00e9tiser sans effort leur contenu d&rsquo;apprentissage en ligne.<\/p>\n","protected":false},"featured_media":144353,"comment_status":"open","ping_status":"open","template":"","meta":[],"product_brand":[2582],"product_cat":[1253,1181,1186],"product_tag":[2190],"class_list":{"0":"post-118842","1":"product","2":"type-product","3":"status-publish","4":"has-post-thumbnail","6":"product_brand-learnpress","7":"product_cat-paiement","8":"product_cat-plugins","9":"product_cat-wordpress-plugins","10":"product_tag-learnpress","11":"member-discount","12":"discount-restricted","14":"first","15":"instock","16":"sale","17":"downloadable","18":"virtual","19":"sold-individually","20":"purchasable","21":"product-type-simple"},"_links":{"self":[{"href":"https:\/\/gpl-love.com\/fr\/wp-json\/wp\/v2\/product\/118842","targetHints":{"allow":["GET"]}}],"collection":[{"href":"https:\/\/gpl-love.com\/fr\/wp-json\/wp\/v2\/product"}],"about":[{"href":"https:\/\/gpl-love.com\/fr\/wp-json\/wp\/v2\/types\/product"}],"replies":[{"embeddable":true,"href":"https:\/\/gpl-love.com\/fr\/wp-json\/wp\/v2\/comments?post=118842"}],"wp:featuredmedia":[{"embeddable":true,"href":"https:\/\/gpl-love.com\/fr\/wp-json\/wp\/v2\/media\/144353"}],"wp:attachment":[{"href":"https:\/\/gpl-love.com\/fr\/wp-json\/wp\/v2\/media?parent=118842"}],"wp:term":[{"taxonomy":"product_brand","embeddable":true,"href":"https:\/\/gpl-love.com\/fr\/wp-json\/wp\/v2\/product_brand?post=118842"},{"taxonomy":"product_cat","embeddable":true,"href":"https:\/\/gpl-love.com\/fr\/wp-json\/wp\/v2\/product_cat?post=118842"},{"taxonomy":"product_tag","embeddable":true,"href":"https:\/\/gpl-love.com\/fr\/wp-json\/wp\/v2\/product_tag?post=118842"}],"curies":[{"name":"wp","href":"https:\/\/api.w.org\/{rel}","templated":true}]}}