{"id":118813,"date":"2026-02-26T00:00:00","date_gmt":"2026-02-25T23:00:00","guid":{"rendered":"https:\/\/gpl-love.com\/fr\/produit\/kadence-woocommerce-extras\/"},"modified":"2026-04-02T12:30:27","modified_gmt":"2026-04-02T10:30:27","slug":"kadence-woocommerce-extras","status":"publish","type":"product","link":"https:\/\/gpl-love.com\/fr\/produit\/kadence-woocommerce-extras\/","title":{"rendered":"Kadence WooCommerce Extras 2.4.15.1"},"content":{"rendered":"<h3>Kadence WooCommerce Extras Traits<\/h3>\n<p>Kadence WooCommerce Extras, un plugin complet sp\u00e9cialement d\u00e9velopp\u00e9 pour WooCommerce, vise \u00e0 augmenter les capacit\u00e9s op\u00e9rationnelles de votre boutique en ligne. Il a \u00e9t\u00e9 con\u00e7u de mani\u00e8re complexe pour faciliter la personnalisation des magasins sans effort et am\u00e9liorer l&rsquo;exp\u00e9rience utilisateur, garantissant la plus grande commodit\u00e9 pour vos pr\u00e9cieux clients. Avec l&rsquo;utilisation des extras de Kadence WooCommerce, vous \u00eates autoris\u00e9 \u00e0 incorporer des champs personnalis\u00e9s et exclusifs \u00e0 vos produits, \u00e0 construire des faisceaux de produits innovants et m\u00eame \u00e0 b\u00e9n\u00e9ficier d&rsquo;alternatives de prix dynamiques. De plus, vous poss\u00e9dez la possibilit\u00e9 de construire des mod\u00e8les de produits sur mesure, des pages de paiement organis\u00e9es qui d\u00e9gagent le caract\u00e8re unique et d&rsquo;optimiser votre boutique en ligne pour r\u00e9pondre aux besoins des utilisateurs d&rsquo;appareils mobiles. Ce plugin sert de solution optimale aux individus aspirant \u00e0 \u00e9lever le statut de leur magasin WooCommerce, tout en offrant simultan\u00e9ment \u00e0 leurs clients une exp\u00e9rience d&rsquo;achat impeccablement transparente.<\/p>\n<ul>\n<li>Am\u00e9liore la fonctionnalit\u00e9 WooCommerce avec des fonctionnalit\u00e9s et des options suppl\u00e9mentaires<\/li>\n<li>Comprend des options de produit avanc\u00e9es telles que les \u00e9chantillons de couleurs et la galerie d&rsquo;images<\/li>\n<li>Active les onglets de produit personnalis\u00e9s pour afficher des informations sur le produit unique<\/li>\n<li>Permet aux champs de paiement personnalis\u00e9s de collecter des informations suppl\u00e9mentaires sur les clients<\/li>\n<li>Fournit des mod\u00e8les de messagerie personnalisables pour la confirmation de commande et d&rsquo;autres notifications<\/li>\n<li>S&rsquo;int\u00e8gre aux passerelles de paiement populaires et aux m\u00e9thodes d&rsquo;exp\u00e9dition<\/li>\n<li>Comprend un g\u00e9n\u00e9rateur de formulaire de glisser-d\u00e9poser pour cr\u00e9er des formulaires personnalis\u00e9s<\/li>\n<li>Offre une prise en charge multi-monnaie pour les transactions mondiales<\/li>\n<li>Comprend une fonctionnalit\u00e9 de bundle de produits pour offrir des r\u00e9ductions sur plusieurs articles<\/li>\n<li>Fournit des rapports et des analyses d\u00e9taill\u00e9s pour suivre les ventes et le comportement des clients.<\/li>\n<\/ul>\n","protected":false},"excerpt":{"rendered":"<p>Kadence WooCommerce Extras, un module compl\u00e9mentaire incroyablement robuste pour le plugin WooCommerce tr\u00e8s acclam\u00e9, poss\u00e8de un large \u00e9ventail de fonctionnalit\u00e9s visant \u00e0 \u00e9lever et \u00e0 amplifier la fonctionnalit\u00e9 globale de votre boutique en ligne estim\u00e9e. Ce plugin ph\u00e9nom\u00e9nal vous accorde la capacit\u00e9 in\u00e9gal\u00e9e \u00e0 adapter m\u00e9ticuleusement votre page de paiement en incorporant des champs suppl\u00e9mentaires, vous offrant la possibilit\u00e9 d&rsquo;ajouter sans effort des options de produits personnalis\u00e9es ou m\u00eame des faisceaux complexes. De plus, il vous permet de la capacit\u00e9 d&rsquo;activer la fonctionnalit\u00e9 de comparaison des produits et une pl\u00e9thore d&rsquo;autres attributs impressionnants. Lib\u00e9rant le v\u00e9ritable potentiel de votre entreprise en ligne, Kadence WooCommerce Extras vous permet de personnaliser impeccablement votre vitrine num\u00e9rique, r\u00e9pondant ainsi \u00e0 vos exigences uniques et sp\u00e9cifiques, aboutissant finalement \u00e0 la cr\u00e9ation d&rsquo;une exp\u00e9rience d&rsquo;achat indubitable qui captivera et enthousiasmera votre client\u00e8le estim\u00e9.<\/p>\n","protected":false},"featured_media":144305,"comment_status":"open","ping_status":"open","template":"","meta":[],"product_brand":[2460],"product_cat":[1182,1223,1181],"product_tag":[1845],"class_list":{"0":"post-118813","1":"product","2":"type-product","3":"status-publish","4":"has-post-thumbnail","6":"product_brand-kadence-wp","7":"product_cat-commerce-electronique-plugins","8":"product_cat-personnalisation-commerce-electronique-plugins","9":"product_cat-plugins","10":"product_tag-kadence-wp","11":"member-discount","12":"discount-restricted","14":"first","15":"instock","16":"sale","17":"downloadable","18":"virtual","19":"sold-individually","20":"purchasable","21":"product-type-simple"},"_links":{"self":[{"href":"https:\/\/gpl-love.com\/fr\/wp-json\/wp\/v2\/product\/118813","targetHints":{"allow":["GET"]}}],"collection":[{"href":"https:\/\/gpl-love.com\/fr\/wp-json\/wp\/v2\/product"}],"about":[{"href":"https:\/\/gpl-love.com\/fr\/wp-json\/wp\/v2\/types\/product"}],"replies":[{"embeddable":true,"href":"https:\/\/gpl-love.com\/fr\/wp-json\/wp\/v2\/comments?post=118813"}],"wp:featuredmedia":[{"embeddable":true,"href":"https:\/\/gpl-love.com\/fr\/wp-json\/wp\/v2\/media\/144305"}],"wp:attachment":[{"href":"https:\/\/gpl-love.com\/fr\/wp-json\/wp\/v2\/media?parent=118813"}],"wp:term":[{"taxonomy":"product_brand","embeddable":true,"href":"https:\/\/gpl-love.com\/fr\/wp-json\/wp\/v2\/product_brand?post=118813"},{"taxonomy":"product_cat","embeddable":true,"href":"https:\/\/gpl-love.com\/fr\/wp-json\/wp\/v2\/product_cat?post=118813"},{"taxonomy":"product_tag","embeddable":true,"href":"https:\/\/gpl-love.com\/fr\/wp-json\/wp\/v2\/product_tag?post=118813"}],"curies":[{"name":"wp","href":"https:\/\/api.w.org\/{rel}","templated":true}]}}