{"id":118811,"date":"2026-01-10T00:00:00","date_gmt":"2026-01-09T23:00:00","guid":{"rendered":"https:\/\/gpl-love.com\/fr\/produit\/user-dashboard-pour-mec\/"},"modified":"2026-04-10T18:44:34","modified_gmt":"2026-04-10T16:44:34","slug":"user-dashboard-pour-mec","status":"publish","type":"product","link":"https:\/\/gpl-love.com\/fr\/produit\/user-dashboard-pour-mec\/","title":{"rendered":"Modern Events Calendar User Dashboard 1.6.5"},"content":{"rendered":"<h3>Modern Events Calendar User Dashboard Traits<\/h3>\n<p>Le tableau de bord des utilisateurs du calendrier des \u00e9v\u00e9nements modernes est une plate-forme compl\u00e8te qui a \u00e9t\u00e9 m\u00e9ticuleusement con\u00e7ue pour r\u00e9pondre aux besoins des organisateurs d&rsquo;\u00e9v\u00e9nements, en les permettant de naviguer sans effort dans les subtilit\u00e9s de la gestion d&rsquo;\u00e9v\u00e9nements. Gr\u00e2ce \u00e0 son interface conviviale, les utilisateurs peuvent cr\u00e9er, modifier et superviser de mani\u00e8re transparente les \u00e9v\u00e9nements avec la plus grande simplicit\u00e9. La disposition intuitive du tableau de bord sert de centre central, offrant aux planificateurs des \u00e9v\u00e9nements un acc\u00e8s facile \u00e0 toutes les informations li\u00e9es aux \u00e9v\u00e9nements vitaux, englobant des \u00e9l\u00e9ments cruciaux tels que la vente de billets, les d\u00e9tails des participants et les d\u00e9tails des \u00e9v\u00e9nements. De plus, ce tableau de bord innovant offre \u00e9galement aux utilisateurs la possibilit\u00e9 de personnaliser leurs \u00e9v\u00e9nements, leur accordant la libert\u00e9 de choisir parmi une pl\u00e9thore de mod\u00e8les, de th\u00e8mes et de conceptions. En outre, il s&rsquo;int\u00e8gre parfaitement \u00e0 diverses autres plateformes et outils qui jouent un r\u00f4le central dans l&rsquo;organisation des \u00e9v\u00e9nements, y compris les plateformes de m\u00e9dias sociaux, les services de marketing par e-mail et les passerelles de paiement s\u00e9curis\u00e9es. En substance, le tableau de bord des utilisateurs du calendrier des \u00e9v\u00e9nements modernes illustre une approche holistique de la gestion des \u00e9v\u00e9nements, garantissant une exp\u00e9rience in\u00e9gal\u00e9e et sans stress pour les organisateurs d&rsquo;\u00e9v\u00e9nements et les participants.<\/p>\n<ul>\n<li>Interface conviviale con\u00e7ue pour une navigation facile<\/li>\n<li>Acc\u00e8s \u00e0 tous les \u00e9v\u00e9nements \u00e0 venir et \u00e9v\u00e9nements pass\u00e9s pr\u00e9sents<\/li>\n<li>Capacit\u00e9 \u00e0 RSVP \u00e0 des \u00e9v\u00e9nements et \u00e0 afficher le statut RSVP<\/li>\n<li>Option pour cr\u00e9er et g\u00e9rer des \u00e9v\u00e9nements personnels<\/li>\n<li>Recommandations d&rsquo;\u00e9v\u00e9nements personnalis\u00e9s bas\u00e9s sur l&rsquo;historique et les pr\u00e9f\u00e9rences de la fr\u00e9quentation pr\u00e9c\u00e9dents<\/li>\n<li>Notifications d&rsquo;\u00e9v\u00e9nements personnalisables et rappels<\/li>\n<li>Int\u00e9gration avec des applications de calendrier populaires pour la planification et la planification transparentes<\/li>\n<li>Mises \u00e0 jour en temps r\u00e9el et modifications des informations sur l&rsquo;\u00e9v\u00e9nement<\/li>\n<li>Cartes et directions interactives vers les emplacements des \u00e9v\u00e9nements<\/li>\n<li>Fonctionnement de chat dans l&rsquo;application pour la communication avec les organisateurs d&rsquo;\u00e9v\u00e9nements et d&rsquo;autres participants.<\/li>\n<\/ul>\n","protected":false},"excerpt":{"rendered":"<p>Le tableau de bord des utilisateurs du calendrier moderne pr\u00e9sente les organisateurs d&rsquo;\u00e9v\u00e9nements avec une solution id\u00e9ale pour superviser efficacement et efficacement leurs \u00e9v\u00e9nements. Offrant une interface intuitive et conviviale, ce tableau de bord donne aux utilisateurs la possibilit\u00e9 d&rsquo;ajouter, de modifier et de superviser sans effort les \u00e9v\u00e9nements dans un \u00e9cran singulier. De plus, des statistiques d&rsquo;\u00e9v\u00e9nements essentiels telles que la vente de billets, la fr\u00e9quentation, les revenus et divers autres peuvent \u00eatre accessibles sans effort. De plus, ce tableau de bord offre des options de personnalisation compl\u00e8tes, permettant aux utilisateurs de personnaliser l&rsquo;apparence et l&rsquo;ambiance pour s&rsquo;aligner pr\u00e9cis\u00e9ment avec leur marque. En outre, il s&rsquo;int\u00e8gre parfaitement au plugin Calendrier des \u00e9v\u00e9nements modernes, facilitant ainsi un processus de gestion d&rsquo;\u00e9v\u00e9nements transparent qui s&rsquo;\u00e9tend de l&rsquo;initiation \u00e0 l&rsquo;ach\u00e8vement.<\/p>\n","protected":false},"featured_media":145672,"comment_status":"open","ping_status":"open","template":"","meta":[],"product_brand":[2504],"product_cat":[1189,1181,1186],"product_tag":[1394],"class_list":{"0":"post-118811","1":"product","2":"type-product","3":"status-publish","4":"has-post-thumbnail","6":"product_brand-webnus","7":"product_cat-personnalisation","8":"product_cat-plugins","9":"product_cat-wordpress-plugins","10":"product_tag-webnus","11":"member-discount","12":"discount-restricted","14":"first","15":"instock","16":"sale","17":"downloadable","18":"virtual","19":"sold-individually","20":"purchasable","21":"product-type-simple"},"_links":{"self":[{"href":"https:\/\/gpl-love.com\/fr\/wp-json\/wp\/v2\/product\/118811","targetHints":{"allow":["GET"]}}],"collection":[{"href":"https:\/\/gpl-love.com\/fr\/wp-json\/wp\/v2\/product"}],"about":[{"href":"https:\/\/gpl-love.com\/fr\/wp-json\/wp\/v2\/types\/product"}],"replies":[{"embeddable":true,"href":"https:\/\/gpl-love.com\/fr\/wp-json\/wp\/v2\/comments?post=118811"}],"wp:featuredmedia":[{"embeddable":true,"href":"https:\/\/gpl-love.com\/fr\/wp-json\/wp\/v2\/media\/145672"}],"wp:attachment":[{"href":"https:\/\/gpl-love.com\/fr\/wp-json\/wp\/v2\/media?parent=118811"}],"wp:term":[{"taxonomy":"product_brand","embeddable":true,"href":"https:\/\/gpl-love.com\/fr\/wp-json\/wp\/v2\/product_brand?post=118811"},{"taxonomy":"product_cat","embeddable":true,"href":"https:\/\/gpl-love.com\/fr\/wp-json\/wp\/v2\/product_cat?post=118811"},{"taxonomy":"product_tag","embeddable":true,"href":"https:\/\/gpl-love.com\/fr\/wp-json\/wp\/v2\/product_tag?post=118811"}],"curies":[{"name":"wp","href":"https:\/\/api.w.org\/{rel}","templated":true}]}}