{"id":118808,"date":"2025-08-07T00:00:00","date_gmt":"2025-08-06T22:00:00","guid":{"rendered":"https:\/\/gpl-love.com\/fr\/produit\/wp-all-export-user-add-on-pro\/"},"modified":"2026-03-20T23:49:26","modified_gmt":"2026-03-20T22:49:26","slug":"wp-all-export-user-add-on-pro","status":"publish","type":"product","link":"https:\/\/gpl-love.com\/fr\/produit\/wp-all-export-user-add-on-pro\/","title":{"rendered":"WP All Export User Addon 1.0.11"},"content":{"rendered":"<h3>WP All Export User Addon Traits<\/h3>\n<p>Le WP All Export User Addon s&rsquo;av\u00e8re \u00eatre un plugin WordPress exceptionnellement formidable qui offre aux utilisateurs la possibilit\u00e9 d&rsquo;extraire efficacement les donn\u00e9es de leur site Web dans un \u00e9ventail de formats divers. Plus pr\u00e9cis\u00e9ment, cet addon a \u00e9t\u00e9 m\u00e9ticuleusement con\u00e7u afin de faciliter l&rsquo;extraction transparente des donn\u00e9es utilisateur, englobant les m\u00e9ta-donn\u00e9es utilisateur, les champs personnalis\u00e9s et m\u00eame les r\u00f4les utilisateur. \u00c0 la suite des capacit\u00e9s remarquables de ce plugin, les propri\u00e9taires de sites Web sont autoris\u00e9s \u00e0 g\u00e9n\u00e9rer sans effort des exportations de donn\u00e9es utilisateur qui prennent la forme de formats de fichiers CSV ou XML, simplifiant ainsi l&rsquo;ensemble du processus de gestion et d&rsquo;examen des donn\u00e9es utilisateur. De plus, le WP All Export User Addon est accompagn\u00e9 d&rsquo;une pl\u00e9thore de filtres et de conditions, qui servent \u00e0 permettre aux utilisateurs la possibilit\u00e9 d&rsquo;exporter s\u00e9lectivement des segments de donn\u00e9es utilisateur particuliers. Ce qui distingue en outre cet addon, c&rsquo;est sa convivialit\u00e9 in\u00e9gal\u00e9e, son processus d&rsquo;installation simple et sa compatibilit\u00e9 avec d&rsquo;autres plugins WP tous des exportations. Par cons\u00e9quent, il s&rsquo;agit incontestablement d&rsquo;un outil indispensable, servant un atout inestimable aux fins de la gestion des donn\u00e9es des utilisateurs, ainsi que un moyen d&rsquo;\u00e9conomiser le temps lorsqu&rsquo;il est confront\u00e9 \u00e0 la t\u00e2che intimidante d&rsquo;exporter des quantit\u00e9s substantielles de donn\u00e9es.<\/p>\n<ul>\n<li>Exporter les donn\u00e9es utilisateur des sites WordPress<\/li>\n<li>Exporter des donn\u00e9es de profil utilisateur telles que le nom d&rsquo;utilisateur, le courrier \u00e9lectronique, le nom, et plus encore<\/li>\n<li>Personnalisez facilement le format de fichier d&rsquo;exportation pour r\u00e9pondre \u00e0 vos besoins sp\u00e9cifiques<\/li>\n<li>Exporter les donn\u00e9es des utilisateurs au format CSV, Excel, XML ou JSON<\/li>\n<li>Planifiez les exportations automatiques pour fonctionner sur une base quotidienne, hebdomadaire ou mensuelle<\/li>\n<li>Exporter les donn\u00e9es utilisateur \u00e0 partir de r\u00f4les utilisateur ou de groupes d&rsquo;utilisateurs sp\u00e9cifiques<\/li>\n<li>Des options de filtrage puissantes vous permettent d&rsquo;exporter s\u00e9lectivement les donn\u00e9es utilisateur dont vous avez besoin<\/li>\n<li>Param\u00e8tres avanc\u00e9s pour l&rsquo;exportation de champs de m\u00e9ta des utilisateurs personnalis\u00e9s<\/li>\n<li>Compatible avec WP toutes les importations pour les transferts de donn\u00e9es sans couture entre les sites<\/li>\n<li>Documentation approfondie et soutien fourni par WP All Export Team.<\/li>\n<\/ul>\n","protected":false},"excerpt":{"rendered":"<p>Le WP All Export User Addon est un outil incroyablement robuste et efficace qui offre la fonctionnalit\u00e9 transparente de l&rsquo;exportation sans effort des donn\u00e9es utilisateur \u00e0 partir de votre site Web WordPress. Cet addon remarquable vous permet de g\u00e9n\u00e9rer rapidement et sans effort sans effort des exportations personnalis\u00e9es de diverses donn\u00e9es utilisateur, englobant des informations vitales telles que les r\u00f4les utilisateur, les adresses e-mail, les pr\u00e9noms et les noms de famille, et un \u00e9ventail d&rsquo;autres d\u00e9tails pertinents. Que votre objectif soit d&rsquo;analyser m\u00e9ticuleusement les donn\u00e9es ou simplement de prot\u00e9ger et de transf\u00e9rer les informations de l&rsquo;utilisateur sur un autre site Web, soyez assur\u00e9 que le WP Tous les utilisateurs d&rsquo;exportation poss\u00e8dent toutes les fonctionnalit\u00e9s requises pour r\u00e9pondre \u00e0 vos exigences. Produisez de mani\u00e8re transparente des fichiers CSV ou XML avec la plus grande facilit\u00e9 et la commodit\u00e9 en tirant parti de la nature conviviale de cet addon exceptionnel \u00e0 votre disposition aujourd&rsquo;hui!<\/p>\n","protected":false},"featured_media":146129,"comment_status":"open","ping_status":"open","template":"","meta":[],"product_brand":[2436],"product_cat":[1187,1181,1186],"product_tag":[1411],"class_list":{"0":"post-118808","1":"product","2":"type-product","3":"status-publish","4":"has-post-thumbnail","6":"product_brand-wp-all-import","7":"product_cat-administration-wordpress-plugins","8":"product_cat-plugins","9":"product_cat-wordpress-plugins","10":"product_tag-wp-all-import","11":"member-discount","12":"discount-restricted","14":"first","15":"instock","16":"sale","17":"downloadable","18":"virtual","19":"sold-individually","20":"purchasable","21":"product-type-simple"},"_links":{"self":[{"href":"https:\/\/gpl-love.com\/fr\/wp-json\/wp\/v2\/product\/118808","targetHints":{"allow":["GET"]}}],"collection":[{"href":"https:\/\/gpl-love.com\/fr\/wp-json\/wp\/v2\/product"}],"about":[{"href":"https:\/\/gpl-love.com\/fr\/wp-json\/wp\/v2\/types\/product"}],"replies":[{"embeddable":true,"href":"https:\/\/gpl-love.com\/fr\/wp-json\/wp\/v2\/comments?post=118808"}],"wp:featuredmedia":[{"embeddable":true,"href":"https:\/\/gpl-love.com\/fr\/wp-json\/wp\/v2\/media\/146129"}],"wp:attachment":[{"href":"https:\/\/gpl-love.com\/fr\/wp-json\/wp\/v2\/media?parent=118808"}],"wp:term":[{"taxonomy":"product_brand","embeddable":true,"href":"https:\/\/gpl-love.com\/fr\/wp-json\/wp\/v2\/product_brand?post=118808"},{"taxonomy":"product_cat","embeddable":true,"href":"https:\/\/gpl-love.com\/fr\/wp-json\/wp\/v2\/product_cat?post=118808"},{"taxonomy":"product_tag","embeddable":true,"href":"https:\/\/gpl-love.com\/fr\/wp-json\/wp\/v2\/product_tag?post=118808"}],"curies":[{"name":"wp","href":"https:\/\/api.w.org\/{rel}","templated":true}]}}