{"id":118798,"date":"2021-02-09T00:00:00","date_gmt":"2021-02-08T23:00:00","guid":{"rendered":"https:\/\/gpl-love.com\/fr\/produit\/studiopress-glam-pro-genesis-wordpress-theme\/"},"modified":"2026-04-10T18:41:00","modified_gmt":"2026-04-10T16:41:00","slug":"studiopress-glam-pro-genesis-wordpress-theme","status":"publish","type":"product","link":"https:\/\/gpl-love.com\/fr\/produit\/studiopress-glam-pro-genesis-wordpress-theme\/","title":{"rendered":"StudioPress Glam Pro Genesis WordPress Theme 1.0.3"},"content":{"rendered":"<h3>StudioPress Glam Pro Genesis WordPress Theme Traits<\/h3>\n<p>Le th\u00e8me WordPress Studiopress Glam Pro Genesis est un th\u00e8me incroyablement formidable et sophistiqu\u00e9 qui a \u00e9t\u00e9 m\u00e9ticuleusement con\u00e7u pour r\u00e9pondre aux besoins et aux d\u00e9sirs des blogueurs, des professionnels et des entreprises qui aspirent \u00e0 exposer leur marque d&rsquo;une mani\u00e8re qui d\u00e9gage le style et le raffinement. Ce th\u00e8me exemplaire poss\u00e8de un design \u00e9l\u00e9gant et contemporain, ainsi qu&rsquo;une gamme de fonctionnalit\u00e9s personnalisables, permettant \u00e0 ses utilisateurs de fabriquer une pr\u00e9sence en ligne qui est non seulement impressionnante, mais incarne \u00e9galement leur personnalit\u00e9 et leur identit\u00e9 de marque distinctes. Le th\u00e8me Glam Pro est ing\u00e9nieusement construit sur le cadre Genesis, garantissant un site Web qui fonctionne avec une vitesse louable, une s\u00e9curit\u00e9 in\u00e9branlable et une optimisation optimale du moteur de recherche. De plus, il est \u00e9quip\u00e9 d&rsquo;une vaste s\u00e9lection de mod\u00e8les de pages pr\u00e9-con\u00e7us, de widgets sur mesure et d&rsquo;un panneau d&rsquo;options de th\u00e8me robuste, qui offre une personnalisation sans effort de divers aspects tels que la mise en page, les couleurs, les polices et bien plus encore. Que vous vous identifiiez comme un blogueur de mode, une figure influente dans le domaine du style de vie ou un propri\u00e9taire d&rsquo;une entreprise florissante, le th\u00e8me WordPress de Glam Pro Genesis est une solution globale qui vous permet de cr\u00e9er un outils n\u00e9cessaires pour cr\u00e9er un Site Web exceptionnellement frappant qui se distingue sans effort de la concurrence d&rsquo;une mani\u00e8re sans \u00e9quivoque remarquable.<\/p>\n<ul>\n<li>Th\u00e8me WordPress premium con\u00e7u pour les blogueurs de style de vie et de mode<\/li>\n<li>La conception sensible aux mobiles garantit que votre site Web a fi\u00e8re allure sur tous les appareils<\/li>\n<li>Les options de personnalisation faciles \u00e0 utiliser vous permettent de personnaliser votre site avec votre propre logo, couleurs et polices<\/li>\n<li>Comprend 6 options de mise en page diff\u00e9rentes, vous pouvez donc choisir celle qui fonctionne le mieux pour votre contenu<\/li>\n<li>Construit avec le framework Genesis, qui est connu pour son code s\u00e9curis\u00e9 et ses fonctionnalit\u00e9s conviviales SEO<\/li>\n<li>Comprend une zone d&rsquo;en-t\u00eate personnalisable avec des boutons d&rsquo;appel \u00e0 l&rsquo;action en option<\/li>\n<li>Prend en charge l&rsquo;int\u00e9gration WooCommerce, vous pouvez donc facilement vendre des produits sur votre site<\/li>\n<li>Comprend des ic\u00f4nes de m\u00e9dias sociaux, afin que les visiteurs puissent facilement trouver et vous suivre sur les plateformes populaires<\/li>\n<li>La documentation compl\u00e8te et le soutien facilitent la mise en service rapidement<\/li>\n<li>R\u00e9guli\u00e8rement mis \u00e0 jour avec de nouvelles fonctionnalit\u00e9s et am\u00e9liorations, garantissant que votre site reste en avance sur la courbe<\/li>\n<\/ul>\n","protected":false},"excerpt":{"rendered":"<p>Le th\u00e8me WordPress de Studiopress Glam Pro Genesis r\u00e9pond aux besoins des blogueurs, des entrepreneurs et des propri\u00e9taires d&rsquo;entreprise qui aspirent \u00e0 \u00e9tablir une pr\u00e9sence en ligne sophistiqu\u00e9e et professionnelle. Ce th\u00e8me poss\u00e8de une s\u00e9lection exquise de typographie, ainsi qu&rsquo;une disposition vierge et des widgets personnalisables sur la page d&rsquo;accueil, ce qui en fait la plate-forme parfaite pour pr\u00e9senter votre marque et vos produits. De plus, sa conception r\u00e9active garantit que votre site Web maintient son apparence impeccable sur tous les appareils, tandis que le code SEO-optimis\u00e9 m\u00e9ticuleusement con\u00e7u am\u00e9liore vos classements de moteur de recherche. De plus, l&rsquo;inclusion du puissant cadre de Genesis \u00e0 son c\u0153ur vous donne la tranquillit\u00e9 d&rsquo;esprit que votre site Web est non seulement sauvegard\u00e9 mais \u00e9galement optimis\u00e9 pour des performances rapides. En conclusion, Studiopress Glam Pro se distingue comme une option de premier plan pour ceux qui recherchent un th\u00e8me WordPress qui combine de mani\u00e8re transparente l&rsquo;esth\u00e9tique et la fonctionnalit\u00e9, offrant une exp\u00e9rience utilisateur premium.<\/p>\n","protected":false},"featured_media":145369,"comment_status":"open","ping_status":"open","template":"","meta":[],"product_brand":[2454],"product_cat":[1242,1212,1213],"product_tag":[1358],"class_list":{"0":"post-118798","1":"product","2":"type-product","3":"status-publish","4":"has-post-thumbnail","6":"product_brand-studiopress","7":"product_cat-creatif","8":"product_cat-themes","9":"product_cat-wordpress-themes","10":"product_tag-studiopress","11":"member-discount","12":"discount-restricted","14":"first","15":"instock","16":"sale","17":"downloadable","18":"virtual","19":"sold-individually","20":"purchasable","21":"product-type-simple"},"_links":{"self":[{"href":"https:\/\/gpl-love.com\/fr\/wp-json\/wp\/v2\/product\/118798","targetHints":{"allow":["GET"]}}],"collection":[{"href":"https:\/\/gpl-love.com\/fr\/wp-json\/wp\/v2\/product"}],"about":[{"href":"https:\/\/gpl-love.com\/fr\/wp-json\/wp\/v2\/types\/product"}],"replies":[{"embeddable":true,"href":"https:\/\/gpl-love.com\/fr\/wp-json\/wp\/v2\/comments?post=118798"}],"wp:featuredmedia":[{"embeddable":true,"href":"https:\/\/gpl-love.com\/fr\/wp-json\/wp\/v2\/media\/145369"}],"wp:attachment":[{"href":"https:\/\/gpl-love.com\/fr\/wp-json\/wp\/v2\/media?parent=118798"}],"wp:term":[{"taxonomy":"product_brand","embeddable":true,"href":"https:\/\/gpl-love.com\/fr\/wp-json\/wp\/v2\/product_brand?post=118798"},{"taxonomy":"product_cat","embeddable":true,"href":"https:\/\/gpl-love.com\/fr\/wp-json\/wp\/v2\/product_cat?post=118798"},{"taxonomy":"product_tag","embeddable":true,"href":"https:\/\/gpl-love.com\/fr\/wp-json\/wp\/v2\/product_tag?post=118798"}],"curies":[{"name":"wp","href":"https:\/\/api.w.org\/{rel}","templated":true}]}}