{"id":118794,"date":"2021-02-09T00:00:00","date_gmt":"2021-02-08T23:00:00","guid":{"rendered":"https:\/\/gpl-love.com\/fr\/produit\/studiopress-executive-pro-genesis-wordpress-theme\/"},"modified":"2026-04-10T18:40:58","modified_gmt":"2026-04-10T16:40:58","slug":"studiopress-executive-pro-genesis-wordpress-theme","status":"publish","type":"product","link":"https:\/\/gpl-love.com\/fr\/produit\/studiopress-executive-pro-genesis-wordpress-theme\/","title":{"rendered":"StudioPress Executive Pro Genesis WordPress Theme 3.2.3"},"content":{"rendered":"<h3>StudioPress Executive Pro Genesis WordPress Theme Traits<\/h3>\n<p>Con\u00e7u sp\u00e9cifiquement pour les sites Web professionnels, le th\u00e8me de la Studiopress Executive Genesis WordPress d\u00e9gage une esth\u00e9tique \u00e9l\u00e9gante et moderne. Son interface conviviale et ses fonctionnalit\u00e9s personnalisables vous permettent d&rsquo;adapter votre site Web pour s&rsquo;aligner parfaitement avec votre marque. L&rsquo;inclusion du cadre Genesis garantit non seulement un fondement robuste et fiable pour votre site Web, mais facilite \u00e9galement la personnalisation et l&rsquo;optimisation sans effort. De plus, sa conception r\u00e9active garantit que votre site Web maintient son apparence impeccable sur tous les appareils. Les fonctionnalit\u00e9s de r\u00e9f\u00e9rencement int\u00e9gr\u00e9es du th\u00e8me permettent une augmentation significative de la visibilit\u00e9 de votre site Web sur les moteurs de recherche. En conclusion, le th\u00e8me WordPress de la Studiopress Executive Genesis se distingue comme un choix exceptionnel pour les entreprises et les professionnels \u00e0 la recherche d&rsquo;une pr\u00e9sence en ligne raffin\u00e9e et hautement fonctionnelle.<\/p>\n<ul>\n<li>Design premium, \u00e9l\u00e9gant et moderne qui fera ressortir votre site Web<\/li>\n<li>Construit sur le framework Genesis puissant et fiable pour les performances et la s\u00e9curit\u00e9 de premier ordre<\/li>\n<li>Options de mise en page flexible de la page d&rsquo;accueil pour personnaliser l&rsquo;apparence de votre site Web<\/li>\n<li>Des options de couleurs et de polices multiples pour correspondre \u00e0 votre marque et \u00e0 votre esth\u00e9tique<\/li>\n<li>Options d&rsquo;en-t\u00eate et d&rsquo;arri\u00e8re-plan personnalisables pour encore plus de personnalisation<\/li>\n<li>Zone de widget d&rsquo;appel \u00e0 action personnalisable pour aider \u00e0 stimuler les conversions<\/li>\n<li>Conception r\u00e9active mobile pour une visualisation optimale sur n&rsquo;importe quel appareil<\/li>\n<li>Options de th\u00e8me int\u00e9gr\u00e9 pour contr\u00f4ler facilement la disposition, les couleurs et les fonctionnalit\u00e9s de votre site Web<\/li>\n<li>Compatibilit\u00e9 garantie avec des plugins et des plugins WordPress populaires dans l&rsquo;\u00e9cosyst\u00e8me Studiopress.<\/li>\n<\/ul>\n","protected":false},"excerpt":{"rendered":"<p>Le th\u00e8me de la Studiopress Executive Genesis WordPress est fier de pr\u00e9senter une fusion transparente de la sophistication et de la praticit\u00e9. Sa conception impeccablement rationalis\u00e9e, associ\u00e9e \u00e0 sa formidable gamme de fonctionnalit\u00e9s, le rend une option superlative pour les sites Web d\u00e9di\u00e9s aux efforts commerciaux et d&rsquo;entreprise. La pr\u00e9sence de widgets de page d&rsquo;accueil personnalis\u00e9s, des mod\u00e8les de page sur mesure et un \u00e9ventail assorti de param\u00e8tres de th\u00e8me permet aux utilisateurs de construire sans effort un paradis en ligne sophistiqu\u00e9 et captivant. En outre, le th\u00e8me ex\u00e9cutif de la Genesis \u00e9tend consciencieusement son soutien \u00e0 la r\u00e9activit\u00e9 mobile, tout en \u00e9tant commod\u00e9ment personnalisable avec l&rsquo;aimable autorisation du personnalisateur WordPress. Pr\u00e9parez-vous \u00e0 \u00e9tonner vos visiteurs estim\u00e9s avec les prouesses in\u00e9gal\u00e9es de ce th\u00e8me WordPress pr\u00e9\u00e9minent.<\/p>\n","protected":false},"featured_media":145366,"comment_status":"open","ping_status":"open","template":"","meta":[],"product_brand":[2454],"product_cat":[1516,1212,1213],"product_tag":[1358],"class_list":{"0":"post-118794","1":"product","2":"type-product","3":"status-publish","4":"has-post-thumbnail","6":"product_brand-studiopress","7":"product_cat-entreprise","8":"product_cat-themes","9":"product_cat-wordpress-themes","10":"product_tag-studiopress","11":"member-discount","12":"discount-restricted","14":"first","15":"instock","16":"sale","17":"downloadable","18":"virtual","19":"sold-individually","20":"purchasable","21":"product-type-simple"},"_links":{"self":[{"href":"https:\/\/gpl-love.com\/fr\/wp-json\/wp\/v2\/product\/118794","targetHints":{"allow":["GET"]}}],"collection":[{"href":"https:\/\/gpl-love.com\/fr\/wp-json\/wp\/v2\/product"}],"about":[{"href":"https:\/\/gpl-love.com\/fr\/wp-json\/wp\/v2\/types\/product"}],"replies":[{"embeddable":true,"href":"https:\/\/gpl-love.com\/fr\/wp-json\/wp\/v2\/comments?post=118794"}],"wp:featuredmedia":[{"embeddable":true,"href":"https:\/\/gpl-love.com\/fr\/wp-json\/wp\/v2\/media\/145366"}],"wp:attachment":[{"href":"https:\/\/gpl-love.com\/fr\/wp-json\/wp\/v2\/media?parent=118794"}],"wp:term":[{"taxonomy":"product_brand","embeddable":true,"href":"https:\/\/gpl-love.com\/fr\/wp-json\/wp\/v2\/product_brand?post=118794"},{"taxonomy":"product_cat","embeddable":true,"href":"https:\/\/gpl-love.com\/fr\/wp-json\/wp\/v2\/product_cat?post=118794"},{"taxonomy":"product_tag","embeddable":true,"href":"https:\/\/gpl-love.com\/fr\/wp-json\/wp\/v2\/product_tag?post=118794"}],"curies":[{"name":"wp","href":"https:\/\/api.w.org\/{rel}","templated":true}]}}