{"id":118790,"date":"2021-02-09T00:00:00","date_gmt":"2021-02-08T23:00:00","guid":{"rendered":"https:\/\/gpl-love.com\/fr\/produit\/studiopress-eleven40-pro-genesis-wordpress-theme\/"},"modified":"2026-04-10T18:40:55","modified_gmt":"2026-04-10T16:40:55","slug":"studiopress-eleven40-pro-genesis-wordpress-theme","status":"publish","type":"product","link":"https:\/\/gpl-love.com\/fr\/produit\/studiopress-eleven40-pro-genesis-wordpress-theme\/","title":{"rendered":"StudioPress eleven40 Pro Genesis WordPress Theme 2.2.3"},"content":{"rendered":"<h3>StudioPress eleven40 Pro Genesis WordPress Theme Traits<\/h3>\n<p>Le th\u00e8me Studiopress Eleven40 Pro Genesis WordPress, qui est un th\u00e8me exceptionnel, a \u00e9t\u00e9 magistralement con\u00e7u pour fournir \u00e0 votre site Web une apparence sophistiqu\u00e9e et polie. Ce th\u00e8me poss\u00e8de une conception sensible aux mobiles, en veillant \u00e0 ce que votre site Web d\u00e9gage de la magnificence sur chaque appareil, que ce soit un bureau, une tablette ou un smartphone. De plus, le th\u00e8me englobe les zones d&rsquo;en-t\u00eate et de pied de page personnalisables, vous accordant la libert\u00e9 d&rsquo;infuser votre propre marque et votre message distincts dans votre site Web. De plus, \u00e9quip\u00e9 d&rsquo;une gamme de fonctionnalit\u00e9s de r\u00e9f\u00e9rencement int\u00e9gr\u00e9es, ce th\u00e8me garantit que votre site Web montera les rangs des moteurs de recherche, entra\u00eenant ainsi une abondance de trafic vers votre site. Notamment, le th\u00e8me WordPress de Eleven40 Pro Genesis est non seulement configur\u00e9 sans effort, mais aussi remarquablement convivial, ce qui le rend une s\u00e9lection id\u00e9ale pour les utilisateurs de WordPress naissants et chevronn\u00e9s.<\/p>\n<ul>\n<li>Conception enti\u00e8rement r\u00e9active qui a fi\u00e8re allure sur n&rsquo;importe quel appareil<\/li>\n<li>Construit sur le cadre Genesis tr\u00e8s fiable pour des performances et une s\u00e9curit\u00e9 optimales<\/li>\n<li>Page d&rsquo;accueil personnalisable qui vous permet de pr\u00e9senter votre contenu de la meilleure fa\u00e7on possible<\/li>\n<li>Options de mise en page flexibles pour afficher votre contenu en plusieurs formats<\/li>\n<li>Des zones de widgets \u00e9tendus pour une personnalisation et une fonctionnalit\u00e9 suppl\u00e9mentaires<\/li>\n<li>Mod\u00e8les de page pr\u00e9d\u00e9finis pour des pages couramment utilis\u00e9es telles que les archives, les blogs et les pages de destination<\/li>\n<li>Plusieurs sch\u00e9mas de couleurs \u00e0 choisir qui sont \u00e0 la fois professionnels et visuellement attrayants<\/li>\n<li>Personnalisation facile avec le personnalisateur de th\u00e8me en direct et les options d&rsquo;en-t\u00eate et d&rsquo;arri\u00e8re-plan personnalisables<\/li>\n<li>SEO optimis\u00e9 pour aider votre site \u00e0 classer plus haut sur les pages de r\u00e9sultats des moteurs de recherche<\/li>\n<li>Documentation compl\u00e8te et mises \u00e0 jour r\u00e9guli\u00e8res pour le soutien et l&rsquo;am\u00e9lioration continus.<\/li>\n<\/ul>\n","protected":false},"excerpt":{"rendered":"<p>Le th\u00e8me WordPress Studiopress Eleven40 Pro Genesis est un th\u00e8me WordPress de haut niveau et tr\u00e8s sophistiqu\u00e9 cr\u00e9\u00e9 d\u00e9lib\u00e9r\u00e9ment pour les blogueurs, les cr\u00e9ateurs de contenu et les entreprises souhaitant montrer leur contenu d&rsquo;une mani\u00e8re polie et contemporaine. Ce th\u00e8me est sur mesure pour ceux qui recherchent un site Web qui d\u00e9gage de la magnificence sur tous les appareils et garantit des classements louables sur les moteurs de recherche, en raison de sa conception r\u00e9active, de sa disposition personnalisable et de ses fonctionnalit\u00e9s de r\u00e9f\u00e9rencement int\u00e9gr\u00e9es. Avec son interface conviviale et ses options de personnalisation transparente, il s&rsquo;av\u00e8re \u00eatre un jeu d&rsquo;enfant pour \u00e9tablir un site Web in\u00e9gal\u00e9 et captivant, le tout sans n\u00e9cessiter d&rsquo;expertise de codage. Que vous lanciez un blog, que vous vous lanciez dans une nouvelle entreprise de site Web ou que vous \u00e9leviez votre actuel, le th\u00e8me Studiopress Eleven40 Pro Genesis WordPress appara\u00eet comme le choix par excellence pour cr\u00e9er une pr\u00e9sence en ligne extraordinaire qui laisse une impression ind\u00e9l\u00e9bile.<\/p>\n","protected":false},"featured_media":145363,"comment_status":"open","ping_status":"open","template":"","meta":[],"product_brand":[2454],"product_cat":[1220,1212,1213],"product_tag":[1358],"class_list":{"0":"post-118790","1":"product","2":"type-product","3":"status-publish","4":"has-post-thumbnail","6":"product_brand-studiopress","7":"product_cat-blog-magazine","8":"product_cat-themes","9":"product_cat-wordpress-themes","10":"product_tag-studiopress","11":"member-discount","12":"discount-restricted","14":"first","15":"instock","16":"sale","17":"downloadable","18":"virtual","19":"sold-individually","20":"purchasable","21":"product-type-simple"},"_links":{"self":[{"href":"https:\/\/gpl-love.com\/fr\/wp-json\/wp\/v2\/product\/118790","targetHints":{"allow":["GET"]}}],"collection":[{"href":"https:\/\/gpl-love.com\/fr\/wp-json\/wp\/v2\/product"}],"about":[{"href":"https:\/\/gpl-love.com\/fr\/wp-json\/wp\/v2\/types\/product"}],"replies":[{"embeddable":true,"href":"https:\/\/gpl-love.com\/fr\/wp-json\/wp\/v2\/comments?post=118790"}],"wp:featuredmedia":[{"embeddable":true,"href":"https:\/\/gpl-love.com\/fr\/wp-json\/wp\/v2\/media\/145363"}],"wp:attachment":[{"href":"https:\/\/gpl-love.com\/fr\/wp-json\/wp\/v2\/media?parent=118790"}],"wp:term":[{"taxonomy":"product_brand","embeddable":true,"href":"https:\/\/gpl-love.com\/fr\/wp-json\/wp\/v2\/product_brand?post=118790"},{"taxonomy":"product_cat","embeddable":true,"href":"https:\/\/gpl-love.com\/fr\/wp-json\/wp\/v2\/product_cat?post=118790"},{"taxonomy":"product_tag","embeddable":true,"href":"https:\/\/gpl-love.com\/fr\/wp-json\/wp\/v2\/product_tag?post=118790"}],"curies":[{"name":"wp","href":"https:\/\/api.w.org\/{rel}","templated":true}]}}