{"id":118786,"date":"2021-02-09T00:00:00","date_gmt":"2021-02-08T23:00:00","guid":{"rendered":"https:\/\/gpl-love.com\/fr\/produit\/studiopress-divine-pro-genesis-wordpress-theme\/"},"modified":"2026-04-10T18:40:53","modified_gmt":"2026-04-10T16:40:53","slug":"studiopress-divine-pro-genesis-wordpress-theme","status":"publish","type":"product","link":"https:\/\/gpl-love.com\/fr\/produit\/studiopress-divine-pro-genesis-wordpress-theme\/","title":{"rendered":"StudioPress Divine Pro Genesis WordPress Theme 1.0.7"},"content":{"rendered":"<h3>StudioPress Divine Pro Genesis WordPress Theme Traits<\/h3>\n<p>Studiopress Divine Pro Genesis WordPress Le th\u00e8me est un th\u00e8me WordPress exemplaire et exceptionnel m\u00e9ticuleusement con\u00e7u pour r\u00e9pondre aux go\u00fbts exigeants des blogueurs, des entrepreneurs et des cr\u00e9atifs cherchant \u00e0 montrer leurs efforts artistiques d&rsquo;une mani\u00e8re exquise et digne. Ce th\u00e8me impressionnant poss\u00e8de une pl\u00e9thore d&rsquo;attributs personnalisables, allant d&rsquo;une gamme de sch\u00e9mas de couleurs vibrants aux widgets sur mesure, tous compl\u00e9t\u00e9s par une conception r\u00e9active polyvalente et adaptable qui s&rsquo;adapte de mani\u00e8re transparente \u00e0 tout appareil. De plus, ce th\u00e8me englobe une myriade de plugins puissants, y compris le cadre de Genesis indispensable, qui sert de base fiable et ferme pour votre site Web, ainsi que l&rsquo;ing\u00e9nieux plugin Pro Studiopress, ing\u00e9nieusement con\u00e7u pour faciliter la personnalisation sans effort de votre th\u00e8me \u00e0 travers l&rsquo;ing\u00e9nieur ing\u00e9nieux, pour faciliter la personnalisation sans effort de votre th\u00e8me ing\u00e9nieux Fonctionnalit\u00e9 glisser et d\u00e9poser. Avec son design immacul\u00e9 et contemporain, Studiopress Divine Pro se pr\u00e9sente comme le choix par excellence et supr\u00eame pour les individus aspirant \u00e0 fa\u00e7onner un site Web inimitable et illustre qui se distingue sans \u00e9quivoque parmi les masses.<\/p>\n<ul>\n<li>Un th\u00e8me Genesis WordPress con\u00e7u par des professionnels par Studiopress<\/li>\n<li>Une disposition propre et moderne qui peut \u00eatre personnalis\u00e9e pour s&rsquo;adapter \u00e0 n&rsquo;importe quelle marque ou style<\/li>\n<li>Conception sensible au mobile pour une visualisation transparente sur n&rsquo;importe quel appareil<\/li>\n<li>Livr\u00e9 avec 6 options de couleurs diff\u00e9rentes \u00e0 choisir<\/li>\n<li>Caract\u00e9ristiques int\u00e9gr\u00e9es pour l&rsquo;int\u00e9gration des m\u00e9dias sociaux et l&rsquo;optimisation des moteurs de recherche (SEO)<\/li>\n<li>Options de conception de l&rsquo;en-t\u00eate et de pied de page facile \u00e0 utiliser et personnalisable<\/li>\n<li>Page d&rsquo;accueil personnalisable avec des zones de widgets et plusieurs options de disposition<\/li>\n<li>Int\u00e9gration transparente avec des plugins WordPress populaires tels que les formulaires WooCommerce et Gravity<\/li>\n<li>Mises \u00e0 jour coh\u00e9rentes et soutien continu de l&rsquo;\u00e9quipe Studiopress.<\/li>\n<\/ul>\n","protected":false},"excerpt":{"rendered":"<p>Le th\u00e8me WordPress du Studiopress Divine Pro Genesis, un th\u00e8me esth\u00e9tique et tr\u00e8s comp\u00e9tent, a \u00e9t\u00e9 m\u00e9ticuleusement con\u00e7u pour r\u00e9pondre aux besoins des blogueurs, des auteurs et des entrepreneurs en ligne. B\u00e9n\u00e9ficiant d&rsquo;un design \u00e9l\u00e9gant et minimaliste, ce th\u00e8me est une excellente plate-forme pour mettre en \u00e9vidence votre contenu et \u00e9tablir une formidable pr\u00e9sence en ligne. Parall\u00e8lement \u00e0 son apparence impressionnante, le th\u00e8me englobe \u00e9galement une pl\u00e9thore de fonctionnalit\u00e9s, y compris des en-t\u00eates personnalisables, des mod\u00e8les de page personnalis\u00e9s et un code optimis\u00e9 qui facilite la vitesse am\u00e9lior\u00e9e du site et l&rsquo;optimisation des moteurs de recherche. Que vous vous lanciez dans une nouvelle entreprise de blogs ou que vous cherchiez \u00e0 rajeunir votre site Web existant, le th\u00e8me Divine Pro Genesis WordPress pr\u00e9sente une solution exquise et pratique.<\/p>\n","protected":false},"featured_media":145361,"comment_status":"open","ping_status":"open","template":"","meta":[],"product_brand":[2454],"product_cat":[1242,1212,1213],"product_tag":[1358],"class_list":{"0":"post-118786","1":"product","2":"type-product","3":"status-publish","4":"has-post-thumbnail","6":"product_brand-studiopress","7":"product_cat-creatif","8":"product_cat-themes","9":"product_cat-wordpress-themes","10":"product_tag-studiopress","11":"member-discount","12":"discount-restricted","14":"first","15":"instock","16":"sale","17":"downloadable","18":"virtual","19":"sold-individually","20":"purchasable","21":"product-type-simple"},"_links":{"self":[{"href":"https:\/\/gpl-love.com\/fr\/wp-json\/wp\/v2\/product\/118786","targetHints":{"allow":["GET"]}}],"collection":[{"href":"https:\/\/gpl-love.com\/fr\/wp-json\/wp\/v2\/product"}],"about":[{"href":"https:\/\/gpl-love.com\/fr\/wp-json\/wp\/v2\/types\/product"}],"replies":[{"embeddable":true,"href":"https:\/\/gpl-love.com\/fr\/wp-json\/wp\/v2\/comments?post=118786"}],"wp:featuredmedia":[{"embeddable":true,"href":"https:\/\/gpl-love.com\/fr\/wp-json\/wp\/v2\/media\/145361"}],"wp:attachment":[{"href":"https:\/\/gpl-love.com\/fr\/wp-json\/wp\/v2\/media?parent=118786"}],"wp:term":[{"taxonomy":"product_brand","embeddable":true,"href":"https:\/\/gpl-love.com\/fr\/wp-json\/wp\/v2\/product_brand?post=118786"},{"taxonomy":"product_cat","embeddable":true,"href":"https:\/\/gpl-love.com\/fr\/wp-json\/wp\/v2\/product_cat?post=118786"},{"taxonomy":"product_tag","embeddable":true,"href":"https:\/\/gpl-love.com\/fr\/wp-json\/wp\/v2\/product_tag?post=118786"}],"curies":[{"name":"wp","href":"https:\/\/api.w.org\/{rel}","templated":true}]}}