{"id":118784,"date":"2021-02-09T00:00:00","date_gmt":"2021-02-08T23:00:00","guid":{"rendered":"https:\/\/gpl-love.com\/fr\/produit\/studiopress-corporate-pro-genesis-wordpress-theme\/"},"modified":"2026-04-10T18:40:52","modified_gmt":"2026-04-10T16:40:52","slug":"studiopress-corporate-pro-genesis-wordpress-theme","status":"publish","type":"product","link":"https:\/\/gpl-love.com\/fr\/produit\/studiopress-corporate-pro-genesis-wordpress-theme\/","title":{"rendered":"StudioPress Corporate Pro Genesis WordPress Theme 1.1.1"},"content":{"rendered":"<h3>StudioPress Corporate Pro Genesis WordPress Theme Traits<\/h3>\n<p>Le th\u00e8me WordPress de l&rsquo;entreprise Studiopress Genesis est un outil tr\u00e8s robuste et efficace qui a \u00e9t\u00e9 sp\u00e9cifiquement d\u00e9velopp\u00e9 pour aider les entreprises \u00e0 \u00e9tablir une pr\u00e9sence en ligne tr\u00e8s professionnelle. Ce th\u00e8me remarquable poss\u00e8de un design \u00e9l\u00e9gant et contemporain qui s&rsquo;adapte sans effort \u00e0 toutes les tailles et r\u00e9solutions d&rsquo;\u00e9cran, garantissant une exp\u00e9rience visuelle exceptionnelle quel que soit l&rsquo;appareil utilis\u00e9. Avec sa personnalisation exceptionnelle, le th\u00e8me offre une occasion in\u00e9gal\u00e9e de pr\u00e9senter une vaste gamme de produits et services, de mettre en \u00e9vidence efficacement les membres cl\u00e9s de l&rsquo;\u00e9quipe et de pr\u00e9senter fi\u00e8rement des t\u00e9moignages clients brillants. En outre, le th\u00e8me WordPress de l&rsquo;entreprise Genesis est ing\u00e9nieusement construit sur le cadre de Genesis tr\u00e8s acclam\u00e9, r\u00e9put\u00e9 pour ses caract\u00e9ristiques de s\u00e9curit\u00e9 de pointe et sa rapidit\u00e9 in\u00e9gal\u00e9e en termes de performances globales. De plus, ce th\u00e8me remarquable fournit \u00e9galement une s\u00e9lection impressionnante de mod\u00e8les de page pr\u00e9d\u00e9finis, englobant les go\u00fbts d&rsquo;une page de blog enti\u00e8rement fonctionnelle, une page de contacts conviviale, ainsi que des pages de destination captivantes. Par cons\u00e9quent, que vous soyez un entrepreneur en herbe qui se lance dans une entreprise \u00e0 petite \u00e9chelle ou une entit\u00e9 d&rsquo;entreprise bien \u00e9tablie, le th\u00e8me de l&rsquo;entreprise WordPress est un choix vraiment exceptionnel, facilitant la cr\u00e9ation d&rsquo;un site Web visuellement \u00e0 couper le souffle qui incarne et refl\u00e8te la r\u00e9f\u00e9rence et refl\u00e8te le site impeccablement incarnant et refl\u00e8te la Essence de l&rsquo;identit\u00e9 unique de votre marque.<\/p>\n<ul>\n<li>Design professionnel et moderne avec des options de couleurs personnalisables<\/li>\n<li>Mobile r\u00e9actif et optimis\u00e9 pour le r\u00e9f\u00e9rencement<\/li>\n<li>Zones de widget flexibles pour personnaliser la disposition de la page d&rsquo;accueil<\/li>\n<li>Cod\u00e9 avec un code propre, s\u00e9curis\u00e9 et optimis\u00e9 pour les vitesses de chargement rapide<\/li>\n<li>Construit sur le cadre de Genesis de confiance et robuste<\/li>\n<li>Comprend des mod\u00e8les de page pr\u00e9-con\u00e7us et des blocs pour une personnalisation facile<\/li>\n<li>Compatible avec les plugins WordPress populaires pour des fonctionnalit\u00e9s ajout\u00e9es<\/li>\n<li>Comprend une prise en charge int\u00e9gr\u00e9e pour le commerce \u00e9lectronique via WooCommerce<\/li>\n<li>Livr\u00e9 avec une documentation fiable et compl\u00e8te et un support client.<\/li>\n<\/ul>\n","protected":false},"excerpt":{"rendered":"<p>Le th\u00e8me WordPress de Studiopress Corporate Pro Genesis est une conception impeccablement \u00e9labor\u00e9e et raffin\u00e9e qui est extr\u00eamement bien adapt\u00e9e \u00e0 tout site Web estim\u00e9 d&rsquo;entreprise. Il offre une vaste gamme de fonctionnalit\u00e9s personnalisables englobant un assortiment de dispositions, de sch\u00e9mas de couleurs et de widgets. Remarquablement, ce th\u00e8me poss\u00e8de une r\u00e9activit\u00e9 compl\u00e8te et des fonctionnalit\u00e9s adapt\u00e9es aux mobiles, garantissant ainsi que votre site Web maintient son magnifique visage sur toutes sortes d&rsquo;appareils. En vertu de sa conception sans tache et sophistiqu\u00e9e, la pr\u00e9sentation de vos produits, services et vos informations de l&rsquo;entreprise de mani\u00e8re captivante devient une entreprise sans effort. De plus, ce th\u00e8me int\u00e8gre l&rsquo;optimisation du r\u00e9f\u00e9rencement et l&rsquo;int\u00e9gration transparente des m\u00e9dias sociaux, vous offrant ainsi la possibilit\u00e9 de diffuser sans effort votre contenu estim\u00e9. Que vous soyez \u00e0 la gen\u00e8se de votre parcours entrepreneurial ou que vous soyez une entit\u00e9 d\u00e9j\u00e0 \u00e9tablie, ce th\u00e8me vous conf\u00e8re une pr\u00e9sence en ligne consomm\u00e9 et raffin\u00e9e.<\/p>\n","protected":false},"featured_media":145359,"comment_status":"open","ping_status":"open","template":"","meta":[],"product_brand":[2454],"product_cat":[1516,1212,1213],"product_tag":[1358],"class_list":{"0":"post-118784","1":"product","2":"type-product","3":"status-publish","4":"has-post-thumbnail","6":"product_brand-studiopress","7":"product_cat-entreprise","8":"product_cat-themes","9":"product_cat-wordpress-themes","10":"product_tag-studiopress","11":"member-discount","12":"discount-restricted","14":"first","15":"instock","16":"sale","17":"downloadable","18":"virtual","19":"sold-individually","20":"purchasable","21":"product-type-simple"},"_links":{"self":[{"href":"https:\/\/gpl-love.com\/fr\/wp-json\/wp\/v2\/product\/118784","targetHints":{"allow":["GET"]}}],"collection":[{"href":"https:\/\/gpl-love.com\/fr\/wp-json\/wp\/v2\/product"}],"about":[{"href":"https:\/\/gpl-love.com\/fr\/wp-json\/wp\/v2\/types\/product"}],"replies":[{"embeddable":true,"href":"https:\/\/gpl-love.com\/fr\/wp-json\/wp\/v2\/comments?post=118784"}],"wp:featuredmedia":[{"embeddable":true,"href":"https:\/\/gpl-love.com\/fr\/wp-json\/wp\/v2\/media\/145359"}],"wp:attachment":[{"href":"https:\/\/gpl-love.com\/fr\/wp-json\/wp\/v2\/media?parent=118784"}],"wp:term":[{"taxonomy":"product_brand","embeddable":true,"href":"https:\/\/gpl-love.com\/fr\/wp-json\/wp\/v2\/product_brand?post=118784"},{"taxonomy":"product_cat","embeddable":true,"href":"https:\/\/gpl-love.com\/fr\/wp-json\/wp\/v2\/product_cat?post=118784"},{"taxonomy":"product_tag","embeddable":true,"href":"https:\/\/gpl-love.com\/fr\/wp-json\/wp\/v2\/product_tag?post=118784"}],"curies":[{"name":"wp","href":"https:\/\/api.w.org\/{rel}","templated":true}]}}