{"id":118782,"date":"2021-10-19T00:00:00","date_gmt":"2021-10-18T22:00:00","guid":{"rendered":"https:\/\/gpl-love.com\/fr\/produit\/studiopress-cafe-pro-genesis-wordpress-theme\/"},"modified":"2026-03-20T23:37:31","modified_gmt":"2026-03-20T22:37:31","slug":"studiopress-cafe-pro-genesis-wordpress-theme","status":"publish","type":"product","link":"https:\/\/gpl-love.com\/fr\/produit\/studiopress-cafe-pro-genesis-wordpress-theme\/","title":{"rendered":"StudioPress Cafe Pro Genesis WordPress Theme 1.1.0"},"content":{"rendered":"<h3>StudioPress Cafe Pro Genesis WordPress Theme Traits<\/h3>\n<p>Le th\u00e8me WordPress du Studiopress Cafe Pro Genesis, une conception de sites Web tr\u00e8s recherch\u00e9e et contemporaine sp\u00e9cifiquement con\u00e7u pour les caf\u00e9s, les restaurants et les blogueurs alimentaires, poss\u00e8de un statut \u00e9lev\u00e9 de th\u00e8me premium. D\u00e9brouillant une architecture innovante, le th\u00e8me est fond\u00e9 sur le cadre de Genesis estim\u00e9, r\u00e9put\u00e9 pour sa vitesse in\u00e9gal\u00e9e, sa s\u00e9curit\u00e9 imprenable et son adaptabilit\u00e9 louable. Ce th\u00e8me de pointe poss\u00e8de une disposition rationalis\u00e9e et r\u00e9active, en s&rsquo;adaptant sans effort en fonction de n&rsquo;importe quel appareil et \u00e9largissant ainsi son accessibilit\u00e9 \u00e0 une d\u00e9mographie plus \u00e9tendue. Caf\u00e9 Pro est \u00e9quip\u00e9 d&rsquo;une pl\u00e9thore de fonctionnalit\u00e9s formidables, permettant aux utilisateurs de montrer leurs offres de menu attrayantes, de d\u00e9licieuses recettes et des articles de blog stimulant de mani\u00e8re esth\u00e9tique. De plus, ce th\u00e8me comprend des widgets personnalisables, une vaste gamme d&rsquo;options de couleurs, ainsi que diverses s\u00e9lections de polices, permettant aux utilisateurs d&rsquo;adapter de mani\u00e8re transparente leur site Web pour s&rsquo;aligner sur leur identit\u00e9 de marque unique. Cette offre exceptionnelle de Cafe Pro facilite la cr\u00e9ation d&rsquo;une pr\u00e9sence en ligne captivante, attirant efficacement les clients et favorisant l&rsquo;augmentation du trafic vers son site Web.<\/p>\n<ul>\n<li>Design \u00e9l\u00e9gant et moderne parfait pour les caf\u00e9s, les caf\u00e9s et les restaurants.<\/li>\n<li>Options de couleurs enti\u00e8rement personnalisables pour correspondre \u00e0 l&rsquo;identit\u00e9 de la marque.<\/li>\n<li>Mobile r\u00e9actif et optimis\u00e9 pour tous les appareils.<\/li>\n<li>Panneau d&rsquo;options de th\u00e8me facile \u00e0 utiliser pour la personnalisation sans codage.<\/li>\n<li>Construit avec le puissant cadre Gen\u00e8se pour la s\u00e9curit\u00e9 et la flexibilit\u00e9.<\/li>\n<li>Int\u00e9gr\u00e9 \u00e0 WooCommerce pour les commandes et les paiements en ligne transparents.<\/li>\n<li>Comprend des mod\u00e8les de page personnalis\u00e9s pour les menus, les galeries et les \u00e9v\u00e9nements.<\/li>\n<li>Disposition conviviale et professionnelle pour pr\u00e9senter des informations commerciales.<\/li>\n<li>Livr\u00e9 avec un support et des mises \u00e0 jour \u00e0 vie.<\/li>\n<li>Cod\u00e9s avec HTML propre, CSS et avec les meilleures pratiques de r\u00e9f\u00e9rencement \u00e0 l&rsquo;esprit.<\/li>\n<\/ul>\n","protected":false},"excerpt":{"rendered":"<p>Cafe Pro, un th\u00e8me WordPress fabriqu\u00e9 par Studiopress, pr\u00e9sente une gamme exquise et \u00e9tendue de fonctionnalit\u00e9s, ce qui en fait un ajustement impeccable pour les sites Web associ\u00e9s aux caf\u00e9s, aux bistros et aux restaurants. Ce th\u00e8me, ing\u00e9nieusement con\u00e7u \u00e0 l&rsquo;aide du cadre Genesis, poss\u00e8de une r\u00e9activit\u00e9 mobile, un \u00e9ventail d&rsquo;options de personnalisation robustes, ainsi qu&rsquo;une disposition polie et contemporaine qui combine de mani\u00e8re transparente la convivialit\u00e9 avec l&rsquo;attrait captivant. Avec sa conception transparente et sa suite compl\u00e8te de fonctionnalit\u00e9s, Cafe Pro appara\u00eet comme la quintessence de l&rsquo;excellence pour tout \u00e9tablissement de nourriture et de boissons estim\u00e9 visant \u00e0 \u00e9tablir une pr\u00e9sence en ligne non seulement professionnelle mais \u00e9galement visuellement.<\/p>\n","protected":false},"featured_media":145358,"comment_status":"open","ping_status":"open","template":"","meta":[],"product_brand":[2454],"product_cat":[1516,1212,1213],"product_tag":[1358],"class_list":{"0":"post-118782","1":"product","2":"type-product","3":"status-publish","4":"has-post-thumbnail","6":"product_brand-studiopress","7":"product_cat-entreprise","8":"product_cat-themes","9":"product_cat-wordpress-themes","10":"product_tag-studiopress","11":"member-discount","12":"discount-restricted","14":"first","15":"instock","16":"sale","17":"downloadable","18":"virtual","19":"sold-individually","20":"purchasable","21":"product-type-simple"},"_links":{"self":[{"href":"https:\/\/gpl-love.com\/fr\/wp-json\/wp\/v2\/product\/118782","targetHints":{"allow":["GET"]}}],"collection":[{"href":"https:\/\/gpl-love.com\/fr\/wp-json\/wp\/v2\/product"}],"about":[{"href":"https:\/\/gpl-love.com\/fr\/wp-json\/wp\/v2\/types\/product"}],"replies":[{"embeddable":true,"href":"https:\/\/gpl-love.com\/fr\/wp-json\/wp\/v2\/comments?post=118782"}],"wp:featuredmedia":[{"embeddable":true,"href":"https:\/\/gpl-love.com\/fr\/wp-json\/wp\/v2\/media\/145358"}],"wp:attachment":[{"href":"https:\/\/gpl-love.com\/fr\/wp-json\/wp\/v2\/media?parent=118782"}],"wp:term":[{"taxonomy":"product_brand","embeddable":true,"href":"https:\/\/gpl-love.com\/fr\/wp-json\/wp\/v2\/product_brand?post=118782"},{"taxonomy":"product_cat","embeddable":true,"href":"https:\/\/gpl-love.com\/fr\/wp-json\/wp\/v2\/product_cat?post=118782"},{"taxonomy":"product_tag","embeddable":true,"href":"https:\/\/gpl-love.com\/fr\/wp-json\/wp\/v2\/product_tag?post=118782"}],"curies":[{"name":"wp","href":"https:\/\/api.w.org\/{rel}","templated":true}]}}