{"id":118780,"date":"2021-02-09T00:00:00","date_gmt":"2021-02-08T23:00:00","guid":{"rendered":"https:\/\/gpl-love.com\/fr\/produit\/studiopress-business-pro-genesis-wordpress-theme\/"},"modified":"2026-04-10T18:40:51","modified_gmt":"2026-04-10T16:40:51","slug":"studiopress-business-pro-genesis-wordpress-theme","status":"publish","type":"product","link":"https:\/\/gpl-love.com\/fr\/produit\/studiopress-business-pro-genesis-wordpress-theme\/","title":{"rendered":"StudioPress Business Pro Genesis WordPress Theme 1.1.0"},"content":{"rendered":"<h3>StudioPress Business Pro Genesis WordPress Theme Traits<\/h3>\n<p>Le th\u00e8me WordPress de Studiopress Business Pro Genesis est un th\u00e8me exceptionnel, pr\u00e9sentant sa qualit\u00e9 de qualit\u00e9 professionnelle, visant \u00e0 donner \u00e0 votre site Web une apparence \u00e9l\u00e9gante et contemporaine. Ce th\u00e8me est ing\u00e9nieusement con\u00e7u pour \u00eatre personnalisable, vous permettant de configurer la page d&rsquo;accueil, la t\u00eate et le pied de page \u00e0 vos sp\u00e9cifications exactes. Par cons\u00e9quent, vous pouvez fa\u00e7onner sans effort un site Web qui refl\u00e8te votre marque impeccablement, tout en pr\u00e9sentant simultan\u00e9ment votre entreprise de mani\u00e8re la plus captivante et la plus avantageuse imaginable. De plus, ce th\u00e8me est enti\u00e8rement r\u00e9actif, garantissant que votre site Web d\u00e9gagera de remplacer sur tous les appareils. De plus, il est m\u00e9ticuleusement con\u00e7u en utilisant le cadre Genesis, ce qui lui a donn\u00e9 la rapidit\u00e9, la s\u00e9curit\u00e9 et l&rsquo;optimisation des moteurs de recherche. Par cons\u00e9quent, que vous soyez le propri\u00e9taire d&rsquo;une petite entreprise, d&rsquo;un blogueur prolifique ou d&rsquo;un pigiste qualifi\u00e9, le th\u00e8me Studiopress Business Pro Genesis WordPress se distingue sans effort comme le choix par excellence pour \u00e9tablir une pr\u00e9sence en ligne professionnelle qui vous propulsera indubitablement vers la r\u00e9alisation de la r\u00e9alisation de la r\u00e9alisation de la r\u00e9alisation de la r\u00e9alisation de la r\u00e9alisation de la r\u00e9alisation de la r\u00e9alisation de la r\u00e9alisation de la r\u00e9alisation de la r\u00e9alisation de la r\u00e9alisation de la r\u00e9alisation de la r\u00e9ussite tes objectifs.<\/p>\n<ul>\n<li>Con\u00e7u pour livrer un site WordPress professionnel et puissant pour toute entreprise<\/li>\n<li>Page d&rsquo;accueil personnalisable avec une vari\u00e9t\u00e9 de zones pratiqu\u00e9es par le widget pour pr\u00e9senter le contenu cl\u00e9<\/li>\n<li>Comprend un code optimis\u00e9 et une int\u00e9gration avanc\u00e9e avec tous les plugins essentiels pour des performances maximales<\/li>\n<li>La conception r\u00e9active mobile garantit que votre site est poli et fonctionne tr\u00e8s bien sur tous les appareils<\/li>\n<li>Plusieurs sch\u00e9mas de couleurs et widgets vous permettent de personnaliser l&rsquo;apparence de votre site pour correspondre \u00e0 votre marque<\/li>\n<li>Comprend un soutien complet et des mises \u00e0 jour pour les fonctionnalit\u00e9s et la s\u00e9curit\u00e9, offrant une tranquillit\u00e9 d&rsquo;esprit et une maintenance facile<\/li>\n<li>Offre des fonctionnalit\u00e9s avanc\u00e9es telles que les options de th\u00e8me, les menus personnalis\u00e9s et les widgets simplifi\u00e9s pour faciliter la personnalisation du site<\/li>\n<li>L&rsquo;optimisation SEO int\u00e9gr\u00e9e et le support Schema.org aident \u00e0 am\u00e9liorer le classement et la visibilit\u00e9 des sites Web<\/li>\n<li>Livr\u00e9 avec une documentation compl\u00e8te et des tutoriels vid\u00e9o pour vous aider \u00e0 tirer le meilleur parti de votre investissement.<\/li>\n<\/ul>\n","protected":false},"excerpt":{"rendered":"<p>Studiopress Business Pro Genesis WordPress Le th\u00e8me est un th\u00e8me premium exceptionnel qui a \u00e9t\u00e9 m\u00e9ticuleusement con\u00e7u pour fournir aux entrepreneurs et aux propri\u00e9taires de petites entreprises les outils n\u00e9cessaires pour \u00e9tablir une pr\u00e9sence en ligne poli et sophistiqu\u00e9e. B\u00e9n\u00e9ficiant d&rsquo;un design \u00e9l\u00e9gant et contemporain, ce th\u00e8me offre une pl\u00e9thore de mod\u00e8les de pages personnalisables et un \u00e9ventail de fonctionnalit\u00e9s avanc\u00e9es qui sont sp\u00e9cifiquement adapt\u00e9es pour r\u00e9pondre aux besoins uniques des entreprises dans diverses industries. S&rsquo;int\u00e9grant de mani\u00e8re transparente au cadre de Genesis, ce th\u00e8me WordPress combine de mani\u00e8re transparente l&rsquo;esth\u00e9tique exquise avec des fonctionnalit\u00e9s in\u00e9gal\u00e9es. De son interface conviviale \u00e0 ses capacit\u00e9s d&rsquo;optimisation de moteur de recherche remarquables, le th\u00e8me de Studiopress Business Pro Genesis WordPress est un choix impeccable pour les personnes qui aspirent \u00e0 diff\u00e9rencier leurs entreprises dans le vaste paysage en ligne.<\/p>\n","protected":false},"featured_media":145357,"comment_status":"open","ping_status":"open","template":"","meta":[],"product_brand":[2454],"product_cat":[1516,1212,1213],"product_tag":[1358],"class_list":{"0":"post-118780","1":"product","2":"type-product","3":"status-publish","4":"has-post-thumbnail","6":"product_brand-studiopress","7":"product_cat-entreprise","8":"product_cat-themes","9":"product_cat-wordpress-themes","10":"product_tag-studiopress","11":"member-discount","12":"discount-restricted","14":"first","15":"instock","16":"sale","17":"downloadable","18":"virtual","19":"sold-individually","20":"purchasable","21":"product-type-simple"},"_links":{"self":[{"href":"https:\/\/gpl-love.com\/fr\/wp-json\/wp\/v2\/product\/118780","targetHints":{"allow":["GET"]}}],"collection":[{"href":"https:\/\/gpl-love.com\/fr\/wp-json\/wp\/v2\/product"}],"about":[{"href":"https:\/\/gpl-love.com\/fr\/wp-json\/wp\/v2\/types\/product"}],"replies":[{"embeddable":true,"href":"https:\/\/gpl-love.com\/fr\/wp-json\/wp\/v2\/comments?post=118780"}],"wp:featuredmedia":[{"embeddable":true,"href":"https:\/\/gpl-love.com\/fr\/wp-json\/wp\/v2\/media\/145357"}],"wp:attachment":[{"href":"https:\/\/gpl-love.com\/fr\/wp-json\/wp\/v2\/media?parent=118780"}],"wp:term":[{"taxonomy":"product_brand","embeddable":true,"href":"https:\/\/gpl-love.com\/fr\/wp-json\/wp\/v2\/product_brand?post=118780"},{"taxonomy":"product_cat","embeddable":true,"href":"https:\/\/gpl-love.com\/fr\/wp-json\/wp\/v2\/product_cat?post=118780"},{"taxonomy":"product_tag","embeddable":true,"href":"https:\/\/gpl-love.com\/fr\/wp-json\/wp\/v2\/product_tag?post=118780"}],"curies":[{"name":"wp","href":"https:\/\/api.w.org\/{rel}","templated":true}]}}