{"id":118778,"date":"2021-02-09T00:00:00","date_gmt":"2021-02-08T23:00:00","guid":{"rendered":"https:\/\/gpl-love.com\/fr\/produit\/studiopress-brunch-pro-genesis-wordpress-theme\/"},"modified":"2026-04-10T18:40:50","modified_gmt":"2026-04-10T16:40:50","slug":"studiopress-brunch-pro-genesis-wordpress-theme","status":"publish","type":"product","link":"https:\/\/gpl-love.com\/fr\/produit\/studiopress-brunch-pro-genesis-wordpress-theme\/","title":{"rendered":"StudioPress Brunch Pro Genesis WordPress Theme 4.2.0"},"content":{"rendered":"<h3>StudioPress Brunch Pro Genesis WordPress Theme Traits<\/h3>\n<p>Le th\u00e8me WordPress de Studiopress Brunch Pro Genesis est un th\u00e8me WordPress incroyablement polyvalent et hautement personnalisable qui a \u00e9t\u00e9 sp\u00e9cialement con\u00e7u pour r\u00e9pondre aux besoins des blogs de la nourriture et du style de vie, ainsi que des entreprises de restauration et de planification d&rsquo;\u00e9v\u00e9nements, et d&rsquo;autres sites Web similaires. B\u00e9n\u00e9ficiant d&rsquo;un design \u00e9l\u00e9gant et contemporain, ainsi que des options de t\u00eate et de pied de page personnalisables, et une gamme facile \u00e0 naviguer des options de personnalisation de th\u00e8me, Brunch Pro offre aux utilisateurs la possibilit\u00e9 de cr\u00e9er un site Web vraiment unique, Et cela r\u00e9sume parfaitement leur identit\u00e9 de marque et leur style personnel. De plus, ce th\u00e8me exceptionnel offre \u00e9galement une prise en charge int\u00e9gr\u00e9e pour WooCommerce, permettant aux utilisateurs d&rsquo;incorporer sans effort une boutique en ligne dans leur site Web, \u00e9largissant encore leur potentiel commercial. En priorisant l&rsquo;exp\u00e9rience utilisateur et la facilit\u00e9 d&rsquo;utilisation par-dessus tout, Brunch Pro repr\u00e9sente le choix id\u00e9al pour les personnes cherchant \u00e0 cr\u00e9er un site Web visuellement captivant et hautement fonctionnel, le tout sans n\u00e9cessiter une connaissance approfondie du codage.<\/p>\n<ul>\n<li>Un th\u00e8me WordPress premium con\u00e7u sp\u00e9cifiquement pour les blogueurs et les passionn\u00e9s de la nourriture<\/li>\n<li>Enti\u00e8rement sensible et optimis\u00e9 pour les moteurs de recherche<\/li>\n<li>Offre une vari\u00e9t\u00e9 d&rsquo;options personnalisables pour la mise en page, la couleur et la typographie<\/li>\n<li>Livr\u00e9 avec une int\u00e9gration de recettes int\u00e9gr\u00e9e pour la mise en forme et l&rsquo;organisation des recettes faciles<\/li>\n<li>Comprend une page d&rsquo;accueil personnalisable avec plusieurs zones de widget pour afficher le contenu en vedette<\/li>\n<li>D\u00e9velopp\u00e9 sur le cadre de Genesis bien \u00e9tabli pour une performance et une s\u00e9curit\u00e9 solides<\/li>\n<li>Offre une installation de contenu de d\u00e9monstration en un clic et une documentation approfondie pour une configuration et une personnalisation faciles<\/li>\n<li>Fournit acc\u00e8s aux forums de la communaut\u00e9 Studiopress et au soutien au d\u00e9pannage et \u00e0 l&rsquo;assistance<\/li>\n<li>Hautement recommand\u00e9 par les experts de l&rsquo;industrie et les utilisateurs satisfaits pour son interface conviviale et son esth\u00e9tique de conception \u00e9l\u00e9gante.<\/li>\n<\/ul>\n","protected":false},"excerpt":{"rendered":"<p>Pr\u00e9parez-vous \u00e0 une pr\u00e9sence en ligne am\u00e9lior\u00e9e qui \u00e9l\u00e8vera vraiment votre plate-forme num\u00e9rique, gracieuset\u00e9 du th\u00e8me exceptionnel du Brunch Studiopress Pro Genesis WordPress. Ce th\u00e8me exquis con\u00e7u a \u00e9t\u00e9 sp\u00e9cifiquement adapt\u00e9 pour r\u00e9pondre aux besoins des blogueurs alimentaires, des influenceurs de style de vie et des individus cherchant \u00e0 montrer leur marque personnelle distinctive. Brunch Pro poss\u00e8de un \u00e9ventail d&rsquo;options de personnalisation conviviales, vous accordant la libert\u00e9 de cr\u00e9er un site Web aussi unique que vous. Ses mises en page hautement adaptables et sa conception r\u00e9active garantissent que votre site Web d\u00e9gagera un air d&rsquo;excellence, quel que soit l&rsquo;appareil utilis\u00e9 pour y acc\u00e9der. Offrant une s\u00e9lection diversifi\u00e9e de palettes de couleurs frappantes et de choix de typographie, ce th\u00e8me vous permet de g\u00e9rer un espace num\u00e9rique qui refl\u00e8te parfaitement votre style personnel. En outre, Brunch Pro est \u00e9quip\u00e9 d&rsquo;une multitude de fonctionnalit\u00e9s int\u00e9gr\u00e9es, telles que la prise en charge de WooCommerce et WordPress Customizer, simplifiant ainsi l&rsquo;ajout de fonctionnalit\u00e9s de commerce \u00e9lectronique et vous permettant d&rsquo;adapter de mani\u00e8re transparente votre site pour r\u00e9pondre \u00e0 vos besoins sp\u00e9cifiques. Alors pourquoi attendre plus longtemps? Embarquez dans une transformation extraordinaire de votre pr\u00e9sence en ligne en embrassant les capacit\u00e9s in\u00e9gal\u00e9es de Brunch Pro aujourd&rsquo;hui!<\/p>\n","protected":false},"featured_media":145356,"comment_status":"open","ping_status":"open","template":"","meta":[],"product_brand":[2454],"product_cat":[1242,1212,1213],"product_tag":[1358],"class_list":{"0":"post-118778","1":"product","2":"type-product","3":"status-publish","4":"has-post-thumbnail","6":"product_brand-studiopress","7":"product_cat-creatif","8":"product_cat-themes","9":"product_cat-wordpress-themes","10":"product_tag-studiopress","11":"member-discount","12":"discount-restricted","14":"first","15":"instock","16":"sale","17":"downloadable","18":"virtual","19":"sold-individually","20":"purchasable","21":"product-type-simple"},"_links":{"self":[{"href":"https:\/\/gpl-love.com\/fr\/wp-json\/wp\/v2\/product\/118778","targetHints":{"allow":["GET"]}}],"collection":[{"href":"https:\/\/gpl-love.com\/fr\/wp-json\/wp\/v2\/product"}],"about":[{"href":"https:\/\/gpl-love.com\/fr\/wp-json\/wp\/v2\/types\/product"}],"replies":[{"embeddable":true,"href":"https:\/\/gpl-love.com\/fr\/wp-json\/wp\/v2\/comments?post=118778"}],"wp:featuredmedia":[{"embeddable":true,"href":"https:\/\/gpl-love.com\/fr\/wp-json\/wp\/v2\/media\/145356"}],"wp:attachment":[{"href":"https:\/\/gpl-love.com\/fr\/wp-json\/wp\/v2\/media?parent=118778"}],"wp:term":[{"taxonomy":"product_brand","embeddable":true,"href":"https:\/\/gpl-love.com\/fr\/wp-json\/wp\/v2\/product_brand?post=118778"},{"taxonomy":"product_cat","embeddable":true,"href":"https:\/\/gpl-love.com\/fr\/wp-json\/wp\/v2\/product_cat?post=118778"},{"taxonomy":"product_tag","embeddable":true,"href":"https:\/\/gpl-love.com\/fr\/wp-json\/wp\/v2\/product_tag?post=118778"}],"curies":[{"name":"wp","href":"https:\/\/api.w.org\/{rel}","templated":true}]}}