{"id":118776,"date":"2021-10-19T00:00:00","date_gmt":"2021-10-18T22:00:00","guid":{"rendered":"https:\/\/gpl-love.com\/fr\/produit\/studiopress-breakthrough-pro-genesis-wordpress-theme\/"},"modified":"2026-03-20T23:37:29","modified_gmt":"2026-03-20T22:37:29","slug":"studiopress-breakthrough-pro-genesis-wordpress-theme","status":"publish","type":"product","link":"https:\/\/gpl-love.com\/fr\/produit\/studiopress-breakthrough-pro-genesis-wordpress-theme\/","title":{"rendered":"StudioPress Breakthrough Pro Genesis WordPress Theme 1.3.1"},"content":{"rendered":"<h3>StudioPress Breakthrough Pro Genesis WordPress Theme Traits<\/h3>\n<p>Le th\u00e8me WordPress de Studiopress Breakthrough Pro Genesis est un outil exceptionnellement robuste et efficace qui s&rsquo;adresse aux particuliers ou aux entreprises \u00e0 la recherche d&rsquo;un site Web hautement professionnel et convivial. Ce th\u00e8me remarquable poss\u00e8de un m\u00e9lange exquis d&rsquo;\u00e9l\u00e9gance et de modernit\u00e9, garantissant la pr\u00e9sence en ligne parfaite sans compromettre les fonctionnalit\u00e9s. B\u00e9n\u00e9ficiant d&rsquo;une conception propre et minimaliste, Breakthrough Pro accueille sans effort un large \u00e9ventail de types de contenu, tandis que sa r\u00e9activit\u00e9 compl\u00e8te garantit un affichage visuellement magnifique sur n&rsquo;importe quel appareil. En outre, ce th\u00e8me est \u00e9quip\u00e9 d&rsquo;une gamme d&rsquo;options de mise en page, de couleurs personnalisables et de nombreuses zones de widgets, ce qui le rend un choix remarquablement polyvalent pour tout site Web. De plus, ses fonctionnalit\u00e9s de r\u00e9f\u00e9rencement int\u00e9gr\u00e9es et ses param\u00e8tres conviviaux facilitent l&rsquo;optimisation transparente de votre site, am\u00e9liorant ainsi sa visibilit\u00e9 sur les moteurs de recherche. En r\u00e9sum\u00e9, le th\u00e8me WordPress pro-Genesis de Studiopress est une s\u00e9lection exceptionnelle pour les individus \u00e0 la recherche d&rsquo;un th\u00e8me WordPress tr\u00e8s adaptable, puissant et convivial.<\/p>\n<ul>\n<li>Un th\u00e8me WordPress moderne et professionnel con\u00e7u pour les sites Web d&rsquo;entreprise<\/li>\n<li>Design enti\u00e8rement r\u00e9actif et convivial<\/li>\n<li>En-t\u00eate et pied de page personnalisables avec la possibilit\u00e9 d&rsquo;ajouter un bouton d&rsquo;appel \u00e0 l&rsquo;action<\/li>\n<li>Six sch\u00e9mas de couleurs pr\u00e9-pr\u00e9par\u00e9s au choix ou personnaliser votre propre palette de couleurs<\/li>\n<li>Optimis\u00e9 pour le r\u00e9f\u00e9rencement avec l&rsquo;int\u00e9gration de balisage de sch\u00e9ma<\/li>\n<li>Int\u00e9gration facile avec des plugins populaires comme WooCommerce et des formulaires de gravit\u00e9<\/li>\n<li>Prise en charge int\u00e9gr\u00e9e pour le t\u00e9l\u00e9chargement de logo personnalis\u00e9 et Favicon<\/li>\n<li>Prise en charge int\u00e9gr\u00e9e pour les ic\u00f4nes sociales et les boutons de partage<\/li>\n<li>Section de page d&rsquo;accueil personnalisable avec plusieurs zones de widget<\/li>\n<li>Instructions de configuration de th\u00e8me \u00e9tape par \u00e9tape et importation de contenu de d\u00e9monstration incluse<\/li>\n<li>\u00c9quipe de support d\u00e9di\u00e9e et mises \u00e0 jour de th\u00e8me r\u00e9guli\u00e8res.<\/li>\n<\/ul>\n","protected":false},"excerpt":{"rendered":"<p>Nous sommes heureux de pr\u00e9senter le th\u00e8me remarquable de l&rsquo;\u00e9tudiopress Breakthrough Pro Genesis WordPress, qui sert de solution de site Web ultime pour les aspirants entrepreneurs, les blogueurs influents et les propri\u00e9taires d&rsquo;entreprises ambitieux qui sont d\u00e9termin\u00e9s \u00e0 laisser un impact durable dans le domaine en ligne. B\u00e9n\u00e9ficiant d&rsquo;une disposition \u00e9l\u00e9gante et contemporaine, ce th\u00e8me offre des options de personnalisation compl\u00e8tes, vous permettant de fa\u00e7onner sans effort un site Web qui s&rsquo;aligne parfaitement sur les besoins distinctifs de votre marque. Avec ses \u00e9l\u00e9ments de conception impeccables et une interface qui hi\u00e9rarte la convivialit\u00e9, le th\u00e8me WordPress pro-Genesis WordPress de Studiopress poss\u00e8de le pouvoir de r\u00e9volutionner votre pr\u00e9sence en ligne, vous \u00e9levant au-dessus du bruit et de la concurrence f\u00e9roce dans le vaste paysage num\u00e9rique. Que vous visiez \u00e0 construire un portefeuille captivant, \u00e0 inaugurer une nouvelle entreprise ou \u00e0 pr\u00e9senter simplement votre contenu pr\u00e9cieux, ce th\u00e8me premium est le choix id\u00e9al pour r\u00e9aliser vos aspirations.<\/p>\n","protected":false},"featured_media":145355,"comment_status":"open","ping_status":"open","template":"","meta":[],"product_brand":[2454],"product_cat":[1242,1212,1213],"product_tag":[1358],"class_list":{"0":"post-118776","1":"product","2":"type-product","3":"status-publish","4":"has-post-thumbnail","6":"product_brand-studiopress","7":"product_cat-creatif","8":"product_cat-themes","9":"product_cat-wordpress-themes","10":"product_tag-studiopress","11":"member-discount","12":"discount-restricted","14":"first","15":"instock","16":"sale","17":"downloadable","18":"virtual","19":"sold-individually","20":"purchasable","21":"product-type-simple"},"_links":{"self":[{"href":"https:\/\/gpl-love.com\/fr\/wp-json\/wp\/v2\/product\/118776","targetHints":{"allow":["GET"]}}],"collection":[{"href":"https:\/\/gpl-love.com\/fr\/wp-json\/wp\/v2\/product"}],"about":[{"href":"https:\/\/gpl-love.com\/fr\/wp-json\/wp\/v2\/types\/product"}],"replies":[{"embeddable":true,"href":"https:\/\/gpl-love.com\/fr\/wp-json\/wp\/v2\/comments?post=118776"}],"wp:featuredmedia":[{"embeddable":true,"href":"https:\/\/gpl-love.com\/fr\/wp-json\/wp\/v2\/media\/145355"}],"wp:attachment":[{"href":"https:\/\/gpl-love.com\/fr\/wp-json\/wp\/v2\/media?parent=118776"}],"wp:term":[{"taxonomy":"product_brand","embeddable":true,"href":"https:\/\/gpl-love.com\/fr\/wp-json\/wp\/v2\/product_brand?post=118776"},{"taxonomy":"product_cat","embeddable":true,"href":"https:\/\/gpl-love.com\/fr\/wp-json\/wp\/v2\/product_cat?post=118776"},{"taxonomy":"product_tag","embeddable":true,"href":"https:\/\/gpl-love.com\/fr\/wp-json\/wp\/v2\/product_tag?post=118776"}],"curies":[{"name":"wp","href":"https:\/\/api.w.org\/{rel}","templated":true}]}}