{"id":118774,"date":"2025-06-05T00:00:00","date_gmt":"2025-06-04T22:00:00","guid":{"rendered":"https:\/\/gpl-love.com\/fr\/produit\/studiopress-authority-pro-genesis-wordpress-theme\/"},"modified":"2026-04-10T18:40:49","modified_gmt":"2026-04-10T16:40:49","slug":"studiopress-authority-pro-genesis-wordpress-theme","status":"publish","type":"product","link":"https:\/\/gpl-love.com\/fr\/produit\/studiopress-authority-pro-genesis-wordpress-theme\/","title":{"rendered":"StudioPress Authority Pro Genesis WordPress Theme 1.5.2"},"content":{"rendered":"<h3>StudioPress Authority Pro Genesis WordPress Theme Traits<\/h3>\n<p>Le th\u00e8me WordPress de la Studiopress Authority Pro Genesis est un outil extr\u00eamement puissant adapt\u00e9 pour r\u00e9pondre aux besoins des blogueurs et des entrepreneurs en ligne aspirant \u00e0 \u00e9tablir leur expertise et leur cr\u00e9dibilit\u00e9 dans leurs niches respectives. En raison de sa conception m\u00e9ticuleusement con\u00e7ue, ce th\u00e8me permet la pr\u00e9sentation transparente de votre contenu d&rsquo;une mani\u00e8re impeccablement organis\u00e9e et professionnelle. Son \u00e9ventail de fonctionnalit\u00e9s remarquables, y compris la possibilit\u00e9 de personnaliser les options d&rsquo;en-t\u00eate et de pied de page, de nombreuses zones de widgets et sa conception r\u00e9active qui s&rsquo;adapte sans effort \u00e0 n&rsquo;importe quel appareil, contribuent tous \u00e0 son allure ind\u00e9niable. B\u00e9n\u00e9ficiant d&rsquo;une esth\u00e9tique \u00e9l\u00e9gante et contemporaine, Authority Pro sert d&rsquo;option ultime pour les personnes qui cherchent \u00e0 construire une pr\u00e9sence en ligne robuste et \u00e0 attirer une l\u00e9gion d\u00e9vou\u00e9e d&rsquo;adeptes. Que vous soyez un blogueur chevronn\u00e9 ou un n\u00e9ophyte qui se lance dans votre parcours num\u00e9rique, soyez assur\u00e9 que le th\u00e8me WordPress de la Studiopress Authority Pro Genesis comprend tout ce que vous pourriez avoir besoin pour propulser votre site Web \u00e0 des hauteurs sans pr\u00e9c\u00e9dent.<\/p>\n<ul>\n<li>Th\u00e8me WordPress premium con\u00e7u par des professionnels pour les blogueurs, les entrepreneurs et les entreprises<\/li>\n<li>Design \u00e9l\u00e9gant et moderne avec page d&rsquo;accueil personnalisable, en-t\u00eate et pied de page<\/li>\n<li>Construit sur le cadre Genesis fiable et puissant pour les temps de chargement et le code s\u00e9curis\u00e9s rapides<\/li>\n<li>Sensible aux mobiles et optimis\u00e9 pour le r\u00e9f\u00e9rencement pour am\u00e9liorer les classements des moteurs de recherche<\/li>\n<li>Options de th\u00e8me flexibles et zones de widget pour la personnalisation sans aucun codage requis<\/li>\n<li>Sections de publication et de page en vedette pour mettre en \u00e9vidence un contenu important<\/li>\n<li>Plusieurs sch\u00e9mas de couleurs \u00e0 choisir pour une marque facile<\/li>\n<li>Int\u00e9gration avec des plugins populaires comme WooCommerce, des formulaires de gravit\u00e9 et plus encore<\/li>\n<li>Documentation d\u00e9taill\u00e9e et soutien de l&rsquo;\u00e9quipe Studiopress pour une exp\u00e9rience sans tracas.<\/li>\n<\/ul>\n","protected":false},"excerpt":{"rendered":"<p>Le th\u00e8me WordPress de l&rsquo;autorit\u00e9 de Studiopress est un th\u00e8me de site Web complexe et multiforme qui a \u00e9t\u00e9 sp\u00e9cifiquement con\u00e7u pour am\u00e9liorer la pr\u00e9sence en ligne d&rsquo;individus tels que les blogueurs, les cr\u00e9atifs et les entreprises. Ce th\u00e8me a \u00e9t\u00e9 m\u00e9ticuleusement construit sur le cadre robuste de Genesis, garantissant des performances in\u00e9gal\u00e9es et des capacit\u00e9s de personnalisation sans effort. B\u00e9n\u00e9ficiant d&rsquo;un design \u00e9l\u00e9gant et contemporain, Authority Pro est id\u00e9al pour fa\u00e7onner des blogs \u00e0 couper le souffle, des portefeuilles et des sites de commerce \u00e9lectronique. En outre, son interface conviviale, son en-t\u00eate facilement modifiable et ses options de mise en page adaptables fonctionnent tous harmonieusement pour faciliter la cr\u00e9ation d&rsquo;une personnalit\u00e9 en ligne distinctive et visuelle. Que vous soyez un entrepreneur en ligne entreprenant, un sp\u00e9cialiste du marketing astucieux ou un cr\u00e9ateur de contenu talentueux, Authority Pro est sans aucun doute l&rsquo;instrument ultime pour montrer efficacement votre marque et s\u00e9duire le public souhait\u00e9.<\/p>\n","protected":false},"featured_media":145354,"comment_status":"open","ping_status":"open","template":"","meta":[],"product_brand":[2454],"product_cat":[1516,1212,1213],"product_tag":[1358],"class_list":{"0":"post-118774","1":"product","2":"type-product","3":"status-publish","4":"has-post-thumbnail","6":"product_brand-studiopress","7":"product_cat-entreprise","8":"product_cat-themes","9":"product_cat-wordpress-themes","10":"product_tag-studiopress","11":"member-discount","12":"discount-restricted","14":"first","15":"instock","16":"sale","17":"downloadable","18":"virtual","19":"sold-individually","20":"purchasable","21":"product-type-simple"},"_links":{"self":[{"href":"https:\/\/gpl-love.com\/fr\/wp-json\/wp\/v2\/product\/118774","targetHints":{"allow":["GET"]}}],"collection":[{"href":"https:\/\/gpl-love.com\/fr\/wp-json\/wp\/v2\/product"}],"about":[{"href":"https:\/\/gpl-love.com\/fr\/wp-json\/wp\/v2\/types\/product"}],"replies":[{"embeddable":true,"href":"https:\/\/gpl-love.com\/fr\/wp-json\/wp\/v2\/comments?post=118774"}],"wp:featuredmedia":[{"embeddable":true,"href":"https:\/\/gpl-love.com\/fr\/wp-json\/wp\/v2\/media\/145354"}],"wp:attachment":[{"href":"https:\/\/gpl-love.com\/fr\/wp-json\/wp\/v2\/media?parent=118774"}],"wp:term":[{"taxonomy":"product_brand","embeddable":true,"href":"https:\/\/gpl-love.com\/fr\/wp-json\/wp\/v2\/product_brand?post=118774"},{"taxonomy":"product_cat","embeddable":true,"href":"https:\/\/gpl-love.com\/fr\/wp-json\/wp\/v2\/product_cat?post=118774"},{"taxonomy":"product_tag","embeddable":true,"href":"https:\/\/gpl-love.com\/fr\/wp-json\/wp\/v2\/product_tag?post=118774"}],"curies":[{"name":"wp","href":"https:\/\/api.w.org\/{rel}","templated":true}]}}