{"id":118772,"date":"2021-02-09T00:00:00","date_gmt":"2021-02-08T23:00:00","guid":{"rendered":"https:\/\/gpl-love.com\/fr\/produit\/studiopress-author-pro-genesis-wordpress-theme\/"},"modified":"2026-04-10T18:40:48","modified_gmt":"2026-04-10T16:40:48","slug":"studiopress-author-pro-genesis-wordpress-theme","status":"publish","type":"product","link":"https:\/\/gpl-love.com\/fr\/produit\/studiopress-author-pro-genesis-wordpress-theme\/","title":{"rendered":"StudioPress Author Pro Genesis WordPress Theme 1.2.4"},"content":{"rendered":"<h3>StudioPress Author Pro Genesis WordPress Theme Traits<\/h3>\n<p>Le th\u00e8me WordPress de l&rsquo;auteur de Studiopress Prosis, avec son design sophistiqu\u00e9 et professionnel, s&rsquo;adresse sp\u00e9cifiquement aux auteurs, aux blogueurs et aux \u00e9crivains qui souhaitent une plate-forme \u00e9l\u00e9gante et \u00e9l\u00e9gante pour pr\u00e9senter leur travail. Ce th\u00e8me tire parti du puissant cadre Genesis, qui sert de base solide pour votre site Web, gr\u00e2ce \u00e0 son code impeccable et optimis\u00e9. De plus, l&rsquo;auteur Pro englobe une myriade de fonctionnalit\u00e9s personnalisables, allant des en-t\u00eates, arri\u00e8re-plans et couleurs personnalis\u00e9s \u00e0 une gamme d&rsquo;options de page d&rsquo;accueil et de blog. De plus, ce th\u00e8me priorise l&rsquo;optimisation des moteurs de recherche, garantissant que votre pr\u00e9cieux contenu r\u00e9sonnera sans effort avec votre public cible. B\u00e9n\u00e9ficiant d&rsquo;une esth\u00e9tique \u00e9l\u00e9gante et contemporaine, l&rsquo;auteur pro est la quintessence d&rsquo;un th\u00e8me par excellence, id\u00e9al pour les \u00e9crivains aspirant \u00e0 \u00e9tablir une pr\u00e9sence en ligne distingu\u00e9e.<\/p>\n<ul>\n<li>Design beau et professionnel pour pr\u00e9senter votre travail \u00e9crit<\/li>\n<li>Construit sur le puissant cadre de Genesis pour la vitesse, la s\u00e9curit\u00e9 et la flexibilit\u00e9<\/li>\n<li>Int\u00e9gr\u00e9 avec Gutenberg Block Editor pour la cr\u00e9ation de contenu intuitif<\/li>\n<li>Options de menus et de menu personnalisables pour l&rsquo;image de marque et la navigation facile<\/li>\n<li>Mod\u00e8les de pages personnalis\u00e9s pour les pages Bio, Book \/ Product, et plus encore<\/li>\n<li>Page d&rsquo;accueil wig\u00e9tis\u00e9e pour pr\u00e9senter vos derniers profils de travail et de m\u00e9dias sociaux<\/li>\n<li>Conception r\u00e9active mobile pour une visualisation optimis\u00e9e sur tous les appareils<\/li>\n<li>Acc\u00e8s au soutien et \u00e0 la communaut\u00e9 Studiopress pour toute question ou probl\u00e8me<\/li>\n<li>Achat unique avec des mises \u00e0 jour et un support \u00e0 vie<\/li>\n<li>Compatible avec les plugins WordPress populaires pour des fonctionnalit\u00e9s am\u00e9lior\u00e9es.<\/li>\n<\/ul>\n","protected":false},"excerpt":{"rendered":"<p>Studiopress Author Pro est un th\u00e8me WordPress exceptionnel con\u00e7u sp\u00e9cifiquement pour les auteurs et aux \u00e9crivains cherchant \u00e0 pr\u00e9senter leur travail d&rsquo;une mani\u00e8re qui d\u00e9gage le professionnalisme et l&rsquo;\u00e9l\u00e9gance. B\u00e9n\u00e9ficiant d&rsquo;un design \u00e9l\u00e9gant et contemporain, l&rsquo;auteur Pro vous accorde la capacit\u00e9 d&rsquo;exposer vos chefs-d&rsquo;\u0153uvre litt\u00e9raires les plus r\u00e9cents, les articles \u00e9clairants et les articles de blog captivants dans un format visuellement frappant qui est garanti pour l&rsquo;envie de votre public. Ancr\u00e9 sur le formidable cadre de Genesis, ce th\u00e8me offre une personnalisation in\u00e9gal\u00e9e et une optimisation SEO. Que vous soyez un Wordding Wordsmith aspire \u00e0 faire votre marque ou un auteur chevronn\u00e9 avec un ensemble substantiel de travail, ne cherchez pas plus loin que l&rsquo;auteur Pro pour \u00e9lever votre pr\u00e9sence en ligne \u00e0 des sommets sans pr\u00e9c\u00e9dent.<\/p>\n","protected":false},"featured_media":145353,"comment_status":"open","ping_status":"open","template":"","meta":[],"product_brand":[2454],"product_cat":[1242,1212,1213],"product_tag":[1358],"class_list":{"0":"post-118772","1":"product","2":"type-product","3":"status-publish","4":"has-post-thumbnail","6":"product_brand-studiopress","7":"product_cat-creatif","8":"product_cat-themes","9":"product_cat-wordpress-themes","10":"product_tag-studiopress","11":"member-discount","12":"discount-restricted","14":"first","15":"instock","16":"sale","17":"downloadable","18":"virtual","19":"sold-individually","20":"purchasable","21":"product-type-simple"},"_links":{"self":[{"href":"https:\/\/gpl-love.com\/fr\/wp-json\/wp\/v2\/product\/118772","targetHints":{"allow":["GET"]}}],"collection":[{"href":"https:\/\/gpl-love.com\/fr\/wp-json\/wp\/v2\/product"}],"about":[{"href":"https:\/\/gpl-love.com\/fr\/wp-json\/wp\/v2\/types\/product"}],"replies":[{"embeddable":true,"href":"https:\/\/gpl-love.com\/fr\/wp-json\/wp\/v2\/comments?post=118772"}],"wp:featuredmedia":[{"embeddable":true,"href":"https:\/\/gpl-love.com\/fr\/wp-json\/wp\/v2\/media\/145353"}],"wp:attachment":[{"href":"https:\/\/gpl-love.com\/fr\/wp-json\/wp\/v2\/media?parent=118772"}],"wp:term":[{"taxonomy":"product_brand","embeddable":true,"href":"https:\/\/gpl-love.com\/fr\/wp-json\/wp\/v2\/product_brand?post=118772"},{"taxonomy":"product_cat","embeddable":true,"href":"https:\/\/gpl-love.com\/fr\/wp-json\/wp\/v2\/product_cat?post=118772"},{"taxonomy":"product_tag","embeddable":true,"href":"https:\/\/gpl-love.com\/fr\/wp-json\/wp\/v2\/product_tag?post=118772"}],"curies":[{"name":"wp","href":"https:\/\/api.w.org\/{rel}","templated":true}]}}