{"id":118770,"date":"2021-10-19T00:00:00","date_gmt":"2021-10-18T22:00:00","guid":{"rendered":"https:\/\/gpl-love.com\/fr\/produit\/studiopress-aspire-pro-genesis-wordpress-theme\/"},"modified":"2026-03-20T23:37:25","modified_gmt":"2026-03-20T22:37:25","slug":"studiopress-aspire-pro-genesis-wordpress-theme","status":"publish","type":"product","link":"https:\/\/gpl-love.com\/fr\/produit\/studiopress-aspire-pro-genesis-wordpress-theme\/","title":{"rendered":"StudioPress Aspire Pro Genesis WordPress Theme 1.3"},"content":{"rendered":"<h3>StudioPress Aspire Pro Genesis WordPress Theme Traits<\/h3>\n<p>Le th\u00e8me WordPress Studiopress Aspire Pro Genesis, un outil tr\u00e8s puissant pour construire des sites Web, offre aux utilisateurs la possibilit\u00e9 de d\u00e9velopper sans effort des sites Web de calibre professionnel. Ciblant les agences, les pigistes et les petites entreprises qui ont besoin d&rsquo;une plate-forme fiable et r\u00e9active pour exposer leurs offres, ce th\u00e8me offre. Aspire Pro permet aux utilisateurs d&rsquo;exploiter une multitude de fonctionnalit\u00e9s personnalisables pour les dispositions de mode, les sch\u00e9mas de couleurs et la typographie qui r\u00e9sument parfaitement leur identit\u00e9 de marque. De plus, il poss\u00e8de une prise en charge int\u00e9gr\u00e9e pour l&rsquo;optimisation mobile, les fonctionnalit\u00e9s de commerce \u00e9lectronique et l&rsquo;optimisation des moteurs de recherche, ce qui en fait une option privil\u00e9gi\u00e9e pour les entreprises cherchant \u00e0 \u00e9tablir une formidable pr\u00e9sence en ligne. En ce qui concerne les entreprises \u00e0 la recherche d&rsquo;un site Web visuellement \u00e9tonnant et hautement fonctionnel, Aspire Pro est une s\u00e9lection exceptionnelle, gr\u00e2ce \u00e0 son interface intuitive et conviviale.<\/p>\n<ul>\n<li>Th\u00e8me WordPress con\u00e7u par des professionnels par Studiopress<\/li>\n<li>Construit sur le puissant cadre de Genesis<\/li>\n<li>Th\u00e8me Aspire Pro sp\u00e9cialement con\u00e7u pour les entreprises et les entrepreneurs<\/li>\n<li>Page d&rsquo;accueil personnalisable avec diverses zones de widget<\/li>\n<li>Options de disposition de plusieurs pages<\/li>\n<li>Options de fond, de logo et d&rsquo;en-t\u00eate personnalisables<\/li>\n<li>Conception r\u00e9active mobile pour une visualisation optimale sur n&rsquo;importe quel appareil<\/li>\n<li>SEO optimis\u00e9 pour am\u00e9liorer le classement des moteurs de recherche<\/li>\n<li>Configuration de th\u00e8me en un clic pour une installation facile<\/li>\n<li>Support continu et mises \u00e0 jour de l&rsquo;\u00e9quipe Studiopress<\/li>\n<li>Acc\u00e8s \u00e0 la communaut\u00e9 Genesis des d\u00e9veloppeurs et des utilisateurs pour un soutien et des ressources suppl\u00e9mentaires.<\/li>\n<\/ul>\n","protected":false},"excerpt":{"rendered":"<p>Si vous cherchez \u00e0 am\u00e9liorer votre pr\u00e9sence en ligne, ne cherchez pas plus loin qu&rsquo;Aspire Pro, le th\u00e8me Studiopress Genesis WordPress. B\u00e9n\u00e9ficiant d&rsquo;une multitude de fonctionnalit\u00e9s polyvalentes et personnalisables, ce th\u00e8me donnera \u00e0 votre site Web une esth\u00e9tique sophistiqu\u00e9e et contemporaine qui est s\u00fbre de le faire ressortir de la foule. La conception et l&rsquo;assortiment r\u00e9actifs des dispositions pr\u00e9-con\u00e7ues offertes par Aspire Pro rendent sans effort pour pr\u00e9senter votre contenu et s&rsquo;engager efficacement avec votre public, quel que soit l&rsquo;appareil qu&rsquo;ils utilisent. De plus, son interface \u00e9pur\u00e9e et conviviale garantit une navigation transparente et la possibilit\u00e9 de personnaliser votre site Web sur le contenu de votre c\u0153ur. De plus, les formidables capacit\u00e9s de r\u00e9f\u00e9rencement d&rsquo;Aspire Pro garantissent que votre site Web est facilement d\u00e9couverte par les moteurs de recherche, maximisant son potentiel d&rsquo;attraction de trafic. Que vous soyez un blogueur, un entrepreneur ou un propri\u00e9taire de petite entreprise, Aspire Pro est l&rsquo;outil ultime pour catapulter votre pr\u00e9sence en ligne \u00e0 de nouveaux sommets.<\/p>\n","protected":false},"featured_media":145351,"comment_status":"open","ping_status":"open","template":"","meta":[],"product_brand":[2454],"product_cat":[1242,1212,1213],"product_tag":[1358],"class_list":{"0":"post-118770","1":"product","2":"type-product","3":"status-publish","4":"has-post-thumbnail","6":"product_brand-studiopress","7":"product_cat-creatif","8":"product_cat-themes","9":"product_cat-wordpress-themes","10":"product_tag-studiopress","11":"member-discount","12":"discount-restricted","14":"first","15":"instock","16":"sale","17":"downloadable","18":"virtual","19":"sold-individually","20":"purchasable","21":"product-type-simple"},"_links":{"self":[{"href":"https:\/\/gpl-love.com\/fr\/wp-json\/wp\/v2\/product\/118770","targetHints":{"allow":["GET"]}}],"collection":[{"href":"https:\/\/gpl-love.com\/fr\/wp-json\/wp\/v2\/product"}],"about":[{"href":"https:\/\/gpl-love.com\/fr\/wp-json\/wp\/v2\/types\/product"}],"replies":[{"embeddable":true,"href":"https:\/\/gpl-love.com\/fr\/wp-json\/wp\/v2\/comments?post=118770"}],"wp:featuredmedia":[{"embeddable":true,"href":"https:\/\/gpl-love.com\/fr\/wp-json\/wp\/v2\/media\/145351"}],"wp:attachment":[{"href":"https:\/\/gpl-love.com\/fr\/wp-json\/wp\/v2\/media?parent=118770"}],"wp:term":[{"taxonomy":"product_brand","embeddable":true,"href":"https:\/\/gpl-love.com\/fr\/wp-json\/wp\/v2\/product_brand?post=118770"},{"taxonomy":"product_cat","embeddable":true,"href":"https:\/\/gpl-love.com\/fr\/wp-json\/wp\/v2\/product_cat?post=118770"},{"taxonomy":"product_tag","embeddable":true,"href":"https:\/\/gpl-love.com\/fr\/wp-json\/wp\/v2\/product_tag?post=118770"}],"curies":[{"name":"wp","href":"https:\/\/api.w.org\/{rel}","templated":true}]}}