{"id":118768,"date":"2021-02-09T00:00:00","date_gmt":"2021-02-08T23:00:00","guid":{"rendered":"https:\/\/gpl-love.com\/fr\/produit\/studiopress-ambiance-pro-genesis-wordpress-theme\/"},"modified":"2026-04-10T18:40:47","modified_gmt":"2026-04-10T16:40:47","slug":"studiopress-ambiance-pro-genesis-wordpress-theme","status":"publish","type":"product","link":"https:\/\/gpl-love.com\/fr\/produit\/studiopress-ambiance-pro-genesis-wordpress-theme\/","title":{"rendered":"StudioPress Ambiance Pro Genesis WordPress Theme 1.1.4"},"content":{"rendered":"<h3>StudioPress Ambiance Pro Genesis WordPress Theme Traits<\/h3>\n<p>Con\u00e7u sp\u00e9cifiquement pour les blogueurs et les propri\u00e9taires d&rsquo;entreprise, le th\u00e8me WordPress de l&rsquo;ambiance Studiopress est un th\u00e8me premium exceptionnel et sophistiqu\u00e9. B\u00e9n\u00e9ficiant d&rsquo;une apparence \u00e9l\u00e9gante et contemporaine, ce th\u00e8me pr\u00e9sente une disposition vierge et navigable sans effort qui est id\u00e9ale pour pr\u00e9senter votre pr\u00e9cieux contenu. En outre, ce th\u00e8me est enti\u00e8rement optimis\u00e9 pour les appareils mobiles et les moteurs de recherche, garantissant que votre site Web est accessible sans effort et tr\u00e8s d\u00e9couvrable. De plus, le th\u00e8me WordPress de l&rsquo;ambiance Studiopress comprend une pl\u00e9thore d&rsquo;options personnalisables, telles que plusieurs zones de widgets sur la page d&rsquo;accueil, un en-t\u00eate et un pied de page personnalisables, et une gamme diversifi\u00e9e de formats post-formats. Compl\u00e8te avec sa conception \u00e9tonnante et ses fonctionnalit\u00e9s conviviales, le th\u00e8me WordPress de Studiopress Ambiance Pro Genesis est un choix in\u00e9gal\u00e9 pour les personnes cherchant \u00e0 \u00e9tablir une pr\u00e9sence en ligne professionnelle et raffin\u00e9e.<\/p>\n<ul>\n<li>Th\u00e8me WordPress Premium Genesis con\u00e7u pour les professionnels de la cr\u00e9ation et les blogueurs<\/li>\n<li>Design \u00e9l\u00e9gant et \u00e9l\u00e9gant avec une page d&rsquo;accueil personnalisable et des zones de widget<\/li>\n<li>Construit sur le cadre Genesis pour l&rsquo;optimisation, la flexibilit\u00e9 et la s\u00e9curit\u00e9 du r\u00e9f\u00e9rencement<\/li>\n<li>Large gamme de mod\u00e8les de pages pr\u00e9d\u00e9finis pour les pages de destination, les articles de blog, les archives et plus encore<\/li>\n<li>Options de couleurs personnalisables et typographie avec int\u00e9gration de polices Google<\/li>\n<li>Conception r\u00e9active pour une visualisation transparente sur tous les appareils<\/li>\n<li>Int\u00e9gr\u00e9 \u00e0 WooCommerce pour la fonctionnalit\u00e9 du commerce \u00e9lectronique<\/li>\n<li>Documentation compl\u00e8te et soutien de la communaut\u00e9 Studiopress<\/li>\n<li>Mises \u00e0 jour r\u00e9guli\u00e8res et am\u00e9liorations pour assurer la compatibilit\u00e9 et les performances<\/li>\n<\/ul>\n","protected":false},"excerpt":{"rendered":"<p>Le th\u00e8me WordPress de l&rsquo;ambiance Studiopress Pro Genesis est un choix extr\u00eamement con\u00e7u et contemporain qui s&rsquo;adresse aux blogueurs, aux cr\u00e9atifs et aux entreprises, offrant un superbe \u00e9ventail de fonctionnalit\u00e9s. Avec sa mise en page impeccablement \u00e9l\u00e9gante, ses options de personnalisation approfondies et sa conception adaptative, ce th\u00e8me fournit la plate-forme id\u00e9ale pour montrer votre pr\u00e9cieux contenu et \u00e9tablir une personnalit\u00e9 en ligne sophistiqu\u00e9e. Que vous poss\u00e9diez des ann\u00e9es d&rsquo;exp\u00e9rience dans le domaine des blogs ou que vous vous lanciez dans votre premier voyage, Ambiance Pro est sur le point d&rsquo;\u00e9lever votre site Web vers de nouveaux sommets, en vous assurant que vous vous distinguez sans effort au milieu du paysage num\u00e9rique en constante expansion.<\/p>\n","protected":false},"featured_media":145350,"comment_status":"open","ping_status":"open","template":"","meta":[],"product_brand":[2454],"product_cat":[1220,1212,1213],"product_tag":[1358],"class_list":{"0":"post-118768","1":"product","2":"type-product","3":"status-publish","4":"has-post-thumbnail","6":"product_brand-studiopress","7":"product_cat-blog-magazine","8":"product_cat-themes","9":"product_cat-wordpress-themes","10":"product_tag-studiopress","11":"member-discount","12":"discount-restricted","14":"first","15":"instock","16":"sale","17":"downloadable","18":"virtual","19":"sold-individually","20":"purchasable","21":"product-type-simple"},"_links":{"self":[{"href":"https:\/\/gpl-love.com\/fr\/wp-json\/wp\/v2\/product\/118768","targetHints":{"allow":["GET"]}}],"collection":[{"href":"https:\/\/gpl-love.com\/fr\/wp-json\/wp\/v2\/product"}],"about":[{"href":"https:\/\/gpl-love.com\/fr\/wp-json\/wp\/v2\/types\/product"}],"replies":[{"embeddable":true,"href":"https:\/\/gpl-love.com\/fr\/wp-json\/wp\/v2\/comments?post=118768"}],"wp:featuredmedia":[{"embeddable":true,"href":"https:\/\/gpl-love.com\/fr\/wp-json\/wp\/v2\/media\/145350"}],"wp:attachment":[{"href":"https:\/\/gpl-love.com\/fr\/wp-json\/wp\/v2\/media?parent=118768"}],"wp:term":[{"taxonomy":"product_brand","embeddable":true,"href":"https:\/\/gpl-love.com\/fr\/wp-json\/wp\/v2\/product_brand?post=118768"},{"taxonomy":"product_cat","embeddable":true,"href":"https:\/\/gpl-love.com\/fr\/wp-json\/wp\/v2\/product_cat?post=118768"},{"taxonomy":"product_tag","embeddable":true,"href":"https:\/\/gpl-love.com\/fr\/wp-json\/wp\/v2\/product_tag?post=118768"}],"curies":[{"name":"wp","href":"https:\/\/api.w.org\/{rel}","templated":true}]}}