{"id":118766,"date":"2026-05-05T00:00:00","date_gmt":"2026-05-04T22:00:00","guid":{"rendered":"https:\/\/gpl-love.com\/fr\/produit\/studiopress-altitude-pro-genesis-wordpress-theme\/"},"modified":"2026-05-06T00:30:56","modified_gmt":"2026-05-05T22:30:56","slug":"studiopress-altitude-pro-genesis-wordpress-theme","status":"publish","type":"product","link":"https:\/\/gpl-love.com\/fr\/produit\/studiopress-altitude-pro-genesis-wordpress-theme\/","title":{"rendered":"StudioPress Altitude Pro Genesis WordPress Theme 1.5.3"},"content":{"rendered":"<h3>StudioPress Altitude Pro Genesis WordPress Theme Traits<\/h3>\n<p>Le th\u00e8me WordPress de Studiopress Altitude Pro Genesis est un th\u00e8me profond\u00e9ment personnalisable et polyvalent qui a \u00e9t\u00e9 m\u00e9ticuleusement con\u00e7u pour accorder \u00e0 votre site Web un air de professionnalisme et de modernit\u00e9. B\u00e9n\u00e9ficiant d&rsquo;une nature vierge et r\u00e9active, ce th\u00e8me est un choix impeccable pour les entreprises et les particuliers qui cherchent \u00e0 pr\u00e9senter leurs produits, services ou marques personnelles d&rsquo;une mani\u00e8re \u00e9l\u00e9gante et percutante. Le th\u00e8me englobe une vaste gamme d&rsquo;options de personnalisation, vous offrant la possibilit\u00e9 d&rsquo;adapter la conception \u00e0 vos pr\u00e9f\u00e9rences sp\u00e9cifiques; Il s&rsquo;agit notamment de plusieurs zones de widget pour la page d&rsquo;accueil, un en-t\u00eate personnalisable et une multitude de dispositions de page. De plus, le th\u00e8me est \u00e9galement exceptionnellement favorable \u00e0 un mobile, garantissant une apparence visuellement \u00e9tonnante sur tous les appareils, allant des ordinateurs de bureau aux smartphones. En outre, le th\u00e8me WordPress de Studiopress Altitude Pro Genesis est optimis\u00e9 avec diligence pour les moteurs de recherche, garantissant ainsi que votre site Web se procurera une position de haut rang sur des moteurs de recherche importants tels que Google. Dans l&rsquo;ensemble, si vous \u00eates sur le march\u00e9 pour un th\u00e8me WordPress \u00e9l\u00e9gant, professionnel et extr\u00eamement polyvalent, le Studiopress Altitude Pro Genesis est ind\u00e9niablement un choix louable digne d&rsquo;une s\u00e9rieuse consid\u00e9ration.<\/p>\n<ul>\n<li>Design \u00e9l\u00e9gant et moderne parfait pour les entreprises, les agences et les cr\u00e9atifs<\/li>\n<li>Construit sur le cadre de Genesis pour de grandes performances et de la fiabilit\u00e9<\/li>\n<li>Enti\u00e8rement r\u00e9actif et convivial pour une exp\u00e9rience utilisateur sans couture sur n&rsquo;importe quel appareil<\/li>\n<li>Plusieurs options de page d&rsquo;accueil et de mise en page \u00e0 personnaliser \u00e0 votre marque<\/li>\n<li>Int\u00e9gration avec des plugins populaires comme WooCommerce et des formulaires de gravit\u00e9<\/li>\n<li>Comprend un mod\u00e8le de page de destination personnalis\u00e9 pour les campagnes de marketing cibl\u00e9es<\/li>\n<li>Panneau d&rsquo;options de th\u00e8me facile \u00e0 utiliser pour une personnalisation rapide et sans effort<\/li>\n<li>Soutien d\u00e9di\u00e9 et forums communautaires pour l&rsquo;aide et l&rsquo;inspiration<\/li>\n<li>Acc\u00e8s aux futures mises \u00e0 jour et am\u00e9liorations pour la valeur continue<\/li>\n<li>SEO optimis\u00e9 pour am\u00e9liorer le classement des moteurs de recherche et la visibilit\u00e9.<\/li>\n<\/ul>\n","protected":false},"excerpt":{"rendered":"<p>Altitude Pro, un th\u00e8me WordPress Genesis m\u00e9ticuleusement con\u00e7u conceptualis\u00e9 par Studiopress, poss\u00e8de un design exquis qui rayonne la simplicit\u00e9 et l&rsquo;\u00e9l\u00e9gance. Ce th\u00e8me extraordinaire contient une allure in\u00e9gal\u00e9e, ce qui le rend une s\u00e9lection id\u00e9ale pour les individus aspirant \u00e0 laisser une marque ind\u00e9l\u00e9bile avec leur pr\u00e9sence en ligne. La polyvalence de l&rsquo;altitude Pro ne conna\u00eet pas de limites, car elle s&rsquo;adapte parfaitement pour r\u00e9pondre \u00e0 vos exigences uniques, assurant une touche personnalis\u00e9e qui refl\u00e8te votre vision distincte. De plus, sa conception impeccablement r\u00e9active garantit une exp\u00e9rience utilisateur transparente sur tous les appareils, garantissant que votre site Web d\u00e9gagera de brillance et captivera le public, quel que soit le support employ\u00e9. Ainsi, que vous soyez un blogueur en herbe, un pigiste ing\u00e9nieux, ou un ambitieux propri\u00e9taire d&rsquo;une petite entreprise, Altitude Pro appara\u00eet comme le choix par excellence pour \u00e9lever votre pr\u00e9sence virtuelle \u00e0 des hauteurs sans pr\u00e9c\u00e9dent.<\/p>\n","protected":false},"featured_media":145349,"comment_status":"open","ping_status":"open","template":"","meta":[],"product_brand":[2454],"product_cat":[1242,1212,1213],"product_tag":[1358],"class_list":{"0":"post-118766","1":"product","2":"type-product","3":"status-publish","4":"has-post-thumbnail","6":"product_brand-studiopress","7":"product_cat-creatif","8":"product_cat-themes","9":"product_cat-wordpress-themes","10":"product_tag-studiopress","11":"member-discount","12":"discount-restricted","14":"first","15":"instock","16":"sale","17":"downloadable","18":"virtual","19":"sold-individually","20":"purchasable","21":"product-type-simple"},"_links":{"self":[{"href":"https:\/\/gpl-love.com\/fr\/wp-json\/wp\/v2\/product\/118766","targetHints":{"allow":["GET"]}}],"collection":[{"href":"https:\/\/gpl-love.com\/fr\/wp-json\/wp\/v2\/product"}],"about":[{"href":"https:\/\/gpl-love.com\/fr\/wp-json\/wp\/v2\/types\/product"}],"replies":[{"embeddable":true,"href":"https:\/\/gpl-love.com\/fr\/wp-json\/wp\/v2\/comments?post=118766"}],"wp:featuredmedia":[{"embeddable":true,"href":"https:\/\/gpl-love.com\/fr\/wp-json\/wp\/v2\/media\/145349"}],"wp:attachment":[{"href":"https:\/\/gpl-love.com\/fr\/wp-json\/wp\/v2\/media?parent=118766"}],"wp:term":[{"taxonomy":"product_brand","embeddable":true,"href":"https:\/\/gpl-love.com\/fr\/wp-json\/wp\/v2\/product_brand?post=118766"},{"taxonomy":"product_cat","embeddable":true,"href":"https:\/\/gpl-love.com\/fr\/wp-json\/wp\/v2\/product_cat?post=118766"},{"taxonomy":"product_tag","embeddable":true,"href":"https:\/\/gpl-love.com\/fr\/wp-json\/wp\/v2\/product_tag?post=118766"}],"curies":[{"name":"wp","href":"https:\/\/api.w.org\/{rel}","templated":true}]}}