{"id":118764,"date":"2021-02-09T00:00:00","date_gmt":"2021-02-08T23:00:00","guid":{"rendered":"https:\/\/gpl-love.com\/fr\/produit\/studiopress-agency-pro-genesis-wordpress-theme\/"},"modified":"2026-04-10T18:40:45","modified_gmt":"2026-04-10T16:40:45","slug":"studiopress-agency-pro-genesis-wordpress-theme","status":"publish","type":"product","link":"https:\/\/gpl-love.com\/fr\/produit\/studiopress-agency-pro-genesis-wordpress-theme\/","title":{"rendered":"StudioPress Agency Pro Genesis WordPress Theme 3.1.5"},"content":{"rendered":"<h3>StudioPress Agency Pro Genesis WordPress Theme Traits<\/h3>\n<p>Le th\u00e8me WordPress de l&rsquo;agence de Studiopress Genesis se pr\u00e9sente comme la solution ultime pour les entreprises cherchant \u00e0 \u00e9tablir une empreinte num\u00e9rique sophistiqu\u00e9e et polie. Disant une aura d&rsquo;esth\u00e9tique suave et de pointe, ce th\u00e8me est enti\u00e8rement adaptable sur tous les appareils, assurant une exp\u00e9rience utilisateur de mani\u00e8re transparente. Sa vaste gamme d&rsquo;attributs personnalisables permet une couture sans effort qui s&rsquo;aligne sur le style et les exigences distinctifs de votre marque. On peut prendre r\u00e9confort dans le fait que ce th\u00e8me est \u00e9quip\u00e9 d&rsquo;une optimisation SEO int\u00e9gr\u00e9e, d&rsquo;une fonctionnalit\u00e9 qui garantit un classement accru des moteurs de recherche et donc une visibilit\u00e9 en ligne am\u00e9lior\u00e9e. De plus, l&rsquo;inclusion du cadre Genesis solidifie en outre l&rsquo;efficacit\u00e9 de ce th\u00e8me, servant de base ferme pour la fonctionnalit\u00e9 et la s\u00e9curit\u00e9 de votre site Web. Que vous vous trouviez le fer de lance d&rsquo;une startup naissante, d&rsquo;une agence cr\u00e9ative ou d&rsquo;une entreprise \u00e9tablie, le th\u00e8me WordPress de l&rsquo;agence Studiopress est un choix impeccable qui garantit la construction d&rsquo;une pr\u00e9sence en ligne in\u00e9branlable et illustre.<\/p>\n<ul>\n<li>Design moderne et \u00e9l\u00e9gant parfait pour tout type de site Web d&rsquo;agence<\/li>\n<li>Mobile r\u00e9actif, garantir que votre site Web a fi\u00e8re allure sur n&rsquo;importe quel appareil<\/li>\n<li>Zones de widget de page d&rsquo;accueil personnalisables pour pr\u00e9senter vos services et votre contenu<\/li>\n<li>Mod\u00e8les de page pr\u00e9d\u00e9finis pour des sections importantes telles que sur, les services et le contact<\/li>\n<li>Int\u00e9gr\u00e9 au framework Genesis pour l&rsquo;optimisation du r\u00e9f\u00e9rencement et le code s\u00e9curis\u00e9<\/li>\n<li>Importation de contenu de d\u00e9monstration en un clic pour d\u00e9marrer facilement avec la conception de votre site<\/li>\n<li>En-t\u00eate personnalisable int\u00e9gr\u00e9e et des zones de pied de page pour marquer votre site<\/li>\n<li>Prend en charge WooCommerce pour une int\u00e9gration de commerce \u00e9lectronique facile<\/li>\n<li>Acc\u00e8s aux forums et mises \u00e0 jour de la communaut\u00e9 Studiopress pour le soutien et l&rsquo;am\u00e9lioration continus<\/li>\n<\/ul>\n","protected":false},"excerpt":{"rendered":"<p>Le th\u00e8me de l&rsquo;agence Pro Genesis WordPress, d\u00e9velopp\u00e9 par Studiopress, est une alternative esth\u00e9tique et contemporaine pour les individus dans le domaine des affaires et des agences. En mettant l&rsquo;accent sur l&rsquo;adaptabilit\u00e9 et la personnalisation, ce th\u00e8me propose une interface conviviale qui permet la cr\u00e9ation d&rsquo;un site Web visuellement attrayant et professionnel. Les fonctionnalit\u00e9s notables englobent les widgets personnalis\u00e9s, le codage des optimisations pour am\u00e9liorer la vitesse de chargement et la r\u00e9activit\u00e9 mobile pour une visualisation transparente sur divers appareils. Le th\u00e8me de l&rsquo;agence Pro Genesis WordPress, avec un design raffin\u00e9 et \u00e9pur\u00e9, pr\u00e9sente une s\u00e9lection id\u00e9ale pour les personnes cherchant \u00e0 \u00e9tablir une pr\u00e9sence en ligne m\u00e9morable.<\/p>\n","protected":false},"featured_media":145348,"comment_status":"open","ping_status":"open","template":"","meta":[],"product_brand":[2454],"product_cat":[1516,1212,1213],"product_tag":[1358],"class_list":{"0":"post-118764","1":"product","2":"type-product","3":"status-publish","4":"has-post-thumbnail","6":"product_brand-studiopress","7":"product_cat-entreprise","8":"product_cat-themes","9":"product_cat-wordpress-themes","10":"product_tag-studiopress","11":"member-discount","12":"discount-restricted","14":"first","15":"instock","16":"sale","17":"downloadable","18":"virtual","19":"sold-individually","20":"purchasable","21":"product-type-simple"},"_links":{"self":[{"href":"https:\/\/gpl-love.com\/fr\/wp-json\/wp\/v2\/product\/118764","targetHints":{"allow":["GET"]}}],"collection":[{"href":"https:\/\/gpl-love.com\/fr\/wp-json\/wp\/v2\/product"}],"about":[{"href":"https:\/\/gpl-love.com\/fr\/wp-json\/wp\/v2\/types\/product"}],"replies":[{"embeddable":true,"href":"https:\/\/gpl-love.com\/fr\/wp-json\/wp\/v2\/comments?post=118764"}],"wp:featuredmedia":[{"embeddable":true,"href":"https:\/\/gpl-love.com\/fr\/wp-json\/wp\/v2\/media\/145348"}],"wp:attachment":[{"href":"https:\/\/gpl-love.com\/fr\/wp-json\/wp\/v2\/media?parent=118764"}],"wp:term":[{"taxonomy":"product_brand","embeddable":true,"href":"https:\/\/gpl-love.com\/fr\/wp-json\/wp\/v2\/product_brand?post=118764"},{"taxonomy":"product_cat","embeddable":true,"href":"https:\/\/gpl-love.com\/fr\/wp-json\/wp\/v2\/product_cat?post=118764"},{"taxonomy":"product_tag","embeddable":true,"href":"https:\/\/gpl-love.com\/fr\/wp-json\/wp\/v2\/product_tag?post=118764"}],"curies":[{"name":"wp","href":"https:\/\/api.w.org\/{rel}","templated":true}]}}