{"id":118762,"date":"2021-02-09T00:00:00","date_gmt":"2021-02-08T23:00:00","guid":{"rendered":"https:\/\/gpl-love.com\/fr\/produit\/studiopress-academy-pro-genesis-wordpress-theme\/"},"modified":"2026-04-10T18:40:44","modified_gmt":"2026-04-10T16:40:44","slug":"studiopress-academy-pro-genesis-wordpress-theme","status":"publish","type":"product","link":"https:\/\/gpl-love.com\/fr\/produit\/studiopress-academy-pro-genesis-wordpress-theme\/","title":{"rendered":"StudioPress Academy Pro Genesis WordPress Theme 1.0.7"},"content":{"rendered":"<h3>StudioPress Academy Pro Genesis WordPress Theme Traits<\/h3>\n<p>Le th\u00e8me WordPress de la Studiopress Academy Pro Genesis est une option exceptionnelle pour les particuliers ou les entreprises qui cherchent \u00e0 \u00e9tablir une pr\u00e9sence en ligne sophistiqu\u00e9e, gr\u00e2ce \u00e0 son design professionnel et contemporain. Il offre une multitude de fonctionnalit\u00e9s personnalisables qui vous permettent de pr\u00e9senter votre contenu de mani\u00e8re visuellement captivante tout en assurant une navigation transparente. En fournissant une gamme de mod\u00e8les de pages pr\u00e9-con\u00e7us et en vous permettant de construire vos propres pages personnalis\u00e9es via le constructeur de pages de glisser-d\u00e9poser pratique, ce th\u00e8me offre une flexibilit\u00e9 in\u00e9gal\u00e9e. En outre, il garantit une compatibilit\u00e9 optimale avec les appareils mobiles, garantissant que votre site Web conservera son apparence impeccable sur toutes les tailles d&rsquo;\u00e9cran. Notamment, il englobe les outils de r\u00e9f\u00e9rencement int\u00e9gr\u00e9s qui sont indispensables pour am\u00e9liorer votre classement de moteur de recherche. En conclusion, le th\u00e8me WordPress de Studiopress Academy Pro Genesis repr\u00e9sente une solution incroyablement robuste et polyvalente pour tous ceux qui visaient \u00e0 cr\u00e9er un site Web WordPress de premier ordre.<\/p>\n<ul>\n<li>Design \u00e9l\u00e9gant et moderne qui est parfait pour les sites Web professionnels et \u00e9ducatifs<\/li>\n<li>Construit sur le puissant cadre de Genesis, assurant des performances de site Web rapide et s\u00e9curis\u00e9e<\/li>\n<li>Enti\u00e8rement personnalisable pour faire correspondre votre marque et vos besoins de site Web<\/li>\n<li>Comprend des mod\u00e8les de page pr\u00e9d\u00e9finis pour une cr\u00e9ation de site Web facile<\/li>\n<li>Acc\u00e8s au soutien \u00e9tendu de Studiopress et aux ressources communautaires<\/li>\n<li>Con\u00e7u avec les meilleures pratiques de r\u00e9f\u00e9rence<\/li>\n<li>Fonctionnalit\u00e9 de commerce \u00e9lectronique int\u00e9gr\u00e9, vous permettant de vendre des produits num\u00e9riques et des cours directement \u00e0 partir de votre site Web<\/li>\n<li>Acc\u00e8s au th\u00e8me Genesis Pro, offrant des options et fonctionnalit\u00e9s de personnalisation suppl\u00e9mentaires<\/li>\n<li>Mises \u00e0 jour illimit\u00e9es et prise en charge de la dur\u00e9e de vie du produit.<\/li>\n<\/ul>\n","protected":false},"excerpt":{"rendered":"<p>Studiopress Academy Pro est un th\u00e8me Genesis WordPress incroyablement robuste et hautement personnalisable qui a \u00e9t\u00e9 m\u00e9ticuleusement con\u00e7u avec le but sp\u00e9cifique de r\u00e9pondre aux \u00e9tablissements d&rsquo;enseignement, aux cours en ligne et aux programmes de formation. Son design professionnel et contemporain exceptionnel, associ\u00e9 \u00e0 ses options de disposition remarquablement flexibles, le distingue vraiment de la comp\u00e9tition. En outre, ce th\u00e8me exceptionnel est enti\u00e8rement \u00e9quip\u00e9 d&rsquo;une gamme de fonctionnalit\u00e9s int\u00e9gr\u00e9es qui int\u00e8grent de mani\u00e8re transparente les listes de cours, la gestion des \u00e9v\u00e9nements et les fonctionnalit\u00e9s de commerce \u00e9lectronique, ce qui vous permet de faire une plate-forme d&rsquo;apprentissage en ligne impressionnante et immersive qui sera impressionnant Captiver et motiver invariablement vos \u00e9l\u00e8ves. Que vous soyez un enseignant accompli, un entra\u00eeneur chevronn\u00e9 ou un entrepreneur ambitieux op\u00e9rant au sein de l&rsquo;industrie de l&rsquo;\u00e9ducation, Academy Pro englobe une vaste gamme d&rsquo;outils et de ressources indispensables qui sont absolument indispensables pour pr\u00e9senter de mani\u00e8re appropri\u00e9e votre comp\u00e9tence et votre expertise in\u00e9gal vous pour \u00e9tablir et \u00e9tendre la pr\u00e9sence en ligne de votre marque avec une efficacit\u00e9 in\u00e9gal\u00e9e.<\/p>\n","protected":false},"featured_media":145347,"comment_status":"open","ping_status":"open","template":"","meta":[],"product_brand":[2454],"product_cat":[1242,1212,1213],"product_tag":[1358],"class_list":{"0":"post-118762","1":"product","2":"type-product","3":"status-publish","4":"has-post-thumbnail","6":"product_brand-studiopress","7":"product_cat-creatif","8":"product_cat-themes","9":"product_cat-wordpress-themes","10":"product_tag-studiopress","11":"member-discount","12":"discount-restricted","14":"first","15":"instock","16":"sale","17":"downloadable","18":"virtual","19":"sold-individually","20":"purchasable","21":"product-type-simple"},"_links":{"self":[{"href":"https:\/\/gpl-love.com\/fr\/wp-json\/wp\/v2\/product\/118762","targetHints":{"allow":["GET"]}}],"collection":[{"href":"https:\/\/gpl-love.com\/fr\/wp-json\/wp\/v2\/product"}],"about":[{"href":"https:\/\/gpl-love.com\/fr\/wp-json\/wp\/v2\/types\/product"}],"replies":[{"embeddable":true,"href":"https:\/\/gpl-love.com\/fr\/wp-json\/wp\/v2\/comments?post=118762"}],"wp:featuredmedia":[{"embeddable":true,"href":"https:\/\/gpl-love.com\/fr\/wp-json\/wp\/v2\/media\/145347"}],"wp:attachment":[{"href":"https:\/\/gpl-love.com\/fr\/wp-json\/wp\/v2\/media?parent=118762"}],"wp:term":[{"taxonomy":"product_brand","embeddable":true,"href":"https:\/\/gpl-love.com\/fr\/wp-json\/wp\/v2\/product_brand?post=118762"},{"taxonomy":"product_cat","embeddable":true,"href":"https:\/\/gpl-love.com\/fr\/wp-json\/wp\/v2\/product_cat?post=118762"},{"taxonomy":"product_tag","embeddable":true,"href":"https:\/\/gpl-love.com\/fr\/wp-json\/wp\/v2\/product_tag?post=118762"}],"curies":[{"name":"wp","href":"https:\/\/api.w.org\/{rel}","templated":true}]}}