{"id":118756,"date":"2022-03-04T00:00:00","date_gmt":"2022-03-03T23:00:00","guid":{"rendered":"https:\/\/gpl-love.com\/fr\/produit\/privatecontent-mail-actions-addon\/"},"modified":"2026-04-10T18:37:01","modified_gmt":"2026-04-10T16:37:01","slug":"privatecontent-mail-actions-addon","status":"publish","type":"product","link":"https:\/\/gpl-love.com\/fr\/produit\/privatecontent-mail-actions-addon\/","title":{"rendered":"Private Content Mail Actions Addon 1.9.5"},"content":{"rendered":"<h3>Private Content Mail Actions Addon Traits<\/h3>\n<p>Le contenu priv\u00e9 des actions de courrier addon est une application logicielle tr\u00e8s robuste qui permet aux utilisateurs la possibilit\u00e9 de maintenir les plus grands niveaux de s\u00e9curit\u00e9 et de s\u00e9curit\u00e9 pour leurs communications par e-mail. En utilisant cet addon, les individus peuvent crypter sans effort leurs e-mails et pi\u00e8ces jointes, les prot\u00e9geant ainsi contre tout acc\u00e8s non autoris\u00e9. En outre, cet addon accorde aux utilisateurs la possibilit\u00e9 d&rsquo;\u00e9tablir et de mettre en \u0153uvre des r\u00e8gles personnalis\u00e9es pour le chiffrement automatique des messages, ce qui le rend un atout inestimable pour les entreprises et les organisations qui g\u00e8rent r\u00e9guli\u00e8rement des informations tr\u00e8s sensibles et confidentielles. De plus, l&rsquo;addon de Mail Actions de contenu priv\u00e9 poss\u00e8de une gamme de fonctionnalit\u00e9s avantageuses, y compris un \u00e9diteur d&rsquo;image int\u00e9gr\u00e9, des mod\u00e8les personnalisables et un suivi des e-mails automatis\u00e9. Ainsi, que l&rsquo;on cherche \u00e0 fortifier la confidentialit\u00e9 de leurs correspondances personnelles ou \u00e0 am\u00e9liorer la protection de leurs communications commerciales, l&rsquo;addon des actions de messagerie de contenu priv\u00e9 sert d&rsquo;outil indispensable, capable d&rsquo;aider efficacement les individus \u00e0 atteindre leurs objectifs souhait\u00e9s.<\/p>\n<ul>\n<li>Permet aux utilisateurs d&rsquo;envoyer facilement du contenu priv\u00e9 par e-mail<\/li>\n<li>Fournit un partage s\u00e9curis\u00e9 d&rsquo;informations sensibles<\/li>\n<li>Prend en charge plusieurs types de fichiers, y compris des documents, des images et des vid\u00e9os<\/li>\n<li>Peut \u00eatre int\u00e9gr\u00e9 \u00e0 divers fournisseurs de messagerie, notamment Gmail, Outlook et Yahoo<\/li>\n<li>Permet aux utilisateurs d&rsquo;ajouter des messages personnalisables et des lignes d&rsquo;objet \u00e0 leurs e-mails<\/li>\n<li>Compatible avec des navigateurs populaires tels que Chrome, Firefox et Safari<\/li>\n<li>Interface utilisateur simple et intuitive pour une facilit\u00e9 d&rsquo;utilisation<\/li>\n<li>Gave le temps et \u00e9limine le besoin de services de partage tiers<\/li>\n<li>Fournit une tranquillit\u00e9 d&rsquo;esprit aux utilisateurs qui souhaitent garder leur contenu priv\u00e9 et s\u00e9curis\u00e9.<\/li>\n<\/ul>\n","protected":false},"excerpt":{"rendered":"<p>Le contenu priv\u00e9 Addine Addon propose une solution r\u00e9volutionnaire et de pointe qui rationalise la gestion du contenu priv\u00e9 dans votre bo\u00eete de r\u00e9ception, vous accordant une facilit\u00e9 et une efficacit\u00e9 in\u00e9gal\u00e9es. En int\u00e9grant cet addon dans votre syst\u00e8me de messagerie, vous gagnez la possibilit\u00e9 de transmettre rapidement et de dire en toute s\u00e9curit\u00e9, de r\u00e9pondre ou d&rsquo;envoyer votre contenu priv\u00e9 aux adresses e-mail d\u00e9sign\u00e9es, d&rsquo;\u00e9liminer compl\u00e8tement toutes les complications ou pr\u00e9occupations inutiles. De plus, cet outil remarquable pr\u00e9sente une pl\u00e9thore d&rsquo;options adaptables pour renforcer la s\u00e9curit\u00e9 et la protection de votre contenu pr\u00e9cieux, tout en vous offrant simultan\u00e9ment la libert\u00e9 d&rsquo;adapter vos mod\u00e8les de messagerie pour s&rsquo;aligner parfaitement avec vos pr\u00e9f\u00e9rences individualis\u00e9es. Par cons\u00e9quent, que vous soyez un entrepreneur commercial astucieux ou que vous ne d\u00e9fendiez pas la protection de la vie priv\u00e9e, cet addon appara\u00eet invariablement comme un atout indispensable dans votre formidable arsenal de ressources de gestion des e-mails.<\/p>\n","protected":false},"featured_media":145021,"comment_status":"open","ping_status":"open","template":"","meta":[],"product_brand":[2435],"product_cat":[1189,1181,1186],"product_tag":[1231],"class_list":{"0":"post-118756","1":"product","2":"type-product","3":"status-publish","4":"has-post-thumbnail","6":"product_brand-codecanyon","7":"product_cat-personnalisation","8":"product_cat-plugins","9":"product_cat-wordpress-plugins","10":"product_tag-codecanyon","11":"member-discount","12":"discount-restricted","14":"first","15":"instock","16":"sale","17":"downloadable","18":"virtual","19":"sold-individually","20":"purchasable","21":"product-type-simple"},"_links":{"self":[{"href":"https:\/\/gpl-love.com\/fr\/wp-json\/wp\/v2\/product\/118756","targetHints":{"allow":["GET"]}}],"collection":[{"href":"https:\/\/gpl-love.com\/fr\/wp-json\/wp\/v2\/product"}],"about":[{"href":"https:\/\/gpl-love.com\/fr\/wp-json\/wp\/v2\/types\/product"}],"replies":[{"embeddable":true,"href":"https:\/\/gpl-love.com\/fr\/wp-json\/wp\/v2\/comments?post=118756"}],"wp:featuredmedia":[{"embeddable":true,"href":"https:\/\/gpl-love.com\/fr\/wp-json\/wp\/v2\/media\/145021"}],"wp:attachment":[{"href":"https:\/\/gpl-love.com\/fr\/wp-json\/wp\/v2\/media?parent=118756"}],"wp:term":[{"taxonomy":"product_brand","embeddable":true,"href":"https:\/\/gpl-love.com\/fr\/wp-json\/wp\/v2\/product_brand?post=118756"},{"taxonomy":"product_cat","embeddable":true,"href":"https:\/\/gpl-love.com\/fr\/wp-json\/wp\/v2\/product_cat?post=118756"},{"taxonomy":"product_tag","embeddable":true,"href":"https:\/\/gpl-love.com\/fr\/wp-json\/wp\/v2\/product_tag?post=118756"}],"curies":[{"name":"wp","href":"https:\/\/api.w.org\/{rel}","templated":true}]}}