{"id":118754,"date":"2022-01-22T00:00:00","date_gmt":"2022-01-21T23:00:00","guid":{"rendered":"https:\/\/gpl-love.com\/fr\/produit\/super-forms-paypal-add-on\/"},"modified":"2026-04-10T18:41:37","modified_gmt":"2026-04-10T16:41:37","slug":"super-forms-paypal-add-on","status":"publish","type":"product","link":"https:\/\/gpl-love.com\/fr\/produit\/super-forms-paypal-add-on\/","title":{"rendered":"Super Forms PayPal Add-on 1.5.1"},"content":{"rendered":"<h3>Super Forms PayPal Add-on Traits<\/h3>\n<p>Les super formulaires PayPal compl\u00e9mentaire poss\u00e8dent un r\u00e9pertoire impressionnant de fonctionnalit\u00e9s qui permettent aux utilisateurs d&rsquo;int\u00e9grer de mani\u00e8re transparente les options de paiement PayPal dans leur plate-forme Super Forms, ce qui leur permet de concevoir sans effort des formulaires personnalis\u00e9s et de faciliter les transactions de paiement en douceur. Ce module compl\u00e9mentaire exceptionnel regorge d&rsquo;une multitude de fonctionnalit\u00e9s, telles que la possibilit\u00e9 de personnaliser les champs de paiement, d&rsquo;offrir plusieurs alternatives de paiement et de g\u00e9rer efficacement les transactions. De plus, il offre un soutien \u00e0 un \u00e9ventail de devises \u00e9tendu, ce qui le rend particuli\u00e8rement avantageux pour les entreprises ayant une pr\u00e9sence mondiale. En tirant parti du module compl\u00e9mentaire PayPal Super Forms, les utilisateurs peuvent \u00e9tablir un syst\u00e8me de paiement sophistiqu\u00e9 qui garantit la plus grande s\u00e9curit\u00e9 et fiabilit\u00e9 pour leur client\u00e8le estim\u00e9e. Par cons\u00e9quent, il appara\u00eet comme une solution exemplaire pour les entreprises d\u00e9sireuses de rationaliser leurs processus de paiement et d&rsquo;am\u00e9liorer l&rsquo;exp\u00e9rience client globale.<\/p>\n<ul>\n<li>Int\u00e9grez de mani\u00e8re transparente les paiements PayPal dans les super formes<\/li>\n<li>Ajouter facilement les options de paiement PayPal \u00e0 n&rsquo;importe quel formulaire dans les super formulaires<\/li>\n<li>Personnaliser les options de paiement et les champs pour r\u00e9pondre \u00e0 vos besoins sp\u00e9cifiques<\/li>\n<li>Rationalisez le processus de paiement de vos clients avec une passerelle de paiement s\u00e9curis\u00e9e et fiable<\/li>\n<li>Acceptez plusieurs devises et m\u00e9thodes de paiement, y compris les cartes de cr\u00e9dit et les soldes PayPal<\/li>\n<li>Donn\u00e9es sur les transactions et l&rsquo;historique de paiement d&rsquo;acc\u00e8s dans le tableau de bord Super Forms<\/li>\n<li>Recevoir des notifications de paiement en temps r\u00e9el et des confirmations automatis\u00e9es pour les transactions r\u00e9ussies<\/li>\n<li>Profitez du support client de premier ordre et des mises \u00e0 jour r\u00e9guli\u00e8res pour maintenir votre int\u00e9gration en douceur.<\/li>\n<\/ul>\n","protected":false},"excerpt":{"rendered":"<p>Con\u00e7u avec une fonctionnalit\u00e9 conviviale \u00e0 l&rsquo;esprit, le module compl\u00e9mentaire PayPal Super Forms appara\u00eet comme un plugin sans effort, vous accordant la possibilit\u00e9 d&rsquo;incorporer de mani\u00e8re transparente les paiements PayPal dans vos super formulaires. Remarquablement polyvalent, cet outil poss\u00e8de la capacit\u00e9 de g\u00e9rer les paiements ponctuels et r\u00e9currents, vous offrant un niveau d&rsquo;autorit\u00e9 complet sur vos transactions. De plus, cet outil incroyable prend en charge de nombreuses monnaies, vous permettant de r\u00e9pondre \u00e0 une gamme diversifi\u00e9e de clients. En fournissant des pages de paiement personnalis\u00e9es et en mettant en \u0153uvre des mesures de s\u00e9curit\u00e9 sophistiqu\u00e9es, ce module compl\u00e9mentaire garantit la plus grande sauvegarde des informations sensibles de vos clients. Quelle que soit l&rsquo;\u00e9chelle de votre entreprise en ligne, qu&rsquo;il s&rsquo;agisse d&rsquo;une boutique en ligne modeste ou d&rsquo;une aventure tentaculaire de commerce \u00e9lectronique, le compl\u00e9ment PayPal Super Forms se pr\u00e9sente comme la solution ultime, rationalisant le processus d&rsquo;int\u00e9gration des syst\u00e8mes de paiement s\u00e9curis\u00e9s et fiables dans votre site Web , vous \u00e9pargnant ainsi les complications et les frustrations inutiles.<\/p>\n","protected":false},"featured_media":145416,"comment_status":"open","ping_status":"open","template":"","meta":[],"product_brand":[2665],"product_cat":[1253,1181,1186],"product_tag":[1363],"class_list":{"0":"post-118754","1":"product","2":"type-product","3":"status-publish","4":"has-post-thumbnail","6":"product_brand-super-forms","7":"product_cat-paiement","8":"product_cat-plugins","9":"product_cat-wordpress-plugins","10":"product_tag-super-forms","11":"member-discount","12":"discount-restricted","14":"first","15":"instock","16":"sale","17":"downloadable","18":"virtual","19":"sold-individually","20":"purchasable","21":"product-type-simple"},"_links":{"self":[{"href":"https:\/\/gpl-love.com\/fr\/wp-json\/wp\/v2\/product\/118754","targetHints":{"allow":["GET"]}}],"collection":[{"href":"https:\/\/gpl-love.com\/fr\/wp-json\/wp\/v2\/product"}],"about":[{"href":"https:\/\/gpl-love.com\/fr\/wp-json\/wp\/v2\/types\/product"}],"replies":[{"embeddable":true,"href":"https:\/\/gpl-love.com\/fr\/wp-json\/wp\/v2\/comments?post=118754"}],"wp:featuredmedia":[{"embeddable":true,"href":"https:\/\/gpl-love.com\/fr\/wp-json\/wp\/v2\/media\/145416"}],"wp:attachment":[{"href":"https:\/\/gpl-love.com\/fr\/wp-json\/wp\/v2\/media?parent=118754"}],"wp:term":[{"taxonomy":"product_brand","embeddable":true,"href":"https:\/\/gpl-love.com\/fr\/wp-json\/wp\/v2\/product_brand?post=118754"},{"taxonomy":"product_cat","embeddable":true,"href":"https:\/\/gpl-love.com\/fr\/wp-json\/wp\/v2\/product_cat?post=118754"},{"taxonomy":"product_tag","embeddable":true,"href":"https:\/\/gpl-love.com\/fr\/wp-json\/wp\/v2\/product_tag?post=118754"}],"curies":[{"name":"wp","href":"https:\/\/api.w.org\/{rel}","templated":true}]}}