{"id":118752,"date":"2022-01-22T00:00:00","date_gmt":"2022-01-21T23:00:00","guid":{"rendered":"https:\/\/gpl-love.com\/fr\/produit\/super-forms-csv-attachment-add-on\/"},"modified":"2026-04-10T18:41:32","modified_gmt":"2026-04-10T16:41:32","slug":"super-forms-csv-attachment-add-on","status":"publish","type":"product","link":"https:\/\/gpl-love.com\/fr\/produit\/super-forms-csv-attachment-add-on\/","title":{"rendered":"Super Forms CSV Attachment Add-on 1.4.1"},"content":{"rendered":"<h3>Super Forms CSV Attachment Add-on Traits<\/h3>\n<p>Le module compl\u00e9mentaire de la pi\u00e8ce jointe de CSV Forms se pr\u00e9sente comme un outil hautement capable et puissant, offrant aux utilisateurs la commodit\u00e9 de l&rsquo;exportation et de l&rsquo;attachement sans effort d\u00e9riv\u00e9es de leurs super formulaires vers un fichier CSV. Ce module compl\u00e9mentaire remarquable rationalise le processus d&rsquo;accumulation d&rsquo;informations \u00e0 partir de formulaires et de l&rsquo;int\u00e9grer de mani\u00e8re transparente \u00e0 divers syst\u00e8mes, tels que des feuilles de calcul ou des bases de donn\u00e9es. En entreprenant simplement quelques clics, les utilisateurs peuvent configurer leur formulaire pour exporter automatiquement les donn\u00e9es dans un fichier CSV, permettant par la suite ledit fichier d&rsquo;\u00eatre ajout\u00e9 \u00e0 un e-mail et rapidement exp\u00e9di\u00e9 aux destinataires appropri\u00e9s. Le compl\u00e9ment de l&rsquo;attaquant CSV de CSV Forms est une r\u00e9solution id\u00e9ale pour les entreprises et les \u00e9tablissements n\u00e9cessitant la collecte et l&rsquo;organisation et l&rsquo;organisation efficaces de donn\u00e9es substantielles.<\/p>\n<ul>\n<li>Joindre facilement les fichiers CSV \u00e0 vos soumissions de super formulaires<\/li>\n<li>Am\u00e9liorer la collecte et l&rsquo;organisation des donn\u00e9es<\/li>\n<li>Gagnez du temps en automatisant le processus manuel de t\u00e9l\u00e9chargement des fichiers CSV<\/li>\n<li>Compatible avec les logiciels et les applications populaires, tels que Excel et Google Sheets<\/li>\n<li>Personnalisez les pi\u00e8ces jointes de fichiers pour correspondre \u00e0 votre marque et \u00e0 votre conception<\/li>\n<li>Augmentez la pr\u00e9cision et l&rsquo;exhaustivit\u00e9 de vos donn\u00e9es en permettant aux utilisateurs de t\u00e9l\u00e9charger directement les fichiers CSV<\/li>\n<li>Rationalisez votre flux de travail et am\u00e9liorez la productivit\u00e9<\/li>\n<li>Interface utilisateur astucieuse facile \u00e0 utiliser et personnalisable<\/li>\n<li>G\u00e9rer les donn\u00e9es en toute s\u00e9curit\u00e9 avec des fonctionnalit\u00e9s de protection des donn\u00e9es robustes<\/li>\n<li>Excellent support client pour vous assurer de tirer le meilleur parti du produit.<\/li>\n<\/ul>\n","protected":false},"excerpt":{"rendered":"<p>Le module compl\u00e9mentaire de la pi\u00e8ce jointe CSV Forms est un outil incroyablement robuste et tr\u00e8s efficace qui vous offre la capacit\u00e9 transparente pour exporter sans effort les soumissions de formulaires au format CSV et les attacher facilement aux e-mails. Ce module compl\u00e9mentaire remarquable vous permet d&rsquo;optimiser et de rationaliser votre flux de travail en automatisant parfaitement le processus par ailleurs laborieux d&rsquo;exportation et de r\u00e9partition des soumissions de formulaires aux membres estim\u00e9s de l&rsquo;\u00e9quipe ou aux clients estim\u00e9s. Avec le compl\u00e9ment Inestimable Super Forms CSV Attachement \u00e0 votre disposition, vous obtenez la capacit\u00e9 remarquable d&rsquo;adapter sans effort le format d&rsquo;exportation CSV pour r\u00e9pondre \u00e0 vos pr\u00e9f\u00e9rences uniques, ajouter plusieurs pi\u00e8ces jointes \u00e0 vos e-mails et transmettre sans effort les notifications \u00e0 divers destinataires. Ind\u00e9niablement, cet outil indispensable est une n\u00e9cessit\u00e9 absolue pour les entreprises qui hi\u00e9rarchisent et ch\u00e9rissent une plus grande efficacit\u00e9 et une pr\u00e9cision in\u00e9branlable dans leurs proc\u00e9dures op\u00e9rationnelles \u00e0 multiples facettes.<\/p>\n","protected":false},"featured_media":145407,"comment_status":"open","ping_status":"open","template":"","meta":[],"product_brand":[2665],"product_cat":[1189,1181,1186],"product_tag":[1363],"class_list":{"0":"post-118752","1":"product","2":"type-product","3":"status-publish","4":"has-post-thumbnail","6":"product_brand-super-forms","7":"product_cat-personnalisation","8":"product_cat-plugins","9":"product_cat-wordpress-plugins","10":"product_tag-super-forms","11":"member-discount","12":"discount-restricted","14":"first","15":"instock","16":"sale","17":"downloadable","18":"virtual","19":"sold-individually","20":"purchasable","21":"product-type-simple"},"_links":{"self":[{"href":"https:\/\/gpl-love.com\/fr\/wp-json\/wp\/v2\/product\/118752","targetHints":{"allow":["GET"]}}],"collection":[{"href":"https:\/\/gpl-love.com\/fr\/wp-json\/wp\/v2\/product"}],"about":[{"href":"https:\/\/gpl-love.com\/fr\/wp-json\/wp\/v2\/types\/product"}],"replies":[{"embeddable":true,"href":"https:\/\/gpl-love.com\/fr\/wp-json\/wp\/v2\/comments?post=118752"}],"wp:featuredmedia":[{"embeddable":true,"href":"https:\/\/gpl-love.com\/fr\/wp-json\/wp\/v2\/media\/145407"}],"wp:attachment":[{"href":"https:\/\/gpl-love.com\/fr\/wp-json\/wp\/v2\/media?parent=118752"}],"wp:term":[{"taxonomy":"product_brand","embeddable":true,"href":"https:\/\/gpl-love.com\/fr\/wp-json\/wp\/v2\/product_brand?post=118752"},{"taxonomy":"product_cat","embeddable":true,"href":"https:\/\/gpl-love.com\/fr\/wp-json\/wp\/v2\/product_cat?post=118752"},{"taxonomy":"product_tag","embeddable":true,"href":"https:\/\/gpl-love.com\/fr\/wp-json\/wp\/v2\/product_tag?post=118752"}],"curies":[{"name":"wp","href":"https:\/\/api.w.org\/{rel}","templated":true}]}}