{"id":118750,"date":"2021-10-22T00:00:00","date_gmt":"2021-10-21T22:00:00","guid":{"rendered":"https:\/\/gpl-love.com\/fr\/produit\/super-forms-frontend-register-et-login-add-on\/"},"modified":"2026-03-20T23:38:21","modified_gmt":"2026-03-20T22:38:21","slug":"super-forms-frontend-register-et-login-add-on","status":"publish","type":"product","link":"https:\/\/gpl-love.com\/fr\/produit\/super-forms-frontend-register-et-login-add-on\/","title":{"rendered":"Super Forms Frontend Register et Login Add-on 1.9.1"},"content":{"rendered":"<h3>Super Forms Frontend Register et Login Add-on Traits<\/h3>\n<p>Le SUPER Forms Frontend Register and Connex Add-on offre un niveau de prouesse extraordinaire, offrant aux utilisateurs la plus grande commodit\u00e9 lorsqu&rsquo;il s&rsquo;agit de s&rsquo;inscrire et de se connecter \u00e0 leurs sites Web pr\u00e9f\u00e9r\u00e9s. L&rsquo;inclusion de ce module compl\u00e9mentaire \u00e9vite la t\u00e2che ardue de naviguer dans les proc\u00e9dures de connexion labyrinthique, accordant ainsi un acc\u00e8s frontal aux utilisateurs. Une telle polyvalence rend le plugin adapt\u00e9 \u00e0 une myriade de sites Web, ce qui le rend indispensable aux personnes cherchant \u00e0 rationaliser les proc\u00e9dures de connexion de leurs sites Web. De plus, ce module compl\u00e9mentaire est incroyablement convivial et ne n\u00e9cessite aucune connaissance pr\u00e9alable du codage, ce qui en fait un choix id\u00e9al pour les n\u00e9ophytes qui se lancent dans leur parcours de d\u00e9veloppement Web. Que vous soyez en proie \u00e0 la construction d&rsquo;un nouveau site Web ou que vous cherchez simplement \u00e0 am\u00e9liorer un nouveau Registre et un module compl\u00e9mentaire de connexion de Super Forms Frontend est un outil indispensable qui harmonisera le processus de connexion de votre site Web.<\/p>\n<ul>\n<li>Int\u00e9grez sans effort un syst\u00e8me d&rsquo;enregistrement et de connexion des utilisateurs dans votre site Web \u00e0 l&rsquo;aide de Super Forms<\/li>\n<li>Am\u00e9liorez l&rsquo;exp\u00e9rience utilisateur de votre site Web avec un formulaire de connexion et d&rsquo;inscription \u00e9l\u00e9gant, moderne et personnalisable<\/li>\n<li>Gardez un contr\u00f4le total sur les donn\u00e9es de l&rsquo;utilisateur qui sont collect\u00e9es lors de l&rsquo;enregistrement via des champs personnalisables<\/li>\n<li>Am\u00e9liorer la s\u00e9curit\u00e9 du site Web avec le compteur de r\u00e9sistance du mot de passe et l&rsquo;authentification \u00e0 2 facteurs<\/li>\n<li>Redirigez les utilisateurs vers des pages personnalis\u00e9es lors de l&rsquo;inscription et de la connexion pour une exp\u00e9rience personnalis\u00e9e<\/li>\n<li>Rediriger les utilisateurs vers des pages sp\u00e9cifiques en fonction des r\u00f4les utilisateur, am\u00e9liorant la fonctionnalit\u00e9 du site Web<\/li>\n<li>\u00c9conomisez du temps et des ressources en utilisant l&rsquo;int\u00e9gration pr\u00eate \u00e0 l&#8217;emploi avec des plugins tiers populaires comme WooCommerce, BuddyPress et Armember<\/li>\n<li>Int\u00e9grer les options de connexion des m\u00e9dias sociaux pour r\u00e9duire le frottement des utilisateurs et encourager les inscriptions<\/li>\n<li>Comptez sur la documentation d\u00e9taill\u00e9e et le support client expert pour assurer un processus d&rsquo;int\u00e9gration en douceur.<\/li>\n<\/ul>\n","protected":false},"excerpt":{"rendered":"<p>Le Super Forms Frontend Register and Candin Add-On propose une solution compl\u00e8te pour l&rsquo;incorporation des formulaires d&rsquo;enregistrement et de connexion dans votre site Web. En fournissant une interface simple et conviviale, ce module compl\u00e9mentaire simplifie les proc\u00e9dures d&rsquo;inscription et de connexion, \u00e9liminant la n\u00e9cessit\u00e9 pour les utilisateurs de naviguer loin de leur page actuelle. De plus, vous avez la capacit\u00e9 de personnaliser la conception et la disposition de ces formes, en vous assurant qu&rsquo;ils s&rsquo;alignent de mani\u00e8re transparente sur le th\u00e8me g\u00e9n\u00e9ral de votre site Web. De plus, pendant le processus d&rsquo;enregistrement, vous pouvez recueillir les informations suppl\u00e9mentaires requises aupr\u00e8s des utilisateurs. Le module compl\u00e9mentaire poss\u00e8de \u00e9galement des fonctionnalit\u00e9s avanc\u00e9es telles que Google Recaptcha, la v\u00e9rification par e-mail et l&rsquo;option pour rediriger les utilisateurs vers des pages personnalis\u00e9es, qui contribuent toutes \u00e0 une exp\u00e9rience utilisateur transparente et s\u00e9curis\u00e9e. Par cons\u00e9quent, il est tr\u00e8s conseill\u00e9 d&rsquo;opter pour le registre Frontend Super Forms et le module compl\u00e9mentaire de connexion afin de rationaliser le processus d&rsquo;enregistrement sur votre site Web et d&rsquo;augmenter l&rsquo;exp\u00e9rience utilisateur globale.<\/p>\n","protected":false},"featured_media":145412,"comment_status":"open","ping_status":"open","template":"","meta":[],"product_brand":[2665],"product_cat":[1189,1181,1186],"product_tag":[1363],"class_list":{"0":"post-118750","1":"product","2":"type-product","3":"status-publish","4":"has-post-thumbnail","6":"product_brand-super-forms","7":"product_cat-personnalisation","8":"product_cat-plugins","9":"product_cat-wordpress-plugins","10":"product_tag-super-forms","11":"member-discount","12":"discount-restricted","14":"first","15":"instock","16":"sale","17":"downloadable","18":"virtual","19":"sold-individually","20":"purchasable","21":"product-type-simple"},"_links":{"self":[{"href":"https:\/\/gpl-love.com\/fr\/wp-json\/wp\/v2\/product\/118750","targetHints":{"allow":["GET"]}}],"collection":[{"href":"https:\/\/gpl-love.com\/fr\/wp-json\/wp\/v2\/product"}],"about":[{"href":"https:\/\/gpl-love.com\/fr\/wp-json\/wp\/v2\/types\/product"}],"replies":[{"embeddable":true,"href":"https:\/\/gpl-love.com\/fr\/wp-json\/wp\/v2\/comments?post=118750"}],"wp:featuredmedia":[{"embeddable":true,"href":"https:\/\/gpl-love.com\/fr\/wp-json\/wp\/v2\/media\/145412"}],"wp:attachment":[{"href":"https:\/\/gpl-love.com\/fr\/wp-json\/wp\/v2\/media?parent=118750"}],"wp:term":[{"taxonomy":"product_brand","embeddable":true,"href":"https:\/\/gpl-love.com\/fr\/wp-json\/wp\/v2\/product_brand?post=118750"},{"taxonomy":"product_cat","embeddable":true,"href":"https:\/\/gpl-love.com\/fr\/wp-json\/wp\/v2\/product_cat?post=118750"},{"taxonomy":"product_tag","embeddable":true,"href":"https:\/\/gpl-love.com\/fr\/wp-json\/wp\/v2\/product_tag?post=118750"}],"curies":[{"name":"wp","href":"https:\/\/api.w.org\/{rel}","templated":true}]}}