{"id":118748,"date":"2021-10-18T00:00:00","date_gmt":"2021-10-17T22:00:00","guid":{"rendered":"https:\/\/gpl-love.com\/fr\/produit\/super-forms-signature-add-on\/"},"modified":"2026-03-20T23:38:28","modified_gmt":"2026-03-20T22:38:28","slug":"super-forms-signature-add-on","status":"publish","type":"product","link":"https:\/\/gpl-love.com\/fr\/produit\/super-forms-signature-add-on\/","title":{"rendered":"Super Forms Signature Add-on 1.8.0"},"content":{"rendered":"<h3>Super Forms Signature Add-on Traits<\/h3>\n<p>L&rsquo;add-on Signature Super Forms, qui poss\u00e8de une myriade de fonctionnalit\u00e9s robustes, sert de ressource inestimable pour les utilisateurs qui cherchent \u00e0 augmenter leurs formulaires avec des signatures num\u00e9riques, facilitant ainsi une exp\u00e9rience utilisateur plus enrichie. En raison de son opportunit\u00e9 in\u00e9gal\u00e9e et de sa convivialit\u00e9 sans effort, ce module compl\u00e9mentaire permet aux utilisateurs d&rsquo;optimiser leurs flux de travail et de renforcer la productivit\u00e9 globale. Avec son interface conviviale et sa conception intuitive, m\u00eame les n\u00e9ophytes peuvent plonger sans effort pour utiliser cet outil puissant. En outre, il accorde aux utilisateurs une vaste gamme d&rsquo;options de personnalisation, allant du champ de signature \u00e0 la police et \u00e0 la couleur de la signature elle-m\u00eame. Par cons\u00e9quent, il s&rsquo;agit d&rsquo;un atout indispensable pour les individus qui s&rsquo;efforcent d&rsquo;amplifier l&rsquo;efficacit\u00e9 de leurs formes et de rationaliser leurs processus op\u00e9rationnels.<\/p>\n<ul>\n<li>Cr\u00e9ation de signature facile et rapide pour les formulaires en ligne<\/li>\n<li>Permet des champs de signature personnalisables<\/li>\n<li>Des signatures illimit\u00e9es peuvent \u00eatre collect\u00e9es et stock\u00e9es en toute s\u00e9curit\u00e9<\/li>\n<li>Int\u00e9gration transparente avec le plugin Super Forms<\/li>\n<li>Peut \u00eatre utilis\u00e9 pour divers formulaires tels que des contrats, des inscriptions et des enqu\u00eates<\/li>\n<li>Prend en charge divers types d&rsquo;entr\u00e9es de signature telles que le dessin de souris, l&rsquo;\u00e9cran tactile et le stylet<\/li>\n<li>Fournit une protection par mot de passe pour une s\u00e9curit\u00e9 suppl\u00e9mentaire<\/li>\n<li>Compatible avec tous les principaux navigateurs Web<\/li>\n<li>Offre une vari\u00e9t\u00e9 d&rsquo;options de style pour correspondre \u00e0 n&rsquo;importe quelle conception de site Web<\/li>\n<li>Conception adapt\u00e9e aux mobiles pour les signatures en d\u00e9placement<\/li>\n<li>Fournit une interface claire et conviviale pour les utilisateurs et les administrateurs.<\/li>\n<\/ul>\n","protected":false},"excerpt":{"rendered":"<p>Le compl\u00e9ment de signature des super formulaires d&rsquo;entr\u00e9e est un outil incroyablement robuste et impressionnant qui a \u00e9t\u00e9 m\u00e9ticuleusement con\u00e7u et d\u00e9velopp\u00e9 strat\u00e9giquement avec l&rsquo;objectif principal d&rsquo;am\u00e9liorer et d&rsquo;augmenter consid\u00e9rablement la fonctionnalit\u00e9 globale et l&rsquo;utilit\u00e9 des super formes d&rsquo;entr\u00e9e extr\u00eamement populaires et largement acclam\u00e9es. Il est sp\u00e9cifiquement con\u00e7u et con\u00e7u pour int\u00e9grer de mani\u00e8re transparente et parfaitement int\u00e9gr\u00e9e la technologie de pointe des signatures num\u00e9riques dans vos formulaires, offrant et accordant ainsi aux utilisateurs une m\u00e9thode remarquablement rationalis\u00e9e et acc\u00e9l\u00e9r\u00e9e pour apposer leurs signatures et soumettre d\u00fbment les documents importants et pivots via le Internet, tout en assurant et en prot\u00e9geant les plus grands niveaux de s\u00e9curit\u00e9 et de protection dans le processus. De plus, ce compl\u00e9ment remarquable se vante et affiche un niveau de personnalisation sans pr\u00e9c\u00e9dent, car il accorde aux utilisateurs un acc\u00e8s exclusif \u00e0 un coussin de signature enti\u00e8rement taille Personnalisez et personnalisez leurs signatures au contenu de leur c\u0153ur. En outre, ce module compl\u00e9mentaire r\u00e9volutionnaire fournit \u00e9galement aux utilisateurs un assortiment de fonctionnalit\u00e9s et de fonctionnalit\u00e9s suppl\u00e9mentaires, y compris la possibilit\u00e9 de stocker et de g\u00e9rer efficacement tous les documents sign\u00e9s dans un emplacement singulier et centralis\u00e9, facilitant ainsi les niveaux d&rsquo;organisation et d&rsquo;accessibilit\u00e9 sans pr\u00e9c\u00e9dent. Par cons\u00e9quent, que vous vous trouviez au milieu de la collecte et de l&rsquo;assemblage de signatures pour un large \u00e9ventail de documents juridiquement contraignants et imp\u00e9ratifs, tels que des contrats, des d\u00e9rogations ou toute autre documentation juridique vitale, l&rsquo;entr\u00e9e Super Forms Signature Add-on et rationalise ce processus par ailleurs alambiqu\u00e9 et complexe, tout en assurant et en assurant et en assurant simultan\u00e9ment la conformit\u00e9 compl\u00e8te et in\u00e9branlable et l&rsquo;adh\u00e9sion aux normes et exigences rigoureuses et rigoureuses impos\u00e9es par l&rsquo;industrie dans son ensemble.<\/p>\n","protected":false},"featured_media":145418,"comment_status":"open","ping_status":"open","template":"","meta":[],"product_brand":[2665],"product_cat":[1189,1181,1186],"product_tag":[1363],"class_list":{"0":"post-118748","1":"product","2":"type-product","3":"status-publish","4":"has-post-thumbnail","6":"product_brand-super-forms","7":"product_cat-personnalisation","8":"product_cat-plugins","9":"product_cat-wordpress-plugins","10":"product_tag-super-forms","11":"member-discount","12":"discount-restricted","14":"first","15":"instock","16":"sale","17":"downloadable","18":"virtual","19":"sold-individually","20":"purchasable","21":"product-type-simple"},"_links":{"self":[{"href":"https:\/\/gpl-love.com\/fr\/wp-json\/wp\/v2\/product\/118748","targetHints":{"allow":["GET"]}}],"collection":[{"href":"https:\/\/gpl-love.com\/fr\/wp-json\/wp\/v2\/product"}],"about":[{"href":"https:\/\/gpl-love.com\/fr\/wp-json\/wp\/v2\/types\/product"}],"replies":[{"embeddable":true,"href":"https:\/\/gpl-love.com\/fr\/wp-json\/wp\/v2\/comments?post=118748"}],"wp:featuredmedia":[{"embeddable":true,"href":"https:\/\/gpl-love.com\/fr\/wp-json\/wp\/v2\/media\/145418"}],"wp:attachment":[{"href":"https:\/\/gpl-love.com\/fr\/wp-json\/wp\/v2\/media?parent=118748"}],"wp:term":[{"taxonomy":"product_brand","embeddable":true,"href":"https:\/\/gpl-love.com\/fr\/wp-json\/wp\/v2\/product_brand?post=118748"},{"taxonomy":"product_cat","embeddable":true,"href":"https:\/\/gpl-love.com\/fr\/wp-json\/wp\/v2\/product_cat?post=118748"},{"taxonomy":"product_tag","embeddable":true,"href":"https:\/\/gpl-love.com\/fr\/wp-json\/wp\/v2\/product_tag?post=118748"}],"curies":[{"name":"wp","href":"https:\/\/api.w.org\/{rel}","templated":true}]}}