{"id":118746,"date":"2022-01-22T00:00:00","date_gmt":"2022-01-21T23:00:00","guid":{"rendered":"https:\/\/gpl-love.com\/fr\/produit\/super-forms-mailchimp-add-on\/"},"modified":"2026-04-10T18:41:35","modified_gmt":"2026-04-10T16:41:35","slug":"super-forms-mailchimp-add-on","status":"publish","type":"product","link":"https:\/\/gpl-love.com\/fr\/produit\/super-forms-mailchimp-add-on\/","title":{"rendered":"Super Forms MailChimp Add-on 1.7.3"},"content":{"rendered":"<h3>Super Forms MailChimp Add-on Traits<\/h3>\n<p>Le module compl\u00e9mentaire Super Forms MailChimp, un outil robuste, int\u00e8gre de mani\u00e8re transparente MailChimp aux super formulaires, permettant aux utilisateurs de collecter sans effort les adresses e-mail et d&rsquo;autres informations cruciales des visiteurs de leur site Web et de les incorporer par la suite dans leur liste MailChimp. Il poss\u00e8de une interface conviviale qui simplifie le processus de configuration et de personnalisation des formulaires pour s&rsquo;aligner sur votre marque. De plus, ce module compl\u00e9mentaire offre des fonctionnalit\u00e9s avanc\u00e9es telles que la logique conditionnelle, les formulaires en plusieurs \u00e9tapes et la protection anti-spam, garantissant ainsi l&rsquo;efficacit\u00e9 et la s\u00e9curit\u00e9 de vos formulaires. En tant que tel, il pr\u00e9sente une solution id\u00e9ale pour les entreprises et les organisations de toutes tailles visant \u00e0 rationaliser leurs efforts de marketing par e-mail et \u00e0 \u00e9tendre leur base d&rsquo;abonn\u00e9s.<\/p>\n<ul>\n<li>Le compl\u00e9ment de MailChimp Super Forms int\u00e8gre de mani\u00e8re transparente MailChimp avec votre plugin Super Forms<\/li>\n<li>Synchronise automatiquement les informations utilisateur des soumissions de formulaires \u00e0 votre liste de diffusion MailChimp<\/li>\n<li>Vous permet de personnaliser la carte des champs de formulaire \u00e0 quels champs MailChimp<\/li>\n<li>Prend en charge les options simples et doubles pour votre liste de diffusion<\/li>\n<li>Offre une synchronisation en temps r\u00e9el, donc votre liste MailChimp sera toujours \u00e0 jour avec vos soumissions de super formulaires<\/li>\n<li>Comprend des journaux d\u00e9taill\u00e9s pour suivre toutes les messages d&rsquo;activit\u00e9 et d&rsquo;erreur MailChimp et<\/li>\n<li>Facile \u00e0 installer et \u00e0 configurer, avec des instructions \u00e9tape par \u00e9tape fournies<\/li>\n<li>Compatible avec tous les modules compl\u00e9mentaires et extensions des super formes<\/li>\n<li>Vous gagnez du temps et des tracas en automatisant votre gestion de la liste des e-mails MailChimp \u00e0 partir de votre site Web<\/li>\n<\/ul>\n","protected":false},"excerpt":{"rendered":"<p>Le module compl\u00e9mentaire Super Forms MailChimp, un outil incroyablement puissant, sert de moyen d&rsquo;int\u00e9gration exceptionnel entre vos super formulaires et MailChimp. En utilisant ce module compl\u00e9mentaire, vous pouvez \u00e9tablir sans effort une connexion entre vos formulaires et le compte MailChimp, assurant une collection fluide de pistes et d&rsquo;abonn\u00e9s fluides. Offrant une pl\u00e9thore d&rsquo;options de personnalisation, le module compl\u00e9mentaire vous accorde la possibilit\u00e9 de cueillir \u00e0 la main les champs synchronis\u00e9s et de configurer efficacement le processus de transfert de donn\u00e9es entre Super Forms et MailChimp. Que vous construisiez un formulaire d&rsquo;inscription \u00e0 la newsletter ou un formulaire con\u00e7u \u00e0 des fins de g\u00e9n\u00e9ration de leads, le compl\u00e9ment de MailChimp Super Forms se pr\u00e9sente comme une solution sans effort pour rationaliser vos proc\u00e9dures op\u00e9rationnelles et d\u00e9velopper votre liste d&rsquo;abonn\u00e9s.<\/p>\n","protected":false},"featured_media":145413,"comment_status":"open","ping_status":"open","template":"","meta":[],"product_brand":[2665],"product_cat":[1207,1181,1186],"product_tag":[1363],"class_list":{"0":"post-118746","1":"product","2":"type-product","3":"status-publish","4":"has-post-thumbnail","6":"product_brand-super-forms","7":"product_cat-commercialisation-wordpress-plugins","8":"product_cat-plugins","9":"product_cat-wordpress-plugins","10":"product_tag-super-forms","11":"member-discount","12":"discount-restricted","14":"first","15":"instock","16":"sale","17":"downloadable","18":"virtual","19":"sold-individually","20":"purchasable","21":"product-type-simple"},"_links":{"self":[{"href":"https:\/\/gpl-love.com\/fr\/wp-json\/wp\/v2\/product\/118746","targetHints":{"allow":["GET"]}}],"collection":[{"href":"https:\/\/gpl-love.com\/fr\/wp-json\/wp\/v2\/product"}],"about":[{"href":"https:\/\/gpl-love.com\/fr\/wp-json\/wp\/v2\/types\/product"}],"replies":[{"embeddable":true,"href":"https:\/\/gpl-love.com\/fr\/wp-json\/wp\/v2\/comments?post=118746"}],"wp:featuredmedia":[{"embeddable":true,"href":"https:\/\/gpl-love.com\/fr\/wp-json\/wp\/v2\/media\/145413"}],"wp:attachment":[{"href":"https:\/\/gpl-love.com\/fr\/wp-json\/wp\/v2\/media?parent=118746"}],"wp:term":[{"taxonomy":"product_brand","embeddable":true,"href":"https:\/\/gpl-love.com\/fr\/wp-json\/wp\/v2\/product_brand?post=118746"},{"taxonomy":"product_cat","embeddable":true,"href":"https:\/\/gpl-love.com\/fr\/wp-json\/wp\/v2\/product_cat?post=118746"},{"taxonomy":"product_tag","embeddable":true,"href":"https:\/\/gpl-love.com\/fr\/wp-json\/wp\/v2\/product_tag?post=118746"}],"curies":[{"name":"wp","href":"https:\/\/api.w.org\/{rel}","templated":true}]}}