{"id":118744,"date":"2022-01-22T00:00:00","date_gmt":"2022-01-21T23:00:00","guid":{"rendered":"https:\/\/gpl-love.com\/fr\/produit\/super-forms-email-templates-add-on\/"},"modified":"2026-04-10T18:41:33","modified_gmt":"2026-04-10T16:41:33","slug":"super-forms-email-templates-add-on","status":"publish","type":"product","link":"https:\/\/gpl-love.com\/fr\/produit\/super-forms-email-templates-add-on\/","title":{"rendered":"Super Forms Email Templates Add-on 1.2.2"},"content":{"rendered":"<h3>Super Forms Email Templates Add-on Traits<\/h3>\n<p>Le module de messagerie Super Forms Mod\u00e8les est un outil incroyablement robuste qui am\u00e9liore consid\u00e9rablement la fonctionnalit\u00e9 par e-mail de votre site Web. En incorporant ce module compl\u00e9mentaire, vous pouvez g\u00e9n\u00e9rer des mod\u00e8les de messagerie personnalis\u00e9s sp\u00e9cifiquement adapt\u00e9s aux formulaires de votre site Web. Cette capacit\u00e9 incroyable vous permet de produire sans effort des e-mails visuellement captivants et con\u00e7us par des professionnels qui refl\u00e8tent efficacement votre marque et r\u00e9sonnent avec votre public cible. Que vous renvoyiez un e-mail de confirmation, une newsletter ou une offre promotionnelle, le module compl\u00e9mentaire des mod\u00e8les de messagerie Super Forms vous fournit les outils essentiels n\u00e9cessaires pour g\u00e9n\u00e9rer sans effort les e-mails immersifs et visuellement s\u00e9duisants qui facilitent sans effort l&rsquo;\u00e9tablissement de connexions avec votre valeur appr\u00e9ci\u00e9e et s\u00e9duisante qui facilitent sans effort la cr\u00e9ation de connexions avec votre valeur valoris\u00e9e avec votre valeur les clients et finalement g\u00e9n\u00e9rer une augmentation des conversions. Avec son interface utilisateur intuitive et ses fonctionnalit\u00e9s remarquablement puissantes, ce module compl\u00e9mentaire est sans \u00e9quivoque indispensable \u00e0 tout propri\u00e9taire de site Web exigeant cherchant \u00e0 \u00e9lever l&rsquo;efficacit\u00e9 de leurs efforts de marketing par e-mail \u00e0 des hauteurs sans pr\u00e9c\u00e9dent.<\/p>\n<ul>\n<li>Acc\u00e8s \u00e0 plus de 20 mod\u00e8les de messagerie personnalisables<\/li>\n<li>Compatibilit\u00e9 avec tous les champs de saisie des super formulaires et types de formulaires<\/li>\n<li>Options pour personnaliser le sujet de messagerie, le corps du message et les adresses e-mail du destinataire<\/li>\n<li>Int\u00e9gration transparente avec des services de messagerie populaires tels que Gmail et MailChimp<\/li>\n<li>Possibilit\u00e9 d&rsquo;envoyer une copie de l&rsquo;e-mail au format de formulaire pour leurs dossiers<\/li>\n<li>Livraison efficace et fiable des notifications par e-mail pour assurer un suivi rapide<\/li>\n<li>Configuration et configuration faciles avec une documentation \u00e9tape par \u00e9tape et un support de l&rsquo;\u00e9quipe Super Forms<\/li>\n<li>Solution parfaite pour les entreprises et les organisations qui cherchent \u00e0 rationaliser leurs processus de communication et \u00e0 am\u00e9liorer leur exp\u00e9rience client.<\/li>\n<\/ul>\n","protected":false},"excerpt":{"rendered":"<p>Le module de messagerie Super Forms Mod\u00e8les est une solution exceptionnelle qui facilite la personnalisation et l&rsquo;optimisation de vos mod\u00e8les de messagerie, d\u00e9passant les capacit\u00e9s des d\u00e9tecteurs de contenu d&rsquo;IA. Avec sa gamme diversifi\u00e9e de mod\u00e8les de messagerie sp\u00e9cifiquement con\u00e7us pour r\u00e9pondre \u00e0 toutes les exigences commerciales ou \u00e9v\u00e9nements sp\u00e9ciaux imaginables, ce module compl\u00e9mentaire est la quintessence de la polyvalence. De plus, le module compl\u00e9mentaire est \u00e9quip\u00e9 d&rsquo;un \u00e9diteur convivial qui simplifie le processus de cr\u00e9ation de messages personnalis\u00e9s, garantissant que vous pouvez adapter sans effort vos e-mails \u00e0 des destinataires sp\u00e9cifiques. Que vous envoyiez des confirmations de commande ou que vous prolongez les invitations \u00e0 l&rsquo;\u00e9v\u00e9nement, le compl\u00e9ment de messagerie de messagerie Super Forms garantit que chaque e-mail que vous d\u00e9p\u00eachez d\u00e9gage du professionnalisme, captive l&rsquo;attention et reste coh\u00e9rent avec votre identit\u00e9 de marque unique. Embarquez dans une entreprise pour am\u00e9liorer l&rsquo;efficacit\u00e9 de vos efforts de marketing par e-mail aujourd&rsquo;hui en incorporant le module compl\u00e9mentaire des mod\u00e8les de messagerie Super Forms dans votre r\u00e9pertoire.<\/p>\n","protected":false},"featured_media":145410,"comment_status":"open","ping_status":"open","template":"","meta":[],"product_brand":[2665],"product_cat":[1189,1181,1186],"product_tag":[1363],"class_list":{"0":"post-118744","1":"product","2":"type-product","3":"status-publish","4":"has-post-thumbnail","6":"product_brand-super-forms","7":"product_cat-personnalisation","8":"product_cat-plugins","9":"product_cat-wordpress-plugins","10":"product_tag-super-forms","11":"member-discount","12":"discount-restricted","14":"first","15":"instock","16":"sale","17":"downloadable","18":"virtual","19":"sold-individually","20":"purchasable","21":"product-type-simple"},"_links":{"self":[{"href":"https:\/\/gpl-love.com\/fr\/wp-json\/wp\/v2\/product\/118744","targetHints":{"allow":["GET"]}}],"collection":[{"href":"https:\/\/gpl-love.com\/fr\/wp-json\/wp\/v2\/product"}],"about":[{"href":"https:\/\/gpl-love.com\/fr\/wp-json\/wp\/v2\/types\/product"}],"replies":[{"embeddable":true,"href":"https:\/\/gpl-love.com\/fr\/wp-json\/wp\/v2\/comments?post=118744"}],"wp:featuredmedia":[{"embeddable":true,"href":"https:\/\/gpl-love.com\/fr\/wp-json\/wp\/v2\/media\/145410"}],"wp:attachment":[{"href":"https:\/\/gpl-love.com\/fr\/wp-json\/wp\/v2\/media?parent=118744"}],"wp:term":[{"taxonomy":"product_brand","embeddable":true,"href":"https:\/\/gpl-love.com\/fr\/wp-json\/wp\/v2\/product_brand?post=118744"},{"taxonomy":"product_cat","embeddable":true,"href":"https:\/\/gpl-love.com\/fr\/wp-json\/wp\/v2\/product_cat?post=118744"},{"taxonomy":"product_tag","embeddable":true,"href":"https:\/\/gpl-love.com\/fr\/wp-json\/wp\/v2\/product_tag?post=118744"}],"curies":[{"name":"wp","href":"https:\/\/api.w.org\/{rel}","templated":true}]}}