{"id":118742,"date":"2022-01-23T00:00:00","date_gmt":"2022-01-22T23:00:00","guid":{"rendered":"https:\/\/gpl-love.com\/fr\/produit\/super-forms-frontend-posting-add-on\/"},"modified":"2026-04-10T18:41:34","modified_gmt":"2026-04-10T16:41:34","slug":"super-forms-frontend-posting-add-on","status":"publish","type":"product","link":"https:\/\/gpl-love.com\/fr\/produit\/super-forms-frontend-posting-add-on\/","title":{"rendered":"Super Forms Frontend Posting Add-on 1.6.1"},"content":{"rendered":"<h3>Super Forms Frontend Posting Add-on Traits<\/h3>\n<p>Le Super Forms Frontend Publing compl\u00e9ment, un outil indispensable pour tous les propri\u00e9taires de sites Web visant \u00e0 offrir \u00e0 leurs utilisateurs une exp\u00e9rience de publication transparente, prouve sa valeur. En b\u00e9n\u00e9ficiant de ce module compl\u00e9mentaire, les utilisateurs acqui\u00e8rent la possibilit\u00e9 de g\u00e9n\u00e9rer, de modifier et de soumettre des publications directement \u00e0 partir du frontage du site Web, les \u00e9conomisant des tracas de naviguer dans le backend et d&rsquo;\u00e9lever leur exp\u00e9rience globale \u00e0 un plus grand public niveau. Ce qui distingue ce module compl\u00e9mentaire, c&rsquo;est sa remarquable personnalisabilit\u00e9, permettant aux propri\u00e9taires de sites de adapter les champs de formulaire et la conception en fonction de leurs pr\u00e9f\u00e9rences. De plus, son int\u00e9gration en douceur avec le plugin Super Forms assure une compatibilit\u00e9 et une facilit\u00e9 d&rsquo;utilisation optimales. Essentiellement, le compl\u00e9ment de publication Frontend SUPER FORMES rationalise efficacement le processus de publication et am\u00e9liore l&rsquo;exp\u00e9rience utilisateur, ce qui en fait un choix exceptionnel pour tout site Web aspirant \u00e0 augmenter sa fonctionnalit\u00e9.<\/p>\n<ul>\n<li>Permet aux utilisateurs de cr\u00e9er et de soumettre des messages \u00e0 partir du frontend de votre site WordPress<\/li>\n<li>Permet les types de poste et les taxonomies personnalis\u00e9s<\/li>\n<li>Interface glisser-d\u00e9poser intuitive pour la construction de formulaires<\/li>\n<li>Prend en charge la logique conditionnelle pour les champs de formulaire<\/li>\n<li>Obligation \u00e9ventuelle exiger que les utilisateurs se connectent avant de soumettre des messages<\/li>\n<li>Int\u00e9gration avec des plugins populaires comme les champs personnalis\u00e9s avanc\u00e9s et WooCommerce<\/li>\n<li>Notifications par e-mail personnalisables pour les soumissions de formulaires<\/li>\n<li>Protection de spam int\u00e9gr\u00e9e \u00e0 l&rsquo;aide de Google recaptcha<\/li>\n<li>Option pour limiter le nombre de soumissions par utilisateur<\/li>\n<li>Compatible avec n&rsquo;importe quel th\u00e8me et version WordPress -7 ou plus.<\/li>\n<\/ul>\n","protected":false},"excerpt":{"rendered":"<p>Le Super Forms Frontend Publing compl\u00e9mentaire, un outil tr\u00e8s puissant pour WordPress, accorde aux utilisateurs la possibilit\u00e9 de cr\u00e9er et de distribuer des publications directement \u00e0 partir du frontend de leur site Web. Au moyen de ce module compl\u00e9mentaire, les utilisateurs peuvent soumettre sans effort diverses formes de contenu, englobant du mat\u00e9riel textuel, des images et des vid\u00e9os, sans n\u00e9cessiter l&rsquo;acc\u00e8s au backend du site Web. Ce module compl\u00e9mentaire assimile sans effort avec des super formes, facilitant ainsi la personnalisation transparente du formulaire de soumission pour s&rsquo;aligner sur la conception et l&rsquo;image de marque de votre site Web. Par cons\u00e9quent, cela se r\u00e9v\u00e8le \u00eatre une solution id\u00e9ale pour les personnes qui souhaitent accorder \u00e0 leurs utilisateurs une autorit\u00e9 am\u00e9lior\u00e9e sur la cr\u00e9ation et la publication de contenu.<\/p>\n","protected":false},"featured_media":145411,"comment_status":"open","ping_status":"open","template":"","meta":[],"product_brand":[2665],"product_cat":[1189,1181,1186],"product_tag":[1363],"class_list":{"0":"post-118742","1":"product","2":"type-product","3":"status-publish","4":"has-post-thumbnail","6":"product_brand-super-forms","7":"product_cat-personnalisation","8":"product_cat-plugins","9":"product_cat-wordpress-plugins","10":"product_tag-super-forms","11":"member-discount","12":"discount-restricted","14":"first","15":"instock","16":"sale","17":"downloadable","18":"virtual","19":"sold-individually","20":"purchasable","21":"product-type-simple"},"_links":{"self":[{"href":"https:\/\/gpl-love.com\/fr\/wp-json\/wp\/v2\/product\/118742","targetHints":{"allow":["GET"]}}],"collection":[{"href":"https:\/\/gpl-love.com\/fr\/wp-json\/wp\/v2\/product"}],"about":[{"href":"https:\/\/gpl-love.com\/fr\/wp-json\/wp\/v2\/types\/product"}],"replies":[{"embeddable":true,"href":"https:\/\/gpl-love.com\/fr\/wp-json\/wp\/v2\/comments?post=118742"}],"wp:featuredmedia":[{"embeddable":true,"href":"https:\/\/gpl-love.com\/fr\/wp-json\/wp\/v2\/media\/145411"}],"wp:attachment":[{"href":"https:\/\/gpl-love.com\/fr\/wp-json\/wp\/v2\/media?parent=118742"}],"wp:term":[{"taxonomy":"product_brand","embeddable":true,"href":"https:\/\/gpl-love.com\/fr\/wp-json\/wp\/v2\/product_brand?post=118742"},{"taxonomy":"product_cat","embeddable":true,"href":"https:\/\/gpl-love.com\/fr\/wp-json\/wp\/v2\/product_cat?post=118742"},{"taxonomy":"product_tag","embeddable":true,"href":"https:\/\/gpl-love.com\/fr\/wp-json\/wp\/v2\/product_tag?post=118742"}],"curies":[{"name":"wp","href":"https:\/\/api.w.org\/{rel}","templated":true}]}}