{"id":118740,"date":"2022-01-22T00:00:00","date_gmt":"2022-01-21T23:00:00","guid":{"rendered":"https:\/\/gpl-love.com\/fr\/produit\/super-forms-popups-add-on\/"},"modified":"2026-04-10T18:41:38","modified_gmt":"2026-04-10T16:41:38","slug":"super-forms-popups-add-on","status":"publish","type":"product","link":"https:\/\/gpl-love.com\/fr\/produit\/super-forms-popups-add-on\/","title":{"rendered":"Super Forms Popups Add-on 1.7.2"},"content":{"rendered":"<h3>Super Forms Popups Add-on Traits<\/h3>\n<p>Le module compl\u00e9mentaire des super formulaires est un outil incroyablement robuste et efficace qui int\u00e8gre de mani\u00e8re transparente les formulaires contextuels dans le cadre de votre site Web. En utilisant ce module compl\u00e9mentaire remarquable, vous poss\u00e9dez la capacit\u00e9 de g\u00e9n\u00e9rer et de personnaliser sans effort les fen\u00eatres contextuelles qui se mat\u00e9rialisent lorsqu&rsquo;un utilisateur effectue une action sp\u00e9cifique ou oscille leur curseur sur une zone pr\u00e9d\u00e9termin\u00e9e. Ces popups poss\u00e8dent la capacit\u00e9 remarquable pour englober un \u00e9ventail diversifi\u00e9 de formes, telles que des formes de capture de plomb, des formulaires d&rsquo;abonnement \u00e0 newsletter, des enqu\u00eates et bien plus encore. En outre, ce module compl\u00e9mentaire est con\u00e7u avec une interface intuitive et conviviale, garantissant que les individus de tous niveaux peuvent facilement naviguer et exploiter sa vaste gamme d&rsquo;options de personnalisation. Par cons\u00e9quent, vous pouvez harmoniser de mani\u00e8re transparente l&rsquo;esth\u00e9tique visuelle de vos popups avec l&rsquo;identit\u00e9 et l&rsquo;image de marque de votre organisation. En fin de compte, cet outil inestimable facilite l&rsquo;engagement significatif et percutant du public, en plus de vous permettre d&rsquo;\u00e9tendre et de cultiver votre liste de diffusion ou de capturer des donn\u00e9es pivots.<\/p>\n<ul>\n<li>Cr\u00e9ez facilement des fen\u00eatres contextuelles qui attirent l&rsquo;attention pour votre site avec des popups Super Forms<\/li>\n<li>Choisissez parmi plusieurs mod\u00e8les ou cr\u00e9ez votre propre conception pop-up personnalis\u00e9e<\/li>\n<li>Int\u00e9grez \u00e0 divers services de marketing par e-mail, y compris MailChimp et ActiveCampaign<\/li>\n<li>Personnaliser les d\u00e9clencheurs contextuels, tels que l&rsquo;intention de sortie ou le d\u00e9filement de page, pour un timing optimal<\/li>\n<li>Afficher les fen\u00eatres contextuelles sur des pages ou des articles sp\u00e9cifiques \u00e0 l&rsquo;aide d&rsquo;options de ciblage avanc\u00e9es<\/li>\n<li>Analyser les performances pop-up avec des fonctionnalit\u00e9s d&rsquo;analyse int\u00e9gr\u00e9e et de test A \/ B<\/li>\n<li>Mobile optimis\u00e9 pour l&rsquo;affichage pop-up sans couture sur tous les appareils<\/li>\n<li>Enti\u00e8rement compatible avec le plugin Super Forms pour des fonctionnalit\u00e9s et une flexibilit\u00e9 ajout\u00e9es.<\/li>\n<\/ul>\n","protected":false},"excerpt":{"rendered":"<p>Le module compl\u00e9mentaire Super Forms, avec ses fonctionnalit\u00e9s et sa polyvalence exceptionnelles, sert d&rsquo;outil impeccable qui permet aux utilisateurs de fabriquer des fen\u00eatres contextuelles sur leurs sites Web hautement personnalisables et interactifs. Ce module compl\u00e9mentaire remarquable permet aux utilisateurs de fabriquer sans effort des fen\u00eatres qui saisissent sans effort l&rsquo;attention des utilisateurs, de les absorber par des formes interactives et de capturer avec succ\u00e8s des donn\u00e9es inestimables. Que l&rsquo;exigence de son exigence tourne autour de la forge d&rsquo;une fen\u00eatre contextuelle captivante d&rsquo;appel \u00e0 l&rsquo;action, d&rsquo;une fen\u00eatre contextuelle d&rsquo;inscription ou m\u00eame d&rsquo;une fen\u00eatre contextuelle de l&rsquo;enqu\u00eate utilisateur, de la superficie de super compl\u00e9ment rende un support in\u00e9gal\u00e9. Remarquablement, ce module compl\u00e9mentaire est sympathique avec tous les navigateurs avanc\u00e9s et extr\u00eamement sensible, augmentant ainsi les performances globales et l&rsquo;attrait esth\u00e9tique des sites Web. Ne perdez pas de temps et vous lancez dans un voyage impressionnant de g\u00e9n\u00e9ration de popups visuellement frappants en acqu\u00e9rant cet suppl\u00e9ment extraordinaire.<\/p>\n","protected":false},"featured_media":145417,"comment_status":"open","ping_status":"open","template":"","meta":[],"product_brand":[2665],"product_cat":[1207,1181,1186],"product_tag":[1363],"class_list":{"0":"post-118740","1":"product","2":"type-product","3":"status-publish","4":"has-post-thumbnail","6":"product_brand-super-forms","7":"product_cat-commercialisation-wordpress-plugins","8":"product_cat-plugins","9":"product_cat-wordpress-plugins","10":"product_tag-super-forms","11":"member-discount","12":"discount-restricted","14":"first","15":"instock","16":"sale","17":"downloadable","18":"virtual","19":"sold-individually","20":"purchasable","21":"product-type-simple"},"_links":{"self":[{"href":"https:\/\/gpl-love.com\/fr\/wp-json\/wp\/v2\/product\/118740","targetHints":{"allow":["GET"]}}],"collection":[{"href":"https:\/\/gpl-love.com\/fr\/wp-json\/wp\/v2\/product"}],"about":[{"href":"https:\/\/gpl-love.com\/fr\/wp-json\/wp\/v2\/types\/product"}],"replies":[{"embeddable":true,"href":"https:\/\/gpl-love.com\/fr\/wp-json\/wp\/v2\/comments?post=118740"}],"wp:featuredmedia":[{"embeddable":true,"href":"https:\/\/gpl-love.com\/fr\/wp-json\/wp\/v2\/media\/145417"}],"wp:attachment":[{"href":"https:\/\/gpl-love.com\/fr\/wp-json\/wp\/v2\/media?parent=118740"}],"wp:term":[{"taxonomy":"product_brand","embeddable":true,"href":"https:\/\/gpl-love.com\/fr\/wp-json\/wp\/v2\/product_brand?post=118740"},{"taxonomy":"product_cat","embeddable":true,"href":"https:\/\/gpl-love.com\/fr\/wp-json\/wp\/v2\/product_cat?post=118740"},{"taxonomy":"product_tag","embeddable":true,"href":"https:\/\/gpl-love.com\/fr\/wp-json\/wp\/v2\/product_tag?post=118740"}],"curies":[{"name":"wp","href":"https:\/\/api.w.org\/{rel}","templated":true}]}}