{"id":118738,"date":"2022-01-22T00:00:00","date_gmt":"2022-01-21T23:00:00","guid":{"rendered":"https:\/\/gpl-love.com\/fr\/produit\/super-forms-password-protect-et-user-lockout-et-hide-add-on\/"},"modified":"2026-04-10T18:41:37","modified_gmt":"2026-04-10T16:41:37","slug":"super-forms-password-protect-et-user-lockout-et-hide-add-on","status":"publish","type":"product","link":"https:\/\/gpl-love.com\/fr\/produit\/super-forms-password-protect-et-user-lockout-et-hide-add-on\/","title":{"rendered":"Super Forms Password Protect et User Lockout et Hide Add-on 1.4.0"},"content":{"rendered":"<h3>Super Forms Password Protect et User Lockout et Hide Add-on Traits<\/h3>\n<p>Le Super Forms Motway Protect et le verrouillage des utilisateurs et masquer le module compl\u00e9mentaire sont un outil incroyablement robuste qui offre aux propri\u00e9taires de sites Web la possibilit\u00e9 de renforcer consid\u00e9rablement les mesures de s\u00e9curit\u00e9 en place pour leurs formulaires en int\u00e9grant la protection des mots de passe et les fonctionnalit\u00e9s de verrouillage des utilisateurs. Ce module compl\u00e9mentaire, qui a \u00e9t\u00e9 m\u00e9ticuleusement con\u00e7u avec des super formes \u00e0 l&rsquo;esprit, peut se fondre de mani\u00e8re transparente dans une forme existante sans provoquer de perturbation. En tirant parti de la fonction de protection de mot de passe, les utilisateurs peuvent \u00e9tablir un mot de passe unique pour leurs formulaires, garantissant ainsi que seuls ceux qui ont une autorisation explicite peuvent acc\u00e9der \u00e0 des informations sensibles et confidentielles. De plus, la fonctionnalit\u00e9 de verrouillage des utilisateurs permet aux propri\u00e9taires de sites Web d&rsquo;\u00e9tablir une limite finie au nombre de tentatives de connexion, dissuadant efficacement les attaques de force brute malveillante. En plus de ces capacit\u00e9s remarquables, la fonctionnalit\u00e9 compl\u00e9mentaire de Hide contribue \u00e0 la s\u00e9curit\u00e9 globale et \u00e0 la convivialit\u00e9 des formulaires en permettant aux utilisateurs de dissimuler s\u00e9lectivement les champs ou les \u00e9l\u00e9ments sp\u00e9cifiques. En somme, le super mot de passe de mot de passe et le verrouillage des utilisateurs et la masquage du module compl\u00e9mentaire est un outil indispensable qui devrait \u00eatre consid\u00e9r\u00e9 comme une n\u00e9cessit\u00e9 absolue par tout propri\u00e9taire de site Web qui accorde la plus grande importance \u00e0 la pr\u00e9servation de la s\u00e9curit\u00e9 et de la confidentialit\u00e9.<\/p>\n<ul>\n<li>Am\u00e9liore la s\u00e9curit\u00e9 et la confidentialit\u00e9 de votre site Web en ajoutant la fonction de protection de mot de passe<\/li>\n<li>Emp\u00eache l&rsquo;acc\u00e8s non autoris\u00e9 \u00e0 votre site Web en verrouillant les utilisateurs apr\u00e8s un certain nombre de tentatives de connexion rat\u00e9es<\/li>\n<li>Vous permet de masquer des formulaires sp\u00e9cifiques aux utilisateurs qui n&rsquo;ont pas la permission de les afficher ou de les utiliser<\/li>\n<li>Facile \u00e0 installer et \u00e0 utiliser, avec une interface intuitive et des instructions claires<\/li>\n<li>Compatible avec une large gamme de th\u00e8mes et plugins WordPress<\/li>\n<li>R\u00e9guli\u00e8rement mis \u00e0 jour et maintenu pour assurer des performances et une s\u00e9curit\u00e9 optimales<\/li>\n<\/ul>\n","protected":false},"excerpt":{"rendered":"<p>Le Super Forms Motword Protect, le verrouillage des utilisateurs et le module compl\u00e9mentaire est un plugin complet et avanc\u00e9 qui offre des mesures de s\u00e9curit\u00e9 am\u00e9lior\u00e9es pour votre site Web. Avec cet outil puissant, vous pouvez impl\u00e9menter la protection des mots de passe pour vos formulaires, emp\u00eacher un acc\u00e8s non autoris\u00e9 et assurer la confidentialit\u00e9 des informations sensibles. De plus, la fonction de verrouillage de l&rsquo;utilisateur vous permet de bloquer les tentatives de connexion suspectes et malveillantes, prot\u00e9geant votre site \u00e0 partir de menaces potentielles. De plus, le module compl\u00e9mentaire de Hide vous permet de cacher certains \u00e9l\u00e9ments de formulaire, garantissant que seuls les utilisateurs sp\u00e9cifiques leur ont acc\u00e8s. Dans l&rsquo;ensemble, ce module compl\u00e9mentaire fournit une solution de s\u00e9curit\u00e9 robuste et multicouche, garantissant la plus grande protection pour votre site Web et ses pr\u00e9cieuses donn\u00e9es.<\/p>\n","protected":false},"featured_media":145415,"comment_status":"open","ping_status":"open","template":"","meta":[],"product_brand":[2665],"product_cat":[1187,1181,1186],"product_tag":[1363],"class_list":{"0":"post-118738","1":"product","2":"type-product","3":"status-publish","4":"has-post-thumbnail","6":"product_brand-super-forms","7":"product_cat-administration-wordpress-plugins","8":"product_cat-plugins","9":"product_cat-wordpress-plugins","10":"product_tag-super-forms","11":"member-discount","12":"discount-restricted","14":"first","15":"instock","16":"sale","17":"downloadable","18":"virtual","19":"sold-individually","20":"purchasable","21":"product-type-simple"},"_links":{"self":[{"href":"https:\/\/gpl-love.com\/fr\/wp-json\/wp\/v2\/product\/118738","targetHints":{"allow":["GET"]}}],"collection":[{"href":"https:\/\/gpl-love.com\/fr\/wp-json\/wp\/v2\/product"}],"about":[{"href":"https:\/\/gpl-love.com\/fr\/wp-json\/wp\/v2\/types\/product"}],"replies":[{"embeddable":true,"href":"https:\/\/gpl-love.com\/fr\/wp-json\/wp\/v2\/comments?post=118738"}],"wp:featuredmedia":[{"embeddable":true,"href":"https:\/\/gpl-love.com\/fr\/wp-json\/wp\/v2\/media\/145415"}],"wp:attachment":[{"href":"https:\/\/gpl-love.com\/fr\/wp-json\/wp\/v2\/media?parent=118738"}],"wp:term":[{"taxonomy":"product_brand","embeddable":true,"href":"https:\/\/gpl-love.com\/fr\/wp-json\/wp\/v2\/product_brand?post=118738"},{"taxonomy":"product_cat","embeddable":true,"href":"https:\/\/gpl-love.com\/fr\/wp-json\/wp\/v2\/product_cat?post=118738"},{"taxonomy":"product_tag","embeddable":true,"href":"https:\/\/gpl-love.com\/fr\/wp-json\/wp\/v2\/product_tag?post=118738"}],"curies":[{"name":"wp","href":"https:\/\/api.w.org\/{rel}","templated":true}]}}