{"id":118736,"date":"2022-01-22T00:00:00","date_gmt":"2022-01-21T23:00:00","guid":{"rendered":"https:\/\/gpl-love.com\/fr\/produit\/super-forms-mailster-add-on\/"},"modified":"2026-04-10T18:41:36","modified_gmt":"2026-04-10T16:41:36","slug":"super-forms-mailster-add-on","status":"publish","type":"product","link":"https:\/\/gpl-love.com\/fr\/produit\/super-forms-mailster-add-on\/","title":{"rendered":"Super Forms Mailster Add-on 1.3.2"},"content":{"rendered":"<h3>Super Forms Mailster Add-on Traits<\/h3>\n<p>Le compl\u00e9ment de Mailster Super Forms, un outil absolument indispensable pour ceux qui cherchent \u00e0 am\u00e9liorer l&rsquo;efficacit\u00e9 de leurs campagnes de marketing par e-mail, poss\u00e8de la capacit\u00e9 remarquable d&rsquo;int\u00e9grer de mani\u00e8re transparente vos formulaires de contact avec les super formulaires avec la plate-forme de marketing par e-mail Mailster largement utilis\u00e9e. Au moyen de cette int\u00e9gration in\u00e9gal\u00e9e, vous avez la possibilit\u00e9 de capturer sans effort les prospects et les adresses e-mail directement \u00e0 partir de votre site Web, les incorporant ensuite et automatiquement dans vos listes de messagerie MailSter. De plus, la fourniture de messages de confirmation personnalisables et de cases de t\u00e9l\u00e9vision assurez-vous que vos abonn\u00e9s estim\u00e9s restent de mani\u00e8re coh\u00e9rente et de tout c\u0153ur engag\u00e9s. Avec le module compl\u00e9mentaire de Mailster Super Forms \u00e0 votre disposition, vous vous retrouverez \u00e9quip\u00e9 de toutes les ressources requises n\u00e9cessaires pour automatiser et optimiser vos entreprises dans le domaine du marketing par e-mail.<\/p>\n<ul>\n<li>Int\u00e9grez MailSter avec des super formulaires pour les campagnes de marketing par e-mail transparentes<\/li>\n<li>Connectez facilement les super formulaires avec MailSter \u00e0 l&rsquo;aide de touches API<\/li>\n<li>Synchroniser automatiquement les coordonn\u00e9es des super formulaires \u00e0 MailSter<\/li>\n<li>Cibler des groupes sp\u00e9cifiques de clients avec des e-mails personnalis\u00e9s \u00e0 l&rsquo;aide des fonctionnalit\u00e9s de segmentation de MailSter<\/li>\n<li>Personnalisez les mod\u00e8les de messagerie avec l&rsquo;\u00e9diteur de glisser-d\u00e9poser de Mailster<\/li>\n<li>Automatiser les s\u00e9quences de messagerie pour garder les clients engag\u00e9s et augmenter les conversions<\/li>\n<li>Surveiller les performances de la campagne e-mail avec les outils d&rsquo;analyse et de rapport de Mailster<\/li>\n<li>Gagnez du temps et rationalisez votre strat\u00e9gie de marketing par e-mail avec le module compl\u00e9mentaire Super Forms Mailster.<\/li>\n<\/ul>\n","protected":false},"excerpt":{"rendered":"<p>Le module compl\u00e9mentaire de Mailster Super Forms, offrant des capacit\u00e9s profondes, sert d&rsquo;outil inestimable qui rationalise et am\u00e9liore efficacement vos efforts de marketing par e-mail. Utilisez ce compl\u00e9ment remarquable pour acqu\u00e9rir de mani\u00e8re transparente vos super formulaires avec votre compte MailSter, administrant et supervisant ainsi sans effort vos campagnes d&rsquo;e-mail. \u00c0 l&rsquo;aide de ce duo dynamique, vous pouvez fabriquer sans effort les mod\u00e8les de messagerie s\u00e9duisants, superviser sans effort vos abonn\u00e9s et surveiller de mani\u00e8re transparente les performances de vos campagnes. Embrassez le pouvoir extraordinaire des super formes et de Mailster pour accorder \u00e0 vos campagnes de marketing par e-mail un nouveau niveau d&rsquo;\u00e9l\u00e9gance et de sophistication, et se lancez dans ce voyage transformateur aujourd&rsquo;hui!<\/p>\n","protected":false},"featured_media":145414,"comment_status":"open","ping_status":"open","template":"","meta":[],"product_brand":[2665],"product_cat":[1207,1181,1186],"product_tag":[1363],"class_list":{"0":"post-118736","1":"product","2":"type-product","3":"status-publish","4":"has-post-thumbnail","6":"product_brand-super-forms","7":"product_cat-commercialisation-wordpress-plugins","8":"product_cat-plugins","9":"product_cat-wordpress-plugins","10":"product_tag-super-forms","11":"member-discount","12":"discount-restricted","14":"first","15":"instock","16":"sale","17":"downloadable","18":"virtual","19":"sold-individually","20":"purchasable","21":"product-type-simple"},"_links":{"self":[{"href":"https:\/\/gpl-love.com\/fr\/wp-json\/wp\/v2\/product\/118736","targetHints":{"allow":["GET"]}}],"collection":[{"href":"https:\/\/gpl-love.com\/fr\/wp-json\/wp\/v2\/product"}],"about":[{"href":"https:\/\/gpl-love.com\/fr\/wp-json\/wp\/v2\/types\/product"}],"replies":[{"embeddable":true,"href":"https:\/\/gpl-love.com\/fr\/wp-json\/wp\/v2\/comments?post=118736"}],"wp:featuredmedia":[{"embeddable":true,"href":"https:\/\/gpl-love.com\/fr\/wp-json\/wp\/v2\/media\/145414"}],"wp:attachment":[{"href":"https:\/\/gpl-love.com\/fr\/wp-json\/wp\/v2\/media?parent=118736"}],"wp:term":[{"taxonomy":"product_brand","embeddable":true,"href":"https:\/\/gpl-love.com\/fr\/wp-json\/wp\/v2\/product_brand?post=118736"},{"taxonomy":"product_cat","embeddable":true,"href":"https:\/\/gpl-love.com\/fr\/wp-json\/wp\/v2\/product_cat?post=118736"},{"taxonomy":"product_tag","embeddable":true,"href":"https:\/\/gpl-love.com\/fr\/wp-json\/wp\/v2\/product_tag?post=118736"}],"curies":[{"name":"wp","href":"https:\/\/api.w.org\/{rel}","templated":true}]}}