{"id":118734,"date":"2021-11-20T00:00:00","date_gmt":"2021-11-19T23:00:00","guid":{"rendered":"https:\/\/gpl-love.com\/fr\/produit\/super-forms-e-mail-et-appointment-reminders-add-on\/"},"modified":"2026-03-20T23:38:19","modified_gmt":"2026-03-20T22:38:19","slug":"super-forms-e-mail-et-appointment-reminders-add-on","status":"publish","type":"product","link":"https:\/\/gpl-love.com\/fr\/produit\/super-forms-e-mail-et-appointment-reminders-add-on\/","title":{"rendered":"Super Forms E-mail et Appointment Reminders Add-on 1.2.1"},"content":{"rendered":"<h3>Super Forms E-mail et Appointment Reminders Add-on Traits<\/h3>\n<p>Le compl\u00e9ment de rappel des rappels et de rendez-vous de Super Forms, un outil incroyablement robuste, s&rsquo;av\u00e8re extr\u00eamement utile pour les entreprises cherchant \u00e0 maintenir un niveau d&rsquo;organisation \u00e9lev\u00e9 concernant leurs nominations et interactions avec les clients. En utilisant ce compl\u00e9ment de compl\u00e9ment remarquable, les utilisateurs sont en mesure d&rsquo;\u00e9tablir sans effort des rappels de courrier \u00e9lectronique automatis\u00e9s, garantissant ainsi que les clients ne n\u00e9gligent jamais de rendez-vous importants. De plus, ce module compl\u00e9mentaire fournit la commodit\u00e9 de mod\u00e8les personnalisables pour une vari\u00e9t\u00e9 de communications li\u00e9es aux rendez-vous, telles que les confirmations, les annulations et le report des e-mails. Sans aucun doute, le module compl\u00e9mentaire des rappels et des rappels de rendez-vous des formulaires est une n\u00e9cessit\u00e9 absolue pour les entreprises qui s&rsquo;efforcent de rationaliser leurs proc\u00e9dures de planification de rendez-vous et d&rsquo;am\u00e9liorer leur correspondance client globale.<\/p>\n<ul>\n<li>Envoie des rappels par e-mail automatique aux rendez-vous ou aux \u00e9v\u00e9nements<\/li>\n<li>Mod\u00e8les de messagerie personnalisables<\/li>\n<li>Compatible avec les fournisseurs de courriels populaires tels que Gmail, Outlook et Yahoo<\/li>\n<li>Synchronisation automatique avec Google ou Calendrier Outlook<\/li>\n<li>Configuration et configuration faciles<\/li>\n<li>Outil de sauvetage et efficace pour les entreprises ou les particuliers ayant des horaires charg\u00e9s<\/li>\n<li>R\u00e9duit les rendez-vous sans pr\u00e9sentation ou les \u00e9v\u00e9nements manqu\u00e9s<\/li>\n<li>Augmente la satisfaction des clients en les tirant inform\u00e9s et rappelez-vous les engagements \u00e0 venir<\/li>\n<li>\u00c9limine le besoin de rappels manuels ou de suivi<\/li>\n<li>Peut \u00eatre utilis\u00e9 pour diverses industries telles que les soins de sant\u00e9, l&rsquo;\u00e9ducation et les services professionnels.<\/li>\n<\/ul>\n","protected":false},"excerpt":{"rendered":"<p>Le compl\u00e9ment de rappel des rappels et de rendez-vous Super Forms, un outil inestimable con\u00e7u pour aider \u00e0 la maintenance des horaires de rendez-vous et \u00e0 assurer l&rsquo;\u00e9vitement de toutes les r\u00e9unions ou d\u00e9lais manqu\u00e9s, est une solution optimale. \u00c9quip\u00e9e de ce formidable module compl\u00e9mentaire, la cr\u00e9ation de rappels de messagerie personnalis\u00e9s pour tous les engagements et t\u00e2ches devient un processus transparent, r\u00e9sultant en une approche in\u00e9branlable et astucieusement efficace. Que l&rsquo;on soit un professionnel inond\u00e9 de responsabilit\u00e9s qui aspirent \u00e0 l&rsquo;harmonie organisationnelle ou \u00e0 un \u00e9tudiant aux prises avec les exigences incessantes d&rsquo;un calendrier anim\u00e9, les super-formes par e-mail et les rappels de rendez-vous sert d&rsquo;instrument indispensable qui favorise la productivit\u00e9 et cultive un commandement inassable au-dessus de ses affaires. Ainsi, contempler ses m\u00e9rites est un exercice futilit\u00e9, car des mesures imm\u00e9diates doivent \u00eatre prises pour se lancer dans un voyage transformateur qui promet de responsabiliser et de lib\u00e9rer. Perdre plus de temps; Embarquez dans cette exp\u00e9dition transformatrice aujourd&rsquo;hui et prenez les r\u00eanes de votre existence!<\/p>\n","protected":false},"featured_media":145409,"comment_status":"open","ping_status":"open","template":"","meta":[],"product_brand":[2665],"product_cat":[1189,1181,1186],"product_tag":[1363],"class_list":{"0":"post-118734","1":"product","2":"type-product","3":"status-publish","4":"has-post-thumbnail","6":"product_brand-super-forms","7":"product_cat-personnalisation","8":"product_cat-plugins","9":"product_cat-wordpress-plugins","10":"product_tag-super-forms","11":"member-discount","12":"discount-restricted","14":"first","15":"instock","16":"sale","17":"downloadable","18":"virtual","19":"sold-individually","20":"purchasable","21":"product-type-simple"},"_links":{"self":[{"href":"https:\/\/gpl-love.com\/fr\/wp-json\/wp\/v2\/product\/118734","targetHints":{"allow":["GET"]}}],"collection":[{"href":"https:\/\/gpl-love.com\/fr\/wp-json\/wp\/v2\/product"}],"about":[{"href":"https:\/\/gpl-love.com\/fr\/wp-json\/wp\/v2\/types\/product"}],"replies":[{"embeddable":true,"href":"https:\/\/gpl-love.com\/fr\/wp-json\/wp\/v2\/comments?post=118734"}],"wp:featuredmedia":[{"embeddable":true,"href":"https:\/\/gpl-love.com\/fr\/wp-json\/wp\/v2\/media\/145409"}],"wp:attachment":[{"href":"https:\/\/gpl-love.com\/fr\/wp-json\/wp\/v2\/media?parent=118734"}],"wp:term":[{"taxonomy":"product_brand","embeddable":true,"href":"https:\/\/gpl-love.com\/fr\/wp-json\/wp\/v2\/product_brand?post=118734"},{"taxonomy":"product_cat","embeddable":true,"href":"https:\/\/gpl-love.com\/fr\/wp-json\/wp\/v2\/product_cat?post=118734"},{"taxonomy":"product_tag","embeddable":true,"href":"https:\/\/gpl-love.com\/fr\/wp-json\/wp\/v2\/product_tag?post=118734"}],"curies":[{"name":"wp","href":"https:\/\/api.w.org\/{rel}","templated":true}]}}