{"id":118732,"date":"2022-01-22T00:00:00","date_gmt":"2022-01-21T23:00:00","guid":{"rendered":"https:\/\/gpl-love.com\/fr\/produit\/super-forms-zapier-add-on\/"},"modified":"2026-04-10T18:41:40","modified_gmt":"2026-04-10T16:41:40","slug":"super-forms-zapier-add-on","status":"publish","type":"product","link":"https:\/\/gpl-love.com\/fr\/produit\/super-forms-zapier-add-on\/","title":{"rendered":"Super Forms Zapier Add-on 1.3.2"},"content":{"rendered":"<h3>Super Forms Zapier Add-on Traits<\/h3>\n<p>Le module compl\u00e9mentaire Super Forms Zapier, un outil tr\u00e8s indispensable, sert de moyen de rationaliser les soumissions de formulaires et d&rsquo;automatiser les workflows, ce qui en fait un choix id\u00e9al pour ceux qui cherchent \u00e0 optimiser leurs op\u00e9rations. En tirant parti de ce module compl\u00e9mentaire, les utilisateurs acqui\u00e8rent la flexibilit\u00e9 pour int\u00e9grer de mani\u00e8re transparente leurs super formulaires \u00e0 Zapier, un outil d&rsquo;automatisation remarquablement influent qui poss\u00e8de la connectivit\u00e9 avec un vaste r\u00e9seau de plus de 2 000 applications. Gr\u00e2ce \u00e0 cette int\u00e9gration, les utilisateurs d\u00e9bloquent la capacit\u00e9 d&rsquo;\u00e9tablir des workflows automatis\u00e9s qui incitent les actions dans diverses autres applications, englobant, mais sans s&rsquo;y limiter, la transmission des e-mails, les mises \u00e0 jour de la feuille de calcul et la cr\u00e9ation de t\u00e2ches fra\u00eeches. En outre, le module compl\u00e9mentaire Super Forms Zapier offre aux utilisateurs une configuration et une convivialit\u00e9 simples, compl\u00e9t\u00e9es par une vaste gamme de mod\u00e8les pr\u00e9configur\u00e9s con\u00e7us pour acc\u00e9l\u00e9rer les efforts de configuration initiaux des utilisateurs. Que l&rsquo;on s&rsquo;identifie comme un professionnel du marketing, un entrepreneur ou un d\u00e9veloppeur de logiciels, ce module compl\u00e9mentaire appara\u00eet sans aucun doute comme un atout indispensable pour ceux qui aspirent \u00e0 maximiser l&rsquo;efficacit\u00e9 et \u00e0 gagner un temps pr\u00e9cieux.<\/p>\n<ul>\n<li>Int\u00e9grez facilement les super formulaires avec plus de 2 000 applications via Zapier<\/li>\n<li>D\u00e9clencher automatiquement des actions dans d&rsquo;autres applications en fonction des soumissions de super formes<\/li>\n<li>Gagner du temps et augmenter la productivit\u00e9 en automatisant votre flux de travail<\/li>\n<li>Aucune connaissance de codage ou technique requise pour configurer des int\u00e9grations Zapier avec des super formulaires<\/li>\n<li>Options personnalisables pour contr\u00f4ler les soumissions de formulaire qui d\u00e9clenchent quelles actions<\/li>\n<li>Transfert de donn\u00e9es imm\u00e9diat et fiable entre les super formulaires et vos autres applications<\/li>\n<li>Flexible et \u00e9volutif pour r\u00e9pondre aux besoins commerciaux croissants<\/li>\n<li>Prix \u200b\u200babordable pr\u00e9voit d&rsquo;adapter tout budget<\/li>\n<li>\u00c9quipe d&rsquo;assistance r\u00e9active et utile disponible pour aider \u00e0 toute question ou probl\u00e8me<\/li>\n<\/ul>\n","protected":false},"excerpt":{"rendered":"<p>Le module compl\u00e9mentaire Super Forms Zapier, un outil tr\u00e8s puissant, se pr\u00e9sente comme un atout inestimable pour l&rsquo;int\u00e9gration transparente entre vos super formes et Zapier. En utilisant ce module compl\u00e9mentaire, vous ouvrez un monde de possibilit\u00e9s pour connecter sans effort les super formulaires avec une vaste gamme d&rsquo;applications Web, englobant des entit\u00e9s \u00e9minentes telles que les CRM, des outils de marketing par e-mail et de nombreux autres. Que ce soit votre intention de g\u00e9n\u00e9rer de nouveaux prospects au sein de votre CRM, d&rsquo;augmenter votre liste de diffusion par le biais de l&rsquo;ajout d&rsquo;abonn\u00e9s ou d&rsquo;orchestrer des actions automatis\u00e9es en fonction des soumissions de formulaires, assurez-vous que le module compl\u00e9mentaire Super Forms Zapier est votre fid\u00e8le compagnon tout au long de ce processus. Ne perdez pas de temps et vous lancez dans votre voyage pour transcender les limites conventionnelles des super formes aujourd&rsquo;hui!<\/p>\n","protected":false},"featured_media":145420,"comment_status":"open","ping_status":"open","template":"","meta":[],"product_brand":[2665],"product_cat":[1189,1181,1186],"product_tag":[1363],"class_list":{"0":"post-118732","1":"product","2":"type-product","3":"status-publish","4":"has-post-thumbnail","6":"product_brand-super-forms","7":"product_cat-personnalisation","8":"product_cat-plugins","9":"product_cat-wordpress-plugins","10":"product_tag-super-forms","11":"member-discount","12":"discount-restricted","14":"first","15":"instock","16":"sale","17":"downloadable","18":"virtual","19":"sold-individually","20":"purchasable","21":"product-type-simple"},"_links":{"self":[{"href":"https:\/\/gpl-love.com\/fr\/wp-json\/wp\/v2\/product\/118732","targetHints":{"allow":["GET"]}}],"collection":[{"href":"https:\/\/gpl-love.com\/fr\/wp-json\/wp\/v2\/product"}],"about":[{"href":"https:\/\/gpl-love.com\/fr\/wp-json\/wp\/v2\/types\/product"}],"replies":[{"embeddable":true,"href":"https:\/\/gpl-love.com\/fr\/wp-json\/wp\/v2\/comments?post=118732"}],"wp:featuredmedia":[{"embeddable":true,"href":"https:\/\/gpl-love.com\/fr\/wp-json\/wp\/v2\/media\/145420"}],"wp:attachment":[{"href":"https:\/\/gpl-love.com\/fr\/wp-json\/wp\/v2\/media?parent=118732"}],"wp:term":[{"taxonomy":"product_brand","embeddable":true,"href":"https:\/\/gpl-love.com\/fr\/wp-json\/wp\/v2\/product_brand?post=118732"},{"taxonomy":"product_cat","embeddable":true,"href":"https:\/\/gpl-love.com\/fr\/wp-json\/wp\/v2\/product_cat?post=118732"},{"taxonomy":"product_tag","embeddable":true,"href":"https:\/\/gpl-love.com\/fr\/wp-json\/wp\/v2\/product_tag?post=118732"}],"curies":[{"name":"wp","href":"https:\/\/api.w.org\/{rel}","templated":true}]}}