{"id":118730,"date":"2022-01-22T00:00:00","date_gmt":"2022-01-21T23:00:00","guid":{"rendered":"https:\/\/gpl-love.com\/fr\/produit\/super-forms-calculator-add-on\/"},"modified":"2026-04-10T18:41:31","modified_gmt":"2026-04-10T16:41:31","slug":"super-forms-calculator-add-on","status":"publish","type":"product","link":"https:\/\/gpl-love.com\/fr\/produit\/super-forms-calculator-add-on\/","title":{"rendered":"Super Forms Calculator Add-on 2.3.3"},"content":{"rendered":"<h3>Super Forms Calculator Add-on Traits<\/h3>\n<p>Le module compl\u00e9mentaire de la calculatrice de Super Forms appara\u00eet comme un outil indispensable s&rsquo;adressant \u00e0 la fois sur les entreprises et les individus \u00e0 la recherche de calculs complexes sur leurs sites Web. Ce module compl\u00e9mentaire permet aux utilisateurs de modeler des formulaires personnalis\u00e9s englobant des calculs, facilitant ainsi la d\u00e9termination sans effort des co\u00fbts, des remises, des taxes et de nombreuses autres variables. Arborant une interface navigable et centr\u00e9e sur l&rsquo;utilisateur sans effort, le compl\u00e9ment de calculatrice Super Forms s&rsquo;int\u00e8gre de mani\u00e8re transparente dans n&rsquo;importe quel site Web, accordant ainsi aux utilisateurs la possibilit\u00e9 d&rsquo;amasser des donn\u00e9es vitales tout en rationalisant leurs efforts op\u00e9rationnels. En outre, ce module compl\u00e9mentaire poss\u00e8de un \u00e9ventail de fonctionnalit\u00e9s avanc\u00e9es, y compris la logique conditionnelle, des formes de plusieurs pages et des options de style personnalisables, ce qui le rend une solution extraordinairement polyvalente bien adapt\u00e9e \u00e0 une vaste gamme d&rsquo;entreprises ou de particuliers aspirant \u00e0 un calculato-calculat outil.<\/p>\n<ul>\n<li>Un compl\u00e9ment de calculatrice puissant pour les super formulaires, un g\u00e9n\u00e9rateur de formulaires WordPress populaire<\/li>\n<li>Permet aux utilisateurs de cr\u00e9er des calculs et des \u00e9quations complexes sous leurs formulaires<\/li>\n<li>Prend en charge les fonctions math\u00e9matiques de base telles que l&rsquo;addition, la soustraction, la multiplication et la division<\/li>\n<li>Prend \u00e9galement en charge des fonctions plus avanc\u00e9es telles que la moyenne, la m\u00e9diane, le mode, les pourcentages, et plus<\/li>\n<li>Permet d&rsquo;utiliser des variables et une logique conditionnelle pour cr\u00e9er des calculs dynamiques<\/li>\n<li>Offre des options de formatage personnalisables pour l&rsquo;affichage de sortie des calculs<\/li>\n<li>Fournit des mises \u00e0 jour de calcul en temps r\u00e9el lorsque les utilisateurs saisissent les donn\u00e9es dans le formulaire<\/li>\n<li>A une interface conviviale qui facilite la cr\u00e9ation et la gestion des calculs<\/li>\n<li>Offre un excellent support et documentation pour les utilisateurs<\/li>\n<li>Fournit une solution aux entreprises et aux personnes qui ont besoin de collecter et de traiter les donn\u00e9es avec des calculs complexes.<\/li>\n<\/ul>\n","protected":false},"excerpt":{"rendered":"<p>Le module compl\u00e9mentaire de la calculatrice Super Forms, connu pour sa capacit\u00e9 exceptionnelle, donne aux utilisateurs la possibilit\u00e9 d&rsquo;incorporer sans effort des calculs complexes dans leurs formes. En utilisant ce module compl\u00e9mentaire, les utilisateurs peuvent construire des \u00e9quations math\u00e9matiques \u00e9labor\u00e9es qui d\u00e9duisent automatiquement les valeurs saisies par leurs ficheurs de formulaire, ce qui donne des r\u00e9sultats pr\u00e9cis en quelques secondes. Peu importe que l&rsquo;on construise un formulaire de contact rudimentaire ou une calculatrice de tarification \u00e0 multiples facettes, le module compl\u00e9mentaire de la calculatrice Super Forms sert de r\u00e9solution optimale pour int\u00e9grer des calculatrices sophistiqu\u00e9es et des fonctions math\u00e9matiques dans n&rsquo;importe quelle forme avec une plus grande simplicit\u00e9.<\/p>\n","protected":false},"featured_media":145406,"comment_status":"open","ping_status":"open","template":"","meta":[],"product_brand":[2665],"product_cat":[1189,1181,1186],"product_tag":[1363],"class_list":{"0":"post-118730","1":"product","2":"type-product","3":"status-publish","4":"has-post-thumbnail","6":"product_brand-super-forms","7":"product_cat-personnalisation","8":"product_cat-plugins","9":"product_cat-wordpress-plugins","10":"product_tag-super-forms","11":"member-discount","12":"discount-restricted","14":"first","15":"instock","16":"sale","17":"downloadable","18":"virtual","19":"sold-individually","20":"purchasable","21":"product-type-simple"},"_links":{"self":[{"href":"https:\/\/gpl-love.com\/fr\/wp-json\/wp\/v2\/product\/118730","targetHints":{"allow":["GET"]}}],"collection":[{"href":"https:\/\/gpl-love.com\/fr\/wp-json\/wp\/v2\/product"}],"about":[{"href":"https:\/\/gpl-love.com\/fr\/wp-json\/wp\/v2\/types\/product"}],"replies":[{"embeddable":true,"href":"https:\/\/gpl-love.com\/fr\/wp-json\/wp\/v2\/comments?post=118730"}],"wp:featuredmedia":[{"embeddable":true,"href":"https:\/\/gpl-love.com\/fr\/wp-json\/wp\/v2\/media\/145406"}],"wp:attachment":[{"href":"https:\/\/gpl-love.com\/fr\/wp-json\/wp\/v2\/media?parent=118730"}],"wp:term":[{"taxonomy":"product_brand","embeddable":true,"href":"https:\/\/gpl-love.com\/fr\/wp-json\/wp\/v2\/product_brand?post=118730"},{"taxonomy":"product_cat","embeddable":true,"href":"https:\/\/gpl-love.com\/fr\/wp-json\/wp\/v2\/product_cat?post=118730"},{"taxonomy":"product_tag","embeddable":true,"href":"https:\/\/gpl-love.com\/fr\/wp-json\/wp\/v2\/product_tag?post=118730"}],"curies":[{"name":"wp","href":"https:\/\/api.w.org\/{rel}","templated":true}]}}