{"id":118728,"date":"2022-01-22T00:00:00","date_gmt":"2022-01-21T23:00:00","guid":{"rendered":"https:\/\/gpl-love.com\/fr\/produit\/super-forms-woocommerce-checkout-add-on-2\/"},"modified":"2026-04-10T18:41:39","modified_gmt":"2026-04-10T16:41:39","slug":"super-forms-woocommerce-checkout-add-on-2","status":"publish","type":"product","link":"https:\/\/gpl-love.com\/fr\/produit\/super-forms-woocommerce-checkout-add-on-2\/","title":{"rendered":"Super Forms WooCommerce Checkout Add-on 1.9.2"},"content":{"rendered":"<h3>Super Forms WooCommerce Checkout Add-on Traits<\/h3>\n<p>Le compl\u00e9ment \u00e0 la caisse WooCommerce Super Forms se pr\u00e9sente comme un outil tr\u00e8s efficace et efficace sp\u00e9cialement con\u00e7u pour am\u00e9liorer et optimiser le processus de paiement pour votre boutique en ligne estim\u00e9e. Ce plugin remarquable vous offre l&rsquo;occasion inestimable de fa\u00e7onner des formulaires de paiement sur mesure et sur mesure qui sont d\u00e9lib\u00e9r\u00e9ment con\u00e7us pour maximiser les conversions, garantissant ainsi que votre client\u00e8le discern\u00e9e peut se pr\u00e9lasser dans une exp\u00e9rience d&rsquo;achat sans tracas et sans tracas lors de la navigation \u00e0 travers votre E- E- SEMEMED E- Commerce Haven. B\u00e9n\u00e9ficiant d&rsquo;un \u00e9ventail impressionnant de fonctionnalit\u00e9s puissantes et de pointe, telles que la logique conditionnelle, les caisses en plusieurs \u00e9tapes et les champs personnalisables, cet add-on extraordinaire repr\u00e9sente la panac\u00e9e id\u00e9ale pour tout magasin WooCommerce pour amplifier et \u00e9lever leur processus de paiement \u00e0 des niveaux transcendants d&rsquo;excellence. Que votre objectif principal soit d&rsquo;augmenter consid\u00e9rablement vos taux de conversion, d&rsquo;att\u00e9nuer et d&rsquo;am\u00e9liorer le fl\u00e9au de l&rsquo;abandon du panier ou simplement d&rsquo;am\u00e9liorer et d&rsquo;affiner l&rsquo;exp\u00e9rience utilisateur globale, le compl\u00e9ment de caisse de la caisse des Super Forms WooCommerce appara\u00eet comme la solution par excellence \u00e0 tous vos besoins pressants et aspirations.<\/p>\n<ul>\n<li>Int\u00e9gration transparente du plugin Super Forms avec paiement WooCommerce<\/li>\n<li>Interface conviviale pour une personnalisation facile des champs et formulaires de paiement<\/li>\n<li>Capable d&rsquo;ajouter de nouveaux champs \u00e0 la page de paiement pour capturer des donn\u00e9es client sp\u00e9cifiques<\/li>\n<li>Permet une logique conditionnelle bas\u00e9e sur la contribution des utilisateurs pour une exp\u00e9rience d&rsquo;achat plus personnalis\u00e9e<\/li>\n<li>Messages d&rsquo;erreur personnalisables pour les soumissions de formulaires incompl\u00e8tes ou incorrectes<\/li>\n<li>Prend en charge divers types de champs tels que le texte, la s\u00e9lection, la case \u00e0 cocher, les boutons radio, le s\u00e9lecteur de dattes, et plus encore<\/li>\n<li>Int\u00e9gration avec des passerelles de paiement populaires pour les transactions en ligne s\u00e9curis\u00e9es et fiables<\/li>\n<li>Compatible avec les modules compl\u00e9mentaires et extensions populaires de WooCommerce pour une fonctionnalit\u00e9 accrue<\/li>\n<li>Mises \u00e0 jour r\u00e9guli\u00e8res et support client pour un processus de paiement sans tracas.<\/li>\n<\/ul>\n","protected":false},"excerpt":{"rendered":"<p>Le compl\u00e9ment de caisse de la caisse de Super Forms WooCommerce, un plugin indispensable pour les plates-formes de commerce \u00e9lectronique \u00e0 l&rsquo;aide de WooCommerce, offre la possibilit\u00e9 de g\u00e9n\u00e9rer sans effort des formulaires de paiement personnalis\u00e9s qui r\u00e9pondent \u00e0 des exigences sp\u00e9cifiques, am\u00e9liorant ainsi l&rsquo;efficacit\u00e9 de la proc\u00e9dure de paiement et optimisant l&rsquo;exp\u00e9rience utilisateur pour la client\u00e8le . En utilisant ce module compl\u00e9mentaire, on peut incorporer ou \u00e9liminer sans effort les champs, personnaliser l&rsquo;apparence de la page de paiement et m\u00eame cr\u00e9er des champs conditionnels en fonction des s\u00e9lections faites par les clients. Essentiellement, le module compl\u00e9mentaire des Super Forms WooCommerce sert d&rsquo;instrument tr\u00e8s efficace capable de transformer une boutique en ligne ordinaire en une force dominante dans les ventes.<\/p>\n","protected":false},"featured_media":145419,"comment_status":"open","ping_status":"open","template":"","meta":[],"product_brand":[2665],"product_cat":[1182,1223,1181],"product_tag":[1363],"class_list":{"0":"post-118728","1":"product","2":"type-product","3":"status-publish","4":"has-post-thumbnail","6":"product_brand-super-forms","7":"product_cat-commerce-electronique-plugins","8":"product_cat-personnalisation-commerce-electronique-plugins","9":"product_cat-plugins","10":"product_tag-super-forms","11":"member-discount","12":"discount-restricted","14":"first","15":"instock","16":"sale","17":"downloadable","18":"virtual","19":"sold-individually","20":"purchasable","21":"product-type-simple"},"_links":{"self":[{"href":"https:\/\/gpl-love.com\/fr\/wp-json\/wp\/v2\/product\/118728","targetHints":{"allow":["GET"]}}],"collection":[{"href":"https:\/\/gpl-love.com\/fr\/wp-json\/wp\/v2\/product"}],"about":[{"href":"https:\/\/gpl-love.com\/fr\/wp-json\/wp\/v2\/types\/product"}],"replies":[{"embeddable":true,"href":"https:\/\/gpl-love.com\/fr\/wp-json\/wp\/v2\/comments?post=118728"}],"wp:featuredmedia":[{"embeddable":true,"href":"https:\/\/gpl-love.com\/fr\/wp-json\/wp\/v2\/media\/145419"}],"wp:attachment":[{"href":"https:\/\/gpl-love.com\/fr\/wp-json\/wp\/v2\/media?parent=118728"}],"wp:term":[{"taxonomy":"product_brand","embeddable":true,"href":"https:\/\/gpl-love.com\/fr\/wp-json\/wp\/v2\/product_brand?post=118728"},{"taxonomy":"product_cat","embeddable":true,"href":"https:\/\/gpl-love.com\/fr\/wp-json\/wp\/v2\/product_cat?post=118728"},{"taxonomy":"product_tag","embeddable":true,"href":"https:\/\/gpl-love.com\/fr\/wp-json\/wp\/v2\/product_tag?post=118728"}],"curies":[{"name":"wp","href":"https:\/\/api.w.org\/{rel}","templated":true}]}}