{"id":118726,"date":"2023-05-10T00:00:00","date_gmt":"2023-05-09T22:00:00","guid":{"rendered":"https:\/\/gpl-love.com\/fr\/produit\/super-forms-drag-et-drop-form-builder\/"},"modified":"2026-04-10T18:41:32","modified_gmt":"2026-04-10T16:41:32","slug":"super-forms-drag-et-drop-form-builder","status":"publish","type":"product","link":"https:\/\/gpl-love.com\/fr\/produit\/super-forms-drag-et-drop-form-builder\/","title":{"rendered":"Super Forms Drag et Drop Form Builder 6.3.717"},"content":{"rendered":"<h3>Super Forms Drag et Drop Form Builder Traits<\/h3>\n<p>Super Forms Drag and Drop Form Builder est un outil incroyablement puissant qui rationalise consid\u00e9rablement le processus autrement compliqu\u00e9 de cr\u00e9ation de formes personnalis\u00e9es. Cet outil poss\u00e8de une interface remarquablement conviviale, permettant ainsi aux utilisateurs de faire glisser et d\u00e9poser sans effort divers champs afin de fa\u00e7onner leur forme souhait\u00e9e. De plus, ce plugin englobe une vaste gamme d&rsquo;\u00e9l\u00e9ments de forme, qui peuvent tous \u00eatre m\u00e9ticuleusement personnalis\u00e9s pour r\u00e9pondre aux pr\u00e9f\u00e9rences individuelles, et il facilite m\u00eame l&rsquo;int\u00e9gration transparente avec des passerelles de paiement tr\u00e8s populaires comme PayPal et Stripe. De plus, il poss\u00e8de une fonctionnalit\u00e9 connue sous le nom de logique conditionnelle, qui permet aux utilisateurs de construire des formulaires qui s&rsquo;adaptent et se modifient dynamiquement en fonction des r\u00e9ponses fournies par les utilisateurs. Par cons\u00e9quent, gr\u00e2ce aux capacit\u00e9s remarquables du g\u00e9n\u00e9rateur de formulaires Super Forms, les entreprises peuvent sans effort rassembler et g\u00e9rer efficacement une abondance de donn\u00e9es, ce qui en fait un outil indispensable pour tout propri\u00e9taire de site Web exigeant.<\/p>\n<ul>\n<li>Construisez sans effort des formes personnalis\u00e9es et complexes sans aucune connaissance de codage<\/li>\n<li>Interface de glisser-d\u00e9poser intuitive pour une cr\u00e9ation de forme rapide et facile<\/li>\n<li>Champs enti\u00e8rement personnalisables, r\u00e8gles de validation et messages d&rsquo;erreur pour une exp\u00e9rience utilisateur transparente<\/li>\n<li>Choisissez parmi un large \u00e9ventail de mod\u00e8les pr\u00e9-con\u00e7us ou cr\u00e9ez le v\u00f4tre \u00e0 partir de z\u00e9ro<\/li>\n<li>Fournit des outils robustes de gestion et d&rsquo;analyse des donn\u00e9es pour tirer le meilleur parti des soumissions que vous recevez<\/li>\n<li>S&rsquo;int\u00e8gre \u00e0 toutes les principales plateformes de messagerie et de paiement pour rationaliser votre workflow<\/li>\n<li>Formulaires optimis\u00e9s mobiles pour l&rsquo;exp\u00e9rience utilisateur transparent sur tous les appareils<\/li>\n<li>Personnalisez l&rsquo;apparence de vos formulaires pour correspondre \u00e0 votre marque et \u00e0 votre conception de site Web<\/li>\n<li>Int\u00e9grez facilement vos formulaires n&rsquo;importe o\u00f9 sur votre site Web ou vos plateformes de m\u00e9dias sociaux<\/li>\n<li>Prix \u200b\u200bimbattable par rapport aux autres constructeurs de formulaires avec des fonctionnalit\u00e9s similaires.<\/li>\n<\/ul>\n","protected":false},"excerpt":{"rendered":"<p>Super Forms Drag and Drop Form Builder est un outil exceptionnellement r\u00e9volutionnaire qui aide les individus \u00e0 g\u00e9n\u00e9rer des formes esth\u00e9tiquement agr\u00e9ables et tr\u00e8s op\u00e9rationnelles pour leurs sites Web, m\u00eame s&rsquo;ils manquent d&rsquo;expertise en programmation. Gr\u00e2ce \u00e0 l&rsquo;utilisation de son interface de glisser-d\u00e9poser, les individus peuvent personnaliser sans effort les mod\u00e8les de forme pr\u00e9existants ou construire des formes enti\u00e8rement originales \u00e0 partir de z\u00e9ro. Ces formes poss\u00e8dent une conception r\u00e9active et peuvent s&rsquo;int\u00e8gre de mani\u00e8re transparente \u00e0 une pl\u00e9thore de plateformes, englobant les services de marketing par e-mail, les passerelles de paiement et les syst\u00e8mes de gestion de la relation client. Embarquez dans votre voyage avec Super Forms Drag and Drop Form Builder et t\u00e9moin de premi\u00e8re main l&rsquo;am\u00e9lioration sans effort qu&rsquo;il peut apporter \u00e0 la fonctionnalit\u00e9 de votre site Web et \u00e0 l&rsquo;exp\u00e9rience utilisateur globale.<\/p>\n","protected":false},"featured_media":145408,"comment_status":"open","ping_status":"open","template":"","meta":[],"product_brand":[2665],"product_cat":[1191,1181,1186],"product_tag":[1363],"class_list":{"0":"post-118726","1":"product","2":"type-product","3":"status-publish","4":"has-post-thumbnail","6":"product_brand-super-forms","7":"product_cat-formes","8":"product_cat-plugins","9":"product_cat-wordpress-plugins","10":"product_tag-super-forms","11":"member-discount","12":"discount-restricted","14":"first","15":"instock","16":"sale","17":"downloadable","18":"virtual","19":"sold-individually","20":"purchasable","21":"product-type-simple"},"_links":{"self":[{"href":"https:\/\/gpl-love.com\/fr\/wp-json\/wp\/v2\/product\/118726","targetHints":{"allow":["GET"]}}],"collection":[{"href":"https:\/\/gpl-love.com\/fr\/wp-json\/wp\/v2\/product"}],"about":[{"href":"https:\/\/gpl-love.com\/fr\/wp-json\/wp\/v2\/types\/product"}],"replies":[{"embeddable":true,"href":"https:\/\/gpl-love.com\/fr\/wp-json\/wp\/v2\/comments?post=118726"}],"wp:featuredmedia":[{"embeddable":true,"href":"https:\/\/gpl-love.com\/fr\/wp-json\/wp\/v2\/media\/145408"}],"wp:attachment":[{"href":"https:\/\/gpl-love.com\/fr\/wp-json\/wp\/v2\/media?parent=118726"}],"wp:term":[{"taxonomy":"product_brand","embeddable":true,"href":"https:\/\/gpl-love.com\/fr\/wp-json\/wp\/v2\/product_brand?post=118726"},{"taxonomy":"product_cat","embeddable":true,"href":"https:\/\/gpl-love.com\/fr\/wp-json\/wp\/v2\/product_cat?post=118726"},{"taxonomy":"product_tag","embeddable":true,"href":"https:\/\/gpl-love.com\/fr\/wp-json\/wp\/v2\/product_tag?post=118726"}],"curies":[{"name":"wp","href":"https:\/\/api.w.org\/{rel}","templated":true}]}}