{"id":118724,"date":"2023-06-07T00:00:00","date_gmt":"2023-06-06T22:00:00","guid":{"rendered":"https:\/\/gpl-love.com\/fr\/produit\/pw-bogo\/"},"modified":"2026-04-10T18:37:27","modified_gmt":"2026-04-10T16:37:27","slug":"pw-bogo","status":"publish","type":"product","link":"https:\/\/gpl-love.com\/fr\/produit\/pw-bogo\/","title":{"rendered":"PW Woocommerce Bogo Pro 2.174"},"content":{"rendered":"<h3>PW Woocommerce Bogo Pro Traits<\/h3>\n<p>PW WooCommerce Bogo est un plugin extr\u00eamement robuste et formidable qui vous accorde la possibilit\u00e9 remarquable de proposer un achat attrayant, obtenez une offre gratuite sur votre emporium en ligne estim\u00e9. Ce plugin exceptionnel vous permet de fa\u00e7onner et d&rsquo;\u00e9tablir des attentats exclusifs pour votre client\u00e8le estim\u00e9e, propulsant et augmentant ainsi vos ventes lucratives. De plus, ce plugin est impr\u00e9gn\u00e9 d&rsquo;une facilit\u00e9 d&rsquo;installation remarquable, facilitant ainsi un processus de configuration sans couture et sans tracas. De plus, il poss\u00e8de une capacit\u00e9 de personnalisation in\u00e9gal\u00e9e, vous permettant d&rsquo;adapter et d&rsquo;harmoniser son esth\u00e9tique avec l&rsquo;apparence et la convivialit\u00e9 distinctes de votre site Web estim\u00e9. En plus de sa flexibilit\u00e9 remarquable, PW WooCommerce Bogo vous accorde une gamme diversifi\u00e9e de fonctionnalit\u00e9s impressionnantes, y compris, mais sans s&rsquo;y limiter et l&rsquo;option d&rsquo;appliquer la remise \u00e0 l&rsquo;\u00e9l\u00e9ment le plus \u00e9conomique dans une transaction donn\u00e9e. En tirant parti des capacit\u00e9s remarquables de PW WooCommerce Bogo, vous pouvez, sans l&rsquo;ombre d&rsquo;un doute, maximiser votre apport mon\u00e9taire et am\u00e9liorer et affiner simultan\u00e9ment l&rsquo;exp\u00e9rience d&rsquo;achat globale de votre client\u00e8le estim\u00e9e.<\/p>\n<ul>\n<li>Offrez des offres \u00ab\u00a0Acheter One Get One\u00a0\u00bb sur votre boutique WooCommerce en toute simplicit\u00e9<\/li>\n<li>Peut \u00eatre configur\u00e9 pour des produits ou des cat\u00e9gories sp\u00e9cifiques<\/li>\n<li>Permet la personnalisation de la quantit\u00e9 de produits gratuits donn\u00e9s<\/li>\n<li>Applique automatiquement une remise \u00e0 la caisse pour les clients<\/li>\n<li>Compatible avec toutes les passerelles de paiement WooCommerce<\/li>\n<li>Interface conviviale pour une configuration et une gestion faciles<\/li>\n<li>Aide \u00e0 augmenter les ventes et \u00e0 stimuler la fid\u00e9lit\u00e9 des clients gr\u00e2ce \u00e0 des promotions<\/li>\n<li>Mises \u00e0 jour r\u00e9guli\u00e8res et support client de l&rsquo;\u00e9quipe PW<\/li>\n<li>Options de tarification abordables pour toutes les tailles d&rsquo;entreprise<\/li>\n<\/ul>\n","protected":false},"excerpt":{"rendered":"<p>Am\u00e9liorez les performances de vos ventes de commerce \u00e9lectronique en tirant parti des capacit\u00e9s exceptionnelles du plugin PW WooCommerce Bogo. En utilisant cet outil robuste et tr\u00e8s efficace, vous pouvez concevoir et mettre en \u0153uvre sans effort le tr\u00e8s attrayant acheter un, obtenir un (bogo) offres sur votre boutique en ligne estim\u00e9e. Ce plugin de pointe rationalise de mani\u00e8re transparente le processus autrement fastidieux de l&rsquo;\u00e9tablissement et de la supervision de vos promotions BOGO, vous permettant de configurer et de superviser sans effort ces accords immens\u00e9ment lucratifs avec la plus grande commodit\u00e9 et la facilit\u00e9, tous \u00e0 quelques simples clics. D\u00e9verrouillez un monde d&rsquo;opportunit\u00e9s in\u00e9gal\u00e9es pour r\u00e9pondre \u00e0 vos pr\u00e9cieux clients avec des offres \u00e9poustouflantes, augmentant ainsi avec succ\u00e8s vos chiffres de vente \u00e0 des hauteurs sans pr\u00e9c\u00e9dent, gracieuset\u00e9 du plugin extraordinaire de PW WooCommerce Bogo.<\/p>\n","protected":false},"featured_media":145053,"comment_status":"open","ping_status":"open","template":"","meta":[],"product_brand":[2638],"product_cat":[1182,1200,1181],"product_tag":[1553],"class_list":{"0":"post-118724","1":"product","2":"type-product","3":"status-publish","4":"has-post-thumbnail","6":"product_brand-pimwick","7":"product_cat-commerce-electronique-plugins","8":"product_cat-commercialisation","9":"product_cat-plugins","10":"product_tag-pimwick","11":"member-discount","12":"discount-restricted","14":"first","15":"instock","16":"sale","17":"downloadable","18":"virtual","19":"sold-individually","20":"purchasable","21":"product-type-simple"},"_links":{"self":[{"href":"https:\/\/gpl-love.com\/fr\/wp-json\/wp\/v2\/product\/118724","targetHints":{"allow":["GET"]}}],"collection":[{"href":"https:\/\/gpl-love.com\/fr\/wp-json\/wp\/v2\/product"}],"about":[{"href":"https:\/\/gpl-love.com\/fr\/wp-json\/wp\/v2\/types\/product"}],"replies":[{"embeddable":true,"href":"https:\/\/gpl-love.com\/fr\/wp-json\/wp\/v2\/comments?post=118724"}],"wp:featuredmedia":[{"embeddable":true,"href":"https:\/\/gpl-love.com\/fr\/wp-json\/wp\/v2\/media\/145053"}],"wp:attachment":[{"href":"https:\/\/gpl-love.com\/fr\/wp-json\/wp\/v2\/media?parent=118724"}],"wp:term":[{"taxonomy":"product_brand","embeddable":true,"href":"https:\/\/gpl-love.com\/fr\/wp-json\/wp\/v2\/product_brand?post=118724"},{"taxonomy":"product_cat","embeddable":true,"href":"https:\/\/gpl-love.com\/fr\/wp-json\/wp\/v2\/product_cat?post=118724"},{"taxonomy":"product_tag","embeddable":true,"href":"https:\/\/gpl-love.com\/fr\/wp-json\/wp\/v2\/product_tag?post=118724"}],"curies":[{"name":"wp","href":"https:\/\/api.w.org\/{rel}","templated":true}]}}